{"id":4705,"date":"2021-01-27T19:03:38","date_gmt":"2021-01-27T18:03:38","guid":{"rendered":"https:\/\/madelinefashion.pl\/?post_type=product&#038;p=4705"},"modified":"2026-01-15T12:43:38","modified_gmt":"2026-01-15T11:43:38","slug":"kurtka-jeansowa-seven","status":"publish","type":"product","link":"https:\/\/madelinefashion.pl\/en\/product\/kurtka-jeansowa-seven\/","title":{"rendered":"Seven denim jacket"},"content":{"rendered":"<h2 style=\"text-align: center;\">Seven denim jacket<\/h2>\n<p style=\"text-align: center;\"><strong>Seven denim jacket\u00a0 <\/strong>is one of our proposals for the coming spring days. It can be used in any styling, both classic jeans, white t-shirt for everyday outings. <strong>Classic jeans - always fashionable <\/strong>it was combined with the beloved by customers from <strong>abrasions and a fashionable print on the back\u00a0 <\/strong>It is a definite one <strong>must have<\/strong> in every wardrobe! Our jacket is the perfect model for women who love to play with fashion and want to stand out from the crowd. Long sleeves finished with a button, so the sleeves can be rolled up. This model is perfect for <strong>spring, autumn and cooler summer days.<\/strong> Thanks to carefully selected accessories, you can easily create unique stylizations for social events or celebrations. Stand out from the crowd with our denim katana. We recommend combining it <strong>with our <a href=\"https:\/\/madelinefashion.pl\/en\/bluzki-2\/\" target=\"_blank\" rel=\"noopener\">blouses<\/a> and <a href=\"https:\/\/madelinefashion.pl\/en\/casual-clothes\/t-shirty\/\">t-shirts<\/a> !<\/strong> Jacket available in size<strong> S, M, L.<br \/>\n<\/strong><strong><br \/>\n<\/strong><\/p>\n<h2><\/h2>\n<h2 style=\"text-align: center;\">Dimensions:<\/h2>\n<p style=\"text-align: center;\"><strong>S.<\/strong><br \/>\nWidth from armpit to armpit: 2x 54 cm<br \/>\nSleeve length from the shoulder: 49 cm<br \/>\nOverall length: 54 cm<\/p>\n<p style=\"text-align: center;\"><strong>M.<\/strong><br \/>\nWidth from armpit to armpit: 2x 55 cm<br \/>\nSleeve length from the shoulder: 49 cm<br \/>\nOverall length: 54 cm<\/p>\n<p style=\"text-align: center;\"><strong>L.<\/strong><br \/>\nWidth from armpit to armpit: 2x 56 cm<br \/>\nSleeve length from the shoulder: 49 cm<br \/>\nOverall length: 55 cm<\/p>\n<p>&nbsp;<\/p>\n<p style=\"text-align: center;\">Dimensions may slightly differ from the given +\/- 2cm. All dimensions given are measured flat.<\/p>\n<p style=\"text-align: center;\"><span style=\"font-size: 10pt;\">\u00a0<\/span><\/p>\n<p style=\"text-align: center;\"><span style=\"font-size: 10pt;\"><strong>MODEL 168 cm - SIZE S<\/strong><\/span><\/p>\n<p style=\"text-align: center;\"><span style=\"font-size: 10pt;\">\u00a0<\/span><\/p>\n<p style=\"text-align: center;\">","protected":false},"excerpt":{"rendered":"<p>Kurtka Jeansowa Seven Kurtka Jeansowa Seven\u00a0 to jedna z naszych propozycji na nadchodz\u0105ce wiosenne dni. Mo\u017cna j\u0105 wykorzysta\u0107 w ka\u017cdej stylizacji, zar\u00f3wno do klasycznych jeans\u00f3w, bia\u0142ego t-shirtu na codzienne wyj\u015bcia. Klasyczny jeans-zawsze modny po\u0142\u0105czony zosta\u0142 z uwielbianymi przez klientki z przetarciami oraz modnym printem na plecach\u00a0 Jest to zdecydowany must have w ka\u017cdej garderobie! Nasza<\/p>\n<div class=\"klb-readmore post-buttons\"><a class=\"button black outline size-sm\" href=\"https:\/\/madelinefashion.pl\/en\/product\/kurtka-jeansowa-seven\/\">Read More <i class=\"klbth-icon-right-arrow\"><\/i><\/a><\/div>","protected":false},"featured_media":6111,"template":"","meta":[],"product_brand":[],"product_cat":[117],"product_tag":[240,507],"class_list":{"0":"post-4705","1":"product","2":"type-product","3":"status-publish","4":"has-post-thumbnail","6":"product_cat-kurtki","7":"product_tag-jeans","8":"product_tag-kurtka-jeansowa","9":"pa_rozmiar-l","10":"pa_rozmiar-s","11":"pa_rozmiar-m","13":"first","14":"instock","15":"sale","16":"purchasable","17":"product-type-variable"},"_links":{"self":[{"href":"https:\/\/madelinefashion.pl\/en\/wp-json\/wp\/v2\/product\/4705","targetHints":{"allow":["GET"]}}],"collection":[{"href":"https:\/\/madelinefashion.pl\/en\/wp-json\/wp\/v2\/product"}],"about":[{"href":"https:\/\/madelinefashion.pl\/en\/wp-json\/wp\/v2\/types\/product"}],"wp:featuredmedia":[{"embeddable":true,"href":"https:\/\/madelinefashion.pl\/en\/wp-json\/wp\/v2\/media\/6111"}],"wp:attachment":[{"href":"https:\/\/madelinefashion.pl\/en\/wp-json\/wp\/v2\/media?parent=4705"}],"wp:term":[{"taxonomy":"product_brand","embeddable":true,"href":"https:\/\/madelinefashion.pl\/en\/wp-json\/wp\/v2\/product_brand?post=4705"},{"taxonomy":"product_cat","embeddable":true,"href":"https:\/\/madelinefashion.pl\/en\/wp-json\/wp\/v2\/product_cat?post=4705"},{"taxonomy":"product_tag","embeddable":true,"href":"https:\/\/madelinefashion.pl\/en\/wp-json\/wp\/v2\/product_tag?post=4705"}],"curies":[{"name":"wp","href":"https:\/\/api.w.org\/{rel}","templated":true}]}}