{"id":4773,"date":"2021-01-28T22:34:16","date_gmt":"2021-01-28T21:34:16","guid":{"rendered":"https:\/\/madelinefashion.pl\/?post_type=product&#038;p=4773"},"modified":"2026-03-26T12:40:47","modified_gmt":"2026-03-26T11:40:47","slug":"sukienka-sweterkowa-zipp-czarna","status":"publish","type":"product","link":"https:\/\/madelinefashion.pl\/en\/product\/sukienka-sweterkowa-zipp-czarna\/","title":{"rendered":"Zipp Black Sweater Dress"},"content":{"rendered":"<h2 style=\"text-align: center;\">Zipp Black Sweater Dress<\/h2>\n<p style=\"text-align: center;\">The cut emphasizes the figure beautifully and <strong>female shapes<\/strong>. The dress has a delicate neckline and\u00a0<strong>\u00a0long sleeves<\/strong>\u00a0. They are slightly tapered under the bust, which beautifully emphasizes the figure. They are very comfortable, making them suitable for everyday wear or to a party when you want to look great and feel great at the same time. Thanks to the structure of the material, it will work better <strong>on colder days and during transitional periods <\/strong>or for the winter in combination with a jacket. An interesting feature is the side neckline that can be adjusted with a zipper. The dress also has<strong> headband, <\/strong>which you can see in the photo<strong>.\u00a0<\/strong>We recommend combining them with high boots, which will make you stand out from the crowd. The size is\u00a0<strong>universal<\/strong>\u00a0Perfect for ladies wearing\u00a0\u00a0<strong>S, M, L.<\/strong><strong>\u00a0<\/strong> If you are wearing a larger size, we recommend that you refer to the dimension table below.<\/p>\n<h3 style=\"text-align: center;\">Dress dimensions:<\/h3>\n<ul style=\"text-align: center;\">\n<li>Overall length 117 cm<\/li>\n<li>Width from armpit to armpit from 36 cm - 56 cm<\/li>\n<li>Waist width from 32 cm - 44 cm<\/li>\n<li>Sleeve length from the shoulder 60 cm<\/li>\n<li>Sleeve length from the armpit 42 cm<\/li>\n<li><\/li>\n<\/ul>\n<p style=\"text-align: center;\">Dimensions may slightly differ from the given +\/- 2cm. All dimensions given are measured flat.<\/p>\n<p>X2 dimension<\/p>\n<table width=\"610\">\n<tbody>\n<tr>\n<td width=\"302\">Model name<\/td>\n<td width=\"302\">Zipp Zipper Sweater Dress<\/td>\n<\/tr>\n<tr>\n<td width=\"302\">Color<\/td>\n<td width=\"302\">Black<\/td>\n<\/tr>\n<tr>\n<td width=\"302\">Sizes<\/td>\n<td width=\"302\">Universal<\/td>\n<\/tr>\n<tr>\n<td width=\"302\">Collection<\/td>\n<td width=\"302\">Spring \/ Autumn \/ Winter<\/td>\n<\/tr>\n<tr>\n<td width=\"302\">Cleavage<\/td>\n<td width=\"302\">Round<\/td>\n<\/tr>\n<tr>\n<td width=\"302\">Warmed up<\/td>\n<td width=\"302\">Uninsulated<\/td>\n<\/tr>\n<tr>\n<td width=\"302\">Material<\/td>\n<td width=\"302\">100% Acrylic<\/td>\n<\/tr>\n<\/tbody>\n<\/table>\n<p style=\"text-align: center;\"><strong>Recommended for people wearing S to L.\u00a0<\/strong><\/p>\n<section class=\"page-product-box\">\n<div class=\"rte\">\n<p style=\"text-align: center;\">\u00a0The model has\u00a0<strong>168<\/strong>\u00a0cm tall, wears a size every day\u00a0<strong>S.<\/strong><\/p>\n<p>&nbsp;<\/p>\n<\/div>\n<\/section>\n<p style=\"text-align: center;\">","protected":false},"excerpt":{"rendered":"<p>Sukienka Sweterkowa Zipp Czarna Kr\u00f3j pi\u0119knie podkre\u015bla figur\u0119 i kobiece kszta\u0142ty.\u00a0Sukienka ma delikatny dekolt i\u00a0\u00a0d\u0142ugie r\u0119kawy\u00a0.\u00a0Pod biustem s\u0105 lekko zw\u0119\u017cane, co pi\u0119knie podkre\u015bla sylwetk\u0119 . S\u0105 bardzo wygodne , dzi\u0119ki czemu nadaj\u0105 si\u0119 do noszenia na co dzie\u0144 lub na imprez\u0119, kiedy chcesz wygl\u0105da\u0107 doskonale i jednocze\u015bnie \u015bwietnie si\u0119 czu\u0107. Dzi\u0119ki strukturze materia\u0142u\u00a0 lepiej sprawdzi<\/p>\n<div class=\"klb-readmore post-buttons\"><a class=\"button black outline size-sm\" href=\"https:\/\/madelinefashion.pl\/en\/product\/sukienka-sweterkowa-zipp-czarna\/\">Read More <i class=\"klbth-icon-right-arrow\"><\/i><\/a><\/div>","protected":false},"featured_media":4769,"template":"","meta":[],"product_brand":[],"product_cat":[158,380],"product_tag":[213],"class_list":{"0":"post-4773","1":"product","2":"type-product","3":"status-publish","4":"has-post-thumbnail","6":"product_cat-sukienki-sweterkowe","7":"product_cat-wyprzedaz","8":"product_tag-sukienka-czarna","10":"first","11":"instock","12":"sale","13":"purchasable","14":"product-type-simple"},"_links":{"self":[{"href":"https:\/\/madelinefashion.pl\/en\/wp-json\/wp\/v2\/product\/4773","targetHints":{"allow":["GET"]}}],"collection":[{"href":"https:\/\/madelinefashion.pl\/en\/wp-json\/wp\/v2\/product"}],"about":[{"href":"https:\/\/madelinefashion.pl\/en\/wp-json\/wp\/v2\/types\/product"}],"wp:featuredmedia":[{"embeddable":true,"href":"https:\/\/madelinefashion.pl\/en\/wp-json\/wp\/v2\/media\/4769"}],"wp:attachment":[{"href":"https:\/\/madelinefashion.pl\/en\/wp-json\/wp\/v2\/media?parent=4773"}],"wp:term":[{"taxonomy":"product_brand","embeddable":true,"href":"https:\/\/madelinefashion.pl\/en\/wp-json\/wp\/v2\/product_brand?post=4773"},{"taxonomy":"product_cat","embeddable":true,"href":"https:\/\/madelinefashion.pl\/en\/wp-json\/wp\/v2\/product_cat?post=4773"},{"taxonomy":"product_tag","embeddable":true,"href":"https:\/\/madelinefashion.pl\/en\/wp-json\/wp\/v2\/product_tag?post=4773"}],"curies":[{"name":"wp","href":"https:\/\/api.w.org\/{rel}","templated":true}]}}