{"id":49642,"date":"2022-07-20T12:40:56","date_gmt":"2022-07-20T10:40:56","guid":{"rendered":"https:\/\/madelinefashion.pl\/?post_type=product&#038;p=49642"},"modified":"2026-01-20T10:33:45","modified_gmt":"2026-01-20T09:33:45","slug":"bluzka-koronkowa-hiszpanka-san-francisco-bezowa","status":"publish","type":"product","link":"https:\/\/madelinefashion.pl\/en\/product\/bluzka-koronkowa-hiszpanka-san-francisco-bezowa\/","title":{"rendered":"Spanish Lace Blouse San Francisco Beige"},"content":{"rendered":"<h3 style=\"text-align: center;\">Spanish Lace Blouse San Francisco Beige<\/h3>\n<p style=\"text-align: center;\"><strong>Women&#039;s blouse<\/strong> it is an item of clothing ordered by our clients more and more often. The offer we have prepared will certainly allow you to find something unique here. Elegant and sensual blouse is the perfect solution and help in shaping the figure and concealing its imperfections. <strong>Lace blouse<\/strong> Works well in a variety of styles and for women of different age and type of beauty. In our offer, you will find styles that can be adapted to the size and shape of your figure.<\/p>\n<p>&nbsp;<\/p>\n<h3 style=\"text-align: center;\">Dimensions:<\/h3>\n<p style=\"text-align: center;\">A-WIDTH FROM ARMPIT TO ARMPIT 45 cm-51 cm<\/p>\n<p style=\"text-align: center;\">B - WAIST WIDTH 44cm-55cm<\/p>\n<p style=\"text-align: center;\">D-TOTAL LENGTH 59 cm<\/p>\n<p>&nbsp;<\/p>\n<p style=\"text-align: center;\">Dimensions may slightly differ from the given +\/- 2cm. All dimensions given are measured flat.\u00a0<strong>X2 dimension<\/strong><\/p>\n<p>&nbsp;<\/p>\n<p>&nbsp;<\/p>\n<p style=\"text-align: center;\">\u00a0The model has\u00a0<strong>169<\/strong>\u00a0cm tall, wears a size every day\u00a0<strong>S.<\/strong><\/p>\n<p style=\"text-align: center;\">The width at the bust is 92 cm<\/p>\n<p style=\"text-align: center;\">Waist width 62 cm<\/p>\n<p style=\"text-align: center;\">The width at the hips is 94 cm<\/p>\n<p>&nbsp;<\/p>","protected":false},"excerpt":{"rendered":"<p>Bluzka Koronkowa Hiszpanka San Francisco Be\u017cowa Damska bluzka to element garderoby coraz cz\u0119\u015bciej zamawiany przez nasze klientki. Przygotowana przez nas oferta z pewno\u015bci\u0105 pozwoli Ci znale\u017a\u0107 tutaj co\u015b wyj\u0105tkowego.\u00a0 Elegancka i zmys\u0142owa bluzka to idealne rozwi\u0105zanie i pomoc w modelowaniu sylwetki oraz ukryciu jej niedoskona\u0142o\u015bci. Bluzka koronkowa sprawdza si\u0119 w rozmaitych stylizacjach i w przypadku<\/p>\n<div class=\"klb-readmore post-buttons\"><a class=\"button black outline size-sm\" href=\"https:\/\/madelinefashion.pl\/en\/product\/bluzka-koronkowa-hiszpanka-san-francisco-bezowa\/\">Read More <i class=\"klbth-icon-right-arrow\"><\/i><\/a><\/div>","protected":false},"featured_media":49618,"template":"","meta":[],"product_brand":[],"product_cat":[87,77],"product_tag":[478],"class_list":{"0":"post-49642","1":"product","2":"type-product","3":"status-publish","4":"has-post-thumbnail","6":"product_cat-bluzki-2","7":"product_cat-bluzki","8":"product_tag-bluzki-hiszpanki","10":"first","11":"instock","12":"sale","13":"purchasable","14":"product-type-simple"},"_links":{"self":[{"href":"https:\/\/madelinefashion.pl\/en\/wp-json\/wp\/v2\/product\/49642","targetHints":{"allow":["GET"]}}],"collection":[{"href":"https:\/\/madelinefashion.pl\/en\/wp-json\/wp\/v2\/product"}],"about":[{"href":"https:\/\/madelinefashion.pl\/en\/wp-json\/wp\/v2\/types\/product"}],"wp:featuredmedia":[{"embeddable":true,"href":"https:\/\/madelinefashion.pl\/en\/wp-json\/wp\/v2\/media\/49618"}],"wp:attachment":[{"href":"https:\/\/madelinefashion.pl\/en\/wp-json\/wp\/v2\/media?parent=49642"}],"wp:term":[{"taxonomy":"product_brand","embeddable":true,"href":"https:\/\/madelinefashion.pl\/en\/wp-json\/wp\/v2\/product_brand?post=49642"},{"taxonomy":"product_cat","embeddable":true,"href":"https:\/\/madelinefashion.pl\/en\/wp-json\/wp\/v2\/product_cat?post=49642"},{"taxonomy":"product_tag","embeddable":true,"href":"https:\/\/madelinefashion.pl\/en\/wp-json\/wp\/v2\/product_tag?post=49642"}],"curies":[{"name":"wp","href":"https:\/\/api.w.org\/{rel}","templated":true}]}}