{"id":4993,"date":"2021-02-09T15:36:55","date_gmt":"2021-02-09T14:36:55","guid":{"rendered":"https:\/\/madelinefashion.pl\/?post_type=product&#038;p=4993"},"modified":"2026-04-27T12:33:31","modified_gmt":"2026-04-27T10:33:31","slug":"spodnica-zamszowa-czarna-napy","status":"publish","type":"product","link":"https:\/\/madelinefashion.pl\/en\/product\/spodnica-zamszowa-czarna-napy\/","title":{"rendered":"Black napa suede skirt"},"content":{"rendered":"<h3 style=\"text-align: center;\">Black napa suede skirt<\/h3>\n<p style=\"text-align: center;\"><span style=\"font-family: arial, helvetica, sans-serif; font-size: 10pt;\">Skirt <strong>suede, pencil <\/strong>fitted - perfect <strong>emphasizes feminine shapes<\/strong>. Skirt fastened at the back on <strong>subtle covered zipper<\/strong>. It is a best seller in our boutique. The skirt is a real hit with bloggers and celebrities. There are press studs on the front of the skirt <\/span><span style=\"font-size: 10pt;\">they give her charm. You will always present yourself in our skirt <strong>attractive<\/strong>. <\/span><span style=\"font-size: 10pt;\"><strong>Create the perfect set<\/strong> with our <a href=\"https:\/\/madelinefashion.pl\/en\/bluzki-2\/bluzki\/\">blouses<\/a> and <a href=\"https:\/\/madelinefashion.pl\/en\/body\/\">bodami<\/a>. It is an ideal proposition for any type of occasion, it will be perfect not only for everyday use, for the office or for a party, but it will also complement elegant stylizations. Certainly, in our online boutique you will find the right combination with <strong>skirt<\/strong>. We recommend a combination with ours <\/span><a href=\"https:\/\/madelinefashion.pl\/en\/page\/1\/?s=kopertowe&amp;post_type=product\">Envelope bodys<\/a><span style=\"font-size: 10pt;\">. Recommended for ladies in sizes S, M, L. We recommend <strong>accurate measurement\u00a0<\/strong>according to the dimension table below. <\/span><\/p>\n<p>&nbsp;<\/p>\n<h3 style=\"text-align: center;\">Dimensions:<\/h3>\n<p>&nbsp;<\/p>\n<p style=\"text-align: center;\"><strong>36 \/ S<\/strong><\/p>\n<p style=\"text-align: center;\">Total length - 58 cm<br \/>\nWaist width - 34-36 cm<br \/>\nHip width 43-49 cm<\/p>\n<p style=\"text-align: center;\"><strong>38 \/ M<\/strong><br \/>\nTotal length - 60 cm<br \/>\nWaist width - 36-38 cm<br \/>\nHip width 45-51 cm<\/p>\n<p style=\"text-align: center;\"><strong>40 \/ L<\/strong><br \/>\nTotal length - 61 cm<br \/>\nWaist width - 38-40 cm<br \/>\nHip width 48-54 cm<\/p>\n<p style=\"text-align: center;\"><span style=\"font-size: 10pt;\">\u00a0<\/span><\/p>\n<p style=\"text-align: center;\"><span style=\"font-size: 10pt;\">Dimensions may slightly differ from the given +\/- 2cm. All dimensions given are measured flat.<\/span><\/p>\n<p style=\"text-align: center;\"><span style=\"font-size: 10pt;\">\u00a0<\/span><\/p>\n<table>\n<tbody>\n<tr>\n<td width=\"302\">Model name<\/td>\n<td width=\"302\">Suede skirt<\/td>\n<\/tr>\n<tr>\n<td width=\"302\">Color<\/td>\n<td width=\"302\">Black<\/td>\n<\/tr>\n<tr>\n<td width=\"302\">Sizes<\/td>\n<td width=\"302\">SML<\/td>\n<\/tr>\n<tr>\n<td width=\"302\">Fashion<\/td>\n<td width=\"302\">Matched<\/td>\n<\/tr>\n<tr>\n<td width=\"302\">Material<\/td>\n<td width=\"302\">95% Polyester 5% Plastic<\/td>\n<\/tr>\n<\/tbody>\n<\/table>\n<p style=\"text-align: center;\"><span style=\"font-size: 10pt;\">\u00a0<\/span><\/p>\n<p>&nbsp;<\/p>\n<p style=\"text-align: center;\"><span style=\"font-size: 10pt;\">\u00a0<strong>Recommended<\/strong> for people wearing size from\u00a0<strong>S.\u00a0<\/strong>down\u00a0<strong>L.<\/strong><\/span><\/p>\n<p style=\"text-align: center;\"><span style=\"font-size: 10pt;\">\u00a0<\/span><\/p>\n<p style=\"text-align: center;\"><span style=\"font-size: 10pt;\">\u00a0<\/span><\/p>\n<p style=\"text-align: center;\"><span style=\"font-size: 10pt;\">\u00a0<\/span><\/p>","protected":false},"excerpt":{"rendered":"<p>Sp\u00f3dnica Zamszowa Czarna Napy Sp\u00f3dnica zamszowa, o\u0142\u00f3wkowa dopasowana- idealnie podkre\u015bla kobiece kszta\u0142ty. Sp\u00f3dniczka zapinana z ty\u0142u na subtelny kryty zamek. Jest to\u00a0 bestseler w naszym butiku. Sp\u00f3dnica jest prawdziwym hitem w\u015br\u00f3d blogerek i gwiazd.\u00a0 Na przodzie sp\u00f3dnicy znajduj\u0105 si\u0119 napy, kt\u00f3re dodaj\u0105 jej uroku. W naszej sp\u00f3dnicy zawsze b\u0119dziesz si\u0119\u00a0 prezentowa\u0107 atrakcyjnie. Stw\u00f3rz idealny zestaw<\/p>\n<div class=\"klb-readmore post-buttons\"><a class=\"button black outline size-sm\" href=\"https:\/\/madelinefashion.pl\/en\/product\/spodnica-zamszowa-czarna-napy\/\">Read More <i class=\"klbth-icon-right-arrow\"><\/i><\/a><\/div>","protected":false},"featured_media":4991,"template":"","meta":[],"product_brand":[],"product_cat":[121,380],"product_tag":[],"class_list":{"0":"post-4993","1":"product","2":"type-product","3":"status-publish","4":"has-post-thumbnail","6":"product_cat-mini","7":"product_cat-wyprzedaz","8":"pa_rozmiar-s-36","9":"pa_rozmiar-m-38","10":"pa_rozmiar-l-40","12":"first","13":"instock","14":"product-type-variable"},"_links":{"self":[{"href":"https:\/\/madelinefashion.pl\/en\/wp-json\/wp\/v2\/product\/4993","targetHints":{"allow":["GET"]}}],"collection":[{"href":"https:\/\/madelinefashion.pl\/en\/wp-json\/wp\/v2\/product"}],"about":[{"href":"https:\/\/madelinefashion.pl\/en\/wp-json\/wp\/v2\/types\/product"}],"wp:featuredmedia":[{"embeddable":true,"href":"https:\/\/madelinefashion.pl\/en\/wp-json\/wp\/v2\/media\/4991"}],"wp:attachment":[{"href":"https:\/\/madelinefashion.pl\/en\/wp-json\/wp\/v2\/media?parent=4993"}],"wp:term":[{"taxonomy":"product_brand","embeddable":true,"href":"https:\/\/madelinefashion.pl\/en\/wp-json\/wp\/v2\/product_brand?post=4993"},{"taxonomy":"product_cat","embeddable":true,"href":"https:\/\/madelinefashion.pl\/en\/wp-json\/wp\/v2\/product_cat?post=4993"},{"taxonomy":"product_tag","embeddable":true,"href":"https:\/\/madelinefashion.pl\/en\/wp-json\/wp\/v2\/product_tag?post=4993"}],"curies":[{"name":"wp","href":"https:\/\/api.w.org\/{rel}","templated":true}]}}