{"id":5044,"date":"2021-02-09T19:41:41","date_gmt":"2021-02-09T18:41:41","guid":{"rendered":"https:\/\/madelinefashion.pl\/?post_type=product&#038;p=5044"},"modified":"2026-03-26T12:40:47","modified_gmt":"2026-03-26T11:40:47","slug":"tunika-w-serca-czerwona","status":"publish","type":"product","link":"https:\/\/madelinefashion.pl\/en\/product\/tunika-w-serca-czerwona\/","title":{"rendered":"Red Hearts Tunic"},"content":{"rendered":"<h3 style=\"text-align: center;\">Red Hearts Tunic<\/h3>\n<p style=\"text-align: center;\"><strong>Sweater tunic with hearts<\/strong> This beautiful model is made of the highest quality yarn, which thanks to a precise processing process adds softness, softness and maximum comfort. <b>Tunic <\/b>in red in one universal size recommended for\u00a0<b>Mr<\/b>\u00a0wearing a size\u00a0<b>S, M, L, XL<\/b>\u00a0It will attract attention and you will be\u00a0<b>look amazing<\/b>. Thanks to their material, they will work better\u00a0<strong>on colder days and during transitional periods<\/strong> or for the winter in combination with a jacket. If you have any additional questions about this product, please do not hesitate to contact us by phone or via Facebook.<\/p>\n<h3 style=\"text-align: center;\">Dress dimensions:<\/h3>\n<ul>\n<li style=\"text-align: center;\">Width from armpit to armpit 48-60 cm<\/li>\n<li style=\"text-align: center;\">Overall length 84 cm<\/li>\n<li style=\"text-align: center;\">Sleeve length from the armpit 43 cm<\/li>\n<li style=\"text-align: center;\">Sleeve length from the shoulder 48 cm<\/li>\n<li style=\"text-align: center;\">Hip width 46-60 cm<\/li>\n<\/ul>\n<p>&nbsp;<\/p>\n<p style=\"text-align: center;\">Dimensions may slightly differ from the given +\/- 2cm. All dimensions given are measured flat.<strong>\u00a0<\/strong><\/p>\n<table width=\"355\">\n<tbody>\n<tr>\n<td width=\"302\">Model name<\/td>\n<td width=\"302\">Hearts tunic<\/td>\n<\/tr>\n<tr>\n<td width=\"302\">Collection<\/td>\n<td width=\"302\">Spring \/ Autumn \/ Winter<\/td>\n<\/tr>\n<tr>\n<td width=\"302\">Sizes<\/td>\n<td width=\"302\">Universal<\/td>\n<\/tr>\n<tr>\n<td width=\"302\">Composition<\/td>\n<td width=\"302\">40% ACRYLIC 30% MOHER 30% WOOL<\/td>\n<\/tr>\n<tr>\n<td width=\"302\">Color<\/td>\n<td width=\"302\">Red<\/td>\n<\/tr>\n<tr>\n<td width=\"302\">Cleavage<\/td>\n<td width=\"302\">Round<\/td>\n<\/tr>\n<\/tbody>\n<\/table>\n<p style=\"text-align: center;\"><span style=\"text-align: center;\">The model has <\/span><strong style=\"text-align: center;\">165<\/strong><span style=\"text-align: center;\">\u00a0cm tall, wears a size every day\u00a0<\/span><strong style=\"text-align: center;\">S.<\/strong><\/p>\n<p style=\"text-align: center;\">","protected":false},"excerpt":{"rendered":"<p>Tunika w Serca Czerwona Tunika Sweterkowa w serca to pi\u0119kny model wykonany jest z najwy\u017cszej jako\u015bci prz\u0119dzy, kt\u00f3ra dzi\u0119ki precyzyjnemu procesowi obr\u00f3bki dodaje mi\u0119kko\u015bci, mi\u0119kko\u015bci i maksymalnego komfortu. Tunika w kolorze czerwonym w rozmiarze\u00a0uniwersalnym zalecanym dla\u00a0Pa\u0144\u00a0nosz\u0105cych rozmiar\u00a0S, M, L , XL\u00a0Przyci\u0105gnie uwag\u0119 i b\u0119dziesz\u00a0wygl\u0105da\u0107 niesamowicie. Dzi\u0119ki swojemu materia\u0142owi lepiej sprawdz\u0105 si\u0119\u00a0w ch\u0142odniejsze dni i okresy<\/p>\n<div class=\"klb-readmore post-buttons\"><a class=\"button black outline size-sm\" href=\"https:\/\/madelinefashion.pl\/en\/product\/tunika-w-serca-czerwona\/\">Read More <i class=\"klbth-icon-right-arrow\"><\/i><\/a><\/div>","protected":false},"featured_media":19262,"template":"","meta":[],"product_brand":[],"product_cat":[158,380],"product_tag":[296],"class_list":{"0":"post-5044","1":"product","2":"type-product","3":"status-publish","4":"has-post-thumbnail","6":"product_cat-sukienki-sweterkowe","7":"product_cat-wyprzedaz","8":"product_tag-tuniki","10":"first","11":"instock","12":"sale","13":"purchasable","14":"product-type-simple"},"_links":{"self":[{"href":"https:\/\/madelinefashion.pl\/en\/wp-json\/wp\/v2\/product\/5044","targetHints":{"allow":["GET"]}}],"collection":[{"href":"https:\/\/madelinefashion.pl\/en\/wp-json\/wp\/v2\/product"}],"about":[{"href":"https:\/\/madelinefashion.pl\/en\/wp-json\/wp\/v2\/types\/product"}],"wp:featuredmedia":[{"embeddable":true,"href":"https:\/\/madelinefashion.pl\/en\/wp-json\/wp\/v2\/media\/19262"}],"wp:attachment":[{"href":"https:\/\/madelinefashion.pl\/en\/wp-json\/wp\/v2\/media?parent=5044"}],"wp:term":[{"taxonomy":"product_brand","embeddable":true,"href":"https:\/\/madelinefashion.pl\/en\/wp-json\/wp\/v2\/product_brand?post=5044"},{"taxonomy":"product_cat","embeddable":true,"href":"https:\/\/madelinefashion.pl\/en\/wp-json\/wp\/v2\/product_cat?post=5044"},{"taxonomy":"product_tag","embeddable":true,"href":"https:\/\/madelinefashion.pl\/en\/wp-json\/wp\/v2\/product_tag?post=5044"}],"curies":[{"name":"wp","href":"https:\/\/api.w.org\/{rel}","templated":true}]}}