{"id":50872,"date":"2022-07-27T13:31:36","date_gmt":"2022-07-27T11:31:36","guid":{"rendered":"https:\/\/madelinefashion.pl\/?post_type=product&#038;p=50872"},"modified":"2026-03-26T11:52:19","modified_gmt":"2026-03-26T10:52:19","slug":"szpilki-zapinane-czerwone-brokatowe","status":"publish","type":"product","link":"https:\/\/madelinefashion.pl\/en\/product\/szpilki-zapinane-czerwone-brokatowe\/","title":{"rendered":"Red Glitter Closed Stilettos"},"content":{"rendered":"<h3 style=\"text-align: center;\">Szpilki Zapinane Czerwone Brokatowe<\/h3>\n<p style=\"text-align: center;\">\u015awietne i eleganckie szpilki w klasycznym wydaniu. Efektowny materia\u0142, z kt\u00f3rego zosta\u0142y wykonane sprawi, \u017ce b\u0119dziesz zachwyca\u0107 ka\u017cdego! O Tw\u00f3j komfort zadba mi\u0119kka wk\u0142adka z eko sk\u00f3ry. Buty s\u0105 brokatowe co sprawi \u017ce b\u0119dziesz wygl\u0105da\u0107 osza\u0142amiaj\u0105co w ka\u017cdej stylizacji. Model ten b\u0119dzie pasowa\u0107 do r\u00f3\u017cnych stylizacji, nie tylko do eleganckich sukni, ale tak\u017ce sp\u00f3dnic czy standardowych spodni.\u00a0 <strong>Przy wyborze rozmiaru prosimy kierowa\u0107 si\u0119 tabel\u0105 rozmiar\u00f3w<\/strong><\/p>\n<h3 style=\"text-align: center;\">Cechy charakterystyczne:<\/h3>\n<ul>\n<li style=\"text-align: center;\"><strong>Materia\u0142:<\/strong> sk\u00f3ra ekologiczna zamszowa<\/li>\n<li style=\"text-align: center;\"><strong>Rodzaj obcasa:<\/strong> szpilka<\/li>\n<li style=\"text-align: center;\"><strong>Pi\u0119ta zabudowana <\/strong><\/li>\n<li style=\"text-align: center;\"><strong>Wysoko\u015b\u0107 obcasa [cm]:<\/strong> 11,5 cm<\/li>\n<li style=\"text-align: center;\"><strong>Rodzaj zapi\u0119cia:<\/strong> sprz\u0105czka<\/li>\n<\/ul>\n<table width=\"540\">\n<thead>\n<tr>\n<td width=\"216\"><strong>Rozmiar EU<\/strong><\/td>\n<td width=\"316\"><strong>D\u0142ugo\u015b\u0107 wk\u0142adki<\/strong><\/td>\n<\/tr>\n<\/thead>\n<tbody>\n<tr>\n<td width=\"216\"><strong>35<\/strong><\/td>\n<td width=\"316\">22 cm<\/td>\n<\/tr>\n<tr>\n<td width=\"216\"><strong>36<\/strong><\/td>\n<td width=\"316\">23 cm<\/td>\n<\/tr>\n<tr>\n<td width=\"216\"><strong>37<\/strong><\/td>\n<td width=\"316\">23,5 cm<\/td>\n<\/tr>\n<tr>\n<td width=\"216\"><strong>38<\/strong><\/td>\n<td width=\"316\">24 cm<\/td>\n<\/tr>\n<tr>\n<td width=\"216\"><strong>39<\/strong><\/td>\n<td width=\"316\">25 cm<\/td>\n<\/tr>\n<tr>\n<td width=\"216\"><strong>40<\/strong><\/td>\n<td width=\"316\">25,5 cm<\/td>\n<\/tr>\n<\/tbody>\n<\/table>\n<div class=\"wrap-content\">\n<div class=\"main-container container \">\n<div class=\"row\">\n<section class=\"main-content sidebar-left-false\">\n<div class=\"product-page page\">\n<div class=\"page-content\">\n<div id=\"ProductSizing\" class=\"product-sizing modal fade in\" tabindex=\"-1\" role=\"dialog\" aria-hidden=\"false\">\n<div class=\"modal-dialog\">\n<div class=\"modal-content\">\n<div class=\"widget html_editor\">\n<p>&nbsp;<\/p>\n<\/div>\n<p>&nbsp;<\/p>\n<\/div>\n<\/div>\n<\/div>\n<\/div>\n<\/div>\n<\/section>\n<\/div>\n<\/div>\n<\/div>\n<div class=\"wrap-footer\">\n<footer class=\"\">\n<div class=\"container\">\n<div class=\"footer-newsletter-box\"><\/div>\n<\/div>\n<\/footer>\n<\/div>\n<table>\n<tbody>\n<tr>\n<td width=\"302\">Nazwa Modelu<\/td>\n<td width=\"302\">Szpilki Zapinane\u00a0 Brokatowe<\/td>\n<\/tr>\n<tr>\n<td width=\"302\">Kolor<\/td>\n<td width=\"302\">Czerwony<\/td>\n<\/tr>\n<tr>\n<td width=\"302\">Rozmiary<\/td>\n<td width=\"302\">35 36\u00a0 37\u00a0 38 39 40<\/td>\n<\/tr>\n<tr>\n<td width=\"302\">Materia\u0142<\/td>\n<td width=\"302\">Sk\u00f3ra ekologiczna zamszowa<\/td>\n<\/tr>\n<tr>\n<td width=\"302\">Ocieplenie<\/td>\n<td width=\"302\">Nie<\/td>\n<\/tr>\n<tr>\n<td width=\"302\">Zapi\u0119cie<\/td>\n<td width=\"302\">Tak<\/td>\n<\/tr>\n<tr>\n<td width=\"302\">Kolekcja<\/td>\n<td width=\"302\">Wiosna\/Jesie\u0144\/Lato<\/td>\n<\/tr>\n<\/tbody>\n<\/table>\n<div class=\"tabs tabs-bb clear mb-80\">\n<div class=\"tab-content\">\n<div id=\"tab-description\" class=\"tab-pane fade in woocommerce-Tabs-panel--description active\">\n<p style=\"text-align: center;\">\n<\/div>\n<\/div>\n<\/div>\n<section class=\"up-sells upsells products mb-80\"><\/section>\n<p style=\"text-align: left;\">\n","protected":false},"excerpt":{"rendered":"<p>Szpilki Zapinane Czerwone Brokatowe \u015awietne i eleganckie szpilki w klasycznym wydaniu. Efektowny materia\u0142, z kt\u00f3rego zosta\u0142y wykonane sprawi, \u017ce b\u0119dziesz zachwyca\u0107 ka\u017cdego! O Tw\u00f3j komfort zadba mi\u0119kka wk\u0142adka z eko sk\u00f3ry. Buty s\u0105 brokatowe co sprawi \u017ce b\u0119dziesz wygl\u0105da\u0107 osza\u0142amiaj\u0105co w ka\u017cdej stylizacji. Model ten b\u0119dzie pasowa\u0107 do r\u00f3\u017cnych stylizacji, nie tylko do eleganckich sukni,<\/p>\n<div class=\"klb-readmore post-buttons\"><a class=\"button black outline size-sm\" href=\"https:\/\/madelinefashion.pl\/en\/product\/szpilki-zapinane-czerwone-brokatowe\/\">Read More <i class=\"klbth-icon-right-arrow\"><\/i><\/a><\/div>","protected":false},"featured_media":598552,"template":"","meta":[],"product_brand":[],"product_cat":[400,395],"product_tag":[440],"class_list":{"0":"post-50872","1":"product","2":"type-product","3":"status-publish","4":"has-post-thumbnail","6":"product_cat-buty","7":"product_cat-nowosci","8":"product_tag-szpilki","10":"first","11":"instock","12":"purchasable","13":"product-type-variable","14":"has-default-attributes"},"_links":{"self":[{"href":"https:\/\/madelinefashion.pl\/en\/wp-json\/wp\/v2\/product\/50872","targetHints":{"allow":["GET"]}}],"collection":[{"href":"https:\/\/madelinefashion.pl\/en\/wp-json\/wp\/v2\/product"}],"about":[{"href":"https:\/\/madelinefashion.pl\/en\/wp-json\/wp\/v2\/types\/product"}],"wp:featuredmedia":[{"embeddable":true,"href":"https:\/\/madelinefashion.pl\/en\/wp-json\/wp\/v2\/media\/598552"}],"wp:attachment":[{"href":"https:\/\/madelinefashion.pl\/en\/wp-json\/wp\/v2\/media?parent=50872"}],"wp:term":[{"taxonomy":"product_brand","embeddable":true,"href":"https:\/\/madelinefashion.pl\/en\/wp-json\/wp\/v2\/product_brand?post=50872"},{"taxonomy":"product_cat","embeddable":true,"href":"https:\/\/madelinefashion.pl\/en\/wp-json\/wp\/v2\/product_cat?post=50872"},{"taxonomy":"product_tag","embeddable":true,"href":"https:\/\/madelinefashion.pl\/en\/wp-json\/wp\/v2\/product_tag?post=50872"}],"curies":[{"name":"wp","href":"https:\/\/api.w.org\/{rel}","templated":true}]}}