{"id":5114,"date":"2021-02-17T17:48:41","date_gmt":"2021-02-17T16:48:41","guid":{"rendered":"https:\/\/madelinefashion.pl\/?post_type=product&#038;p=5114"},"modified":"2026-03-26T12:40:47","modified_gmt":"2026-03-26T11:40:47","slug":"body-barbie-biale","status":"publish","type":"product","link":"https:\/\/madelinefashion.pl\/en\/product\/body-barbie-biale\/","title":{"rendered":"Barbie Body White"},"content":{"rendered":"<h3 style=\"text-align: center;\">Barbie Body White<\/h3>\n<p><b>Body<\/b>\u00a0Italian production, with an effective print\u00a0<b>barbie<\/b>\u00a0. A very effective model available in a universal size. Slippery, opaque material, long sleeves. Body fastened with hooks in the crotch, built-up back. The best-selling blouse-body with a deep, sensual neckline. They are perfect for both elegant and casual stylizations. Selected for many styles. A model you will fall in love with. You can wear them with shorts, jeans, skirts and even leather pants. Perfectly fits the figure. Perfect for school, work, a date or meeting with friends!\u00a0<b>Perfect for any time and occasion!\u00a0<\/b>Size\u00a0<b>universal recommended<\/b>\u00a0for ladies from<b>\u00a0XS to L<\/b><\/p>\n<h3 style=\"text-align: center;\">Dimensions :<\/h3>\n<ul style=\"text-align: center;\">\n<li>overall length: 75 cm<\/li>\n<li>width from armpit to armpit: 40-48 cm<\/li>\n<li>waist width: 30-40 cm<\/li>\n<li>recommended maximum bust circumference: 96 cm<\/li>\n<li>Sleeve length from the shoulder: 62 cm<\/li>\n<li>Sleeve length from armpit: 43 cm<\/li>\n<li><\/li>\n<\/ul>\n<p>&nbsp;<\/p>\n<p>&nbsp;<\/p>\n<p style=\"text-align: center;\">Dimensions may slightly differ from the given +\/- 2cm. All dimensions given are measured flat.<\/p>\n<p style=\"text-align: center;\"><strong>\u00a0<\/strong><\/p>\n<table width=\"618\">\n<tbody>\n<tr>\n<td width=\"302\">Model name<\/td>\n<td width=\"302\">Body barbie<\/td>\n<\/tr>\n<tr>\n<td width=\"302\">Color<\/td>\n<td width=\"302\">White<\/td>\n<\/tr>\n<tr>\n<td width=\"302\">Sizes<\/td>\n<td width=\"302\">Universal<\/td>\n<\/tr>\n<tr>\n<td width=\"302\">Matched<\/td>\n<td width=\"302\">Yes<\/td>\n<\/tr>\n<tr>\n<td width=\"302\">Cleavage<\/td>\n<td width=\"302\">Envelope<\/td>\n<\/tr>\n<tr>\n<td width=\"302\">Material<\/td>\n<td width=\"302\">95% polyester 5% elastane<\/td>\n<\/tr>\n<\/tbody>\n<\/table>\n<p>&nbsp;<\/p>\n<p>&nbsp;<\/p>\n<p style=\"text-align: center;\">The model has\u00a0<strong>169<\/strong>\u00a0cm tall, wears a size every day\u00a0<strong>S.<\/strong><\/p>\n<p style=\"text-align: center;\">Bust width 91 cm<\/p>\n<p style=\"text-align: center;\">Waist width 71 cm<\/p>\n<p style=\"text-align: center;\">Hip width 96 cm<\/p>","protected":false},"excerpt":{"rendered":"<p>Body Barbie Bia\u0142e Body\u00a0w\u0142oskiej produkcji, z efektownym nadrukiem\u00a0barbie\u00a0. Bardzo efektowny model dost\u0119pny w rozmiarze uniwersalnym. Materia\u0142 \u015bliski, kryj\u0105cy, d\u0142ugi r\u0119kaw. Body zapinane na haftki w kroku, ty\u0142 zabudowany. Bestsellerowa bluzka-body z g\u0142\u0119bokim, zmys\u0142owym dekoltem. Rewelacyjnie sprawdz\u0105 si\u0119 zar\u00f3wno w eleganckich, jak i casualowych stylizacjach. Wybierane do wielu stylizacji. Model w kt\u00f3rym si\u0119 zakochasz. Mo\u017cesz je<\/p>\n<div class=\"klb-readmore post-buttons\"><a class=\"button black outline size-sm\" href=\"https:\/\/madelinefashion.pl\/en\/product\/body-barbie-biale\/\">Read More <i class=\"klbth-icon-right-arrow\"><\/i><\/a><\/div>","protected":false},"featured_media":114220,"template":"","meta":[],"product_brand":[],"product_cat":[84,380],"product_tag":[],"class_list":{"0":"post-5114","1":"product","2":"type-product","3":"status-publish","4":"has-post-thumbnail","6":"product_cat-body","7":"product_cat-wyprzedaz","9":"first","10":"outofstock","11":"sale","12":"purchasable","13":"product-type-simple"},"_links":{"self":[{"href":"https:\/\/madelinefashion.pl\/en\/wp-json\/wp\/v2\/product\/5114","targetHints":{"allow":["GET"]}}],"collection":[{"href":"https:\/\/madelinefashion.pl\/en\/wp-json\/wp\/v2\/product"}],"about":[{"href":"https:\/\/madelinefashion.pl\/en\/wp-json\/wp\/v2\/types\/product"}],"wp:featuredmedia":[{"embeddable":true,"href":"https:\/\/madelinefashion.pl\/en\/wp-json\/wp\/v2\/media\/114220"}],"wp:attachment":[{"href":"https:\/\/madelinefashion.pl\/en\/wp-json\/wp\/v2\/media?parent=5114"}],"wp:term":[{"taxonomy":"product_brand","embeddable":true,"href":"https:\/\/madelinefashion.pl\/en\/wp-json\/wp\/v2\/product_brand?post=5114"},{"taxonomy":"product_cat","embeddable":true,"href":"https:\/\/madelinefashion.pl\/en\/wp-json\/wp\/v2\/product_cat?post=5114"},{"taxonomy":"product_tag","embeddable":true,"href":"https:\/\/madelinefashion.pl\/en\/wp-json\/wp\/v2\/product_tag?post=5114"}],"curies":[{"name":"wp","href":"https:\/\/api.w.org\/{rel}","templated":true}]}}