{"id":5117,"date":"2021-02-17T18:00:12","date_gmt":"2021-02-17T17:00:12","guid":{"rendered":"https:\/\/madelinefashion.pl\/?post_type=product&#038;p=5117"},"modified":"2025-04-03T21:06:38","modified_gmt":"2025-04-03T19:06:38","slug":"body-usta-amarant","status":"publish","type":"product","link":"https:\/\/madelinefashion.pl\/en\/product\/body-usta-amarant\/","title":{"rendered":"Body Lips Amaranth"},"content":{"rendered":"<h2 style=\"text-align: center;\">Body Lips Amaranth<\/h2>\n<p><strong>Body<\/strong> Italian production, with an eye-catching print on the lips. A very effective model available in a universal size. Slippery, opaque material, long sleeves. Body fastened with hooks in the crotch, built-up back. The best-selling blouse-body with a deep, sensual neckline. They are perfect for both elegant and casual stylizations. Selected for many styles - a model you will fall in love with. You can wear them with shorts, jeans, skirts and even leather pants. Perfectly fits the figure. Perfect for school, work, a date or meeting with friends! <strong>Perfect for any time and occasion!\u00a0<\/strong>Size\u00a0<strong>universal recommended<\/strong>\u00a0for ladies in sizes from<strong> XS to L<\/strong><\/p>\n<h3 style=\"text-align: center;\">Dimensions :<\/h3>\n<ul style=\"text-align: center;\">\n<li>overall length: 75 cm<\/li>\n<li>width from armpit to armpit: 40-48 cm<\/li>\n<li>waist width: 30-40 cm<\/li>\n<li>recommended maximum bust circumference: 96 cm<\/li>\n<li>Sleeve length from the shoulder: 62 cm<\/li>\n<li>Sleeve length from armpit: 43 cm<\/li>\n<li><\/li>\n<\/ul>\n<p>&nbsp;<\/p>\n<p>&nbsp;<\/p>\n<p style=\"text-align: center;\">Dimensions may slightly differ from the given +\/- 2cm. All dimensions given are measured flat.<\/p>\n<p style=\"text-align: center;\"><strong>\u00a0<\/strong><\/p>\n<table width=\"618\">\n<tbody>\n<tr>\n<td width=\"302\">Model name<\/td>\n<td width=\"302\">Body lips<\/td>\n<\/tr>\n<tr>\n<td width=\"302\">Color<\/td>\n<td width=\"302\">Amartant fuchsia<\/td>\n<\/tr>\n<tr>\n<td width=\"302\">Sizes<\/td>\n<td width=\"302\">Universal<\/td>\n<\/tr>\n<tr>\n<td width=\"302\">Matched<\/td>\n<td width=\"302\">Yes<\/td>\n<\/tr>\n<tr>\n<td width=\"302\">Cleavage<\/td>\n<td width=\"302\">Envelope<\/td>\n<\/tr>\n<tr>\n<td width=\"302\">Material<\/td>\n<td width=\"302\">95% polyester 5% elastane<\/td>\n<\/tr>\n<\/tbody>\n<\/table>\n<p>&nbsp;<\/p>\n<p>&nbsp;<\/p>\n<p style=\"text-align: center;\">Recommended for people wearing from x<strong>s<\/strong> down\u00a0<strong>l\u00a0<\/strong><\/p>\n<p style=\"text-align: center;\">The model has\u00a0<strong>169<\/strong>\u00a0cm tall, wears a size every day\u00a0<strong>S.<\/strong><\/p>\n<p style=\"text-align: center;\">Bust width 91 cm<\/p>\n<p style=\"text-align: center;\">Waist width 71 cm<\/p>\n<p style=\"text-align: center;\">Hip width 96 cm<\/p>","protected":false},"excerpt":{"rendered":"<p>Body Usta Amarant Body w\u0142oskiej produkcji, z efektownym nadrukiem w usta . Bardzo efektowny model dost\u0119pny w rozmiarze uniwersalnym. Materia\u0142 \u015bliski, kryj\u0105cy, d\u0142ugi r\u0119kaw. Body zapinane na haftki w kroku, ty\u0142 zabudowany. Bestsellerowa\u00a0 bluzka-body z g\u0142\u0119bokim, zmys\u0142owym dekoltem. Rewelacyjnie sprawdz\u0105 si\u0119 zar\u00f3wno w eleganckich, jak i casualowych stylizacjach. Wybierane do wielu stylizacji- model w kt\u00f3rym<\/p>\n<div class=\"klb-readmore post-buttons\"><a class=\"button black outline size-sm\" href=\"https:\/\/madelinefashion.pl\/en\/product\/body-usta-amarant\/\">Read More <i class=\"klbth-icon-right-arrow\"><\/i><\/a><\/div>","protected":false},"featured_media":114390,"template":"","meta":[],"product_brand":[],"product_cat":[84],"product_tag":[],"class_list":{"0":"post-5117","1":"product","2":"type-product","3":"status-publish","4":"has-post-thumbnail","6":"product_cat-body","8":"first","9":"outofstock","10":"purchasable","11":"product-type-simple"},"_links":{"self":[{"href":"https:\/\/madelinefashion.pl\/en\/wp-json\/wp\/v2\/product\/5117","targetHints":{"allow":["GET"]}}],"collection":[{"href":"https:\/\/madelinefashion.pl\/en\/wp-json\/wp\/v2\/product"}],"about":[{"href":"https:\/\/madelinefashion.pl\/en\/wp-json\/wp\/v2\/types\/product"}],"wp:featuredmedia":[{"embeddable":true,"href":"https:\/\/madelinefashion.pl\/en\/wp-json\/wp\/v2\/media\/114390"}],"wp:attachment":[{"href":"https:\/\/madelinefashion.pl\/en\/wp-json\/wp\/v2\/media?parent=5117"}],"wp:term":[{"taxonomy":"product_brand","embeddable":true,"href":"https:\/\/madelinefashion.pl\/en\/wp-json\/wp\/v2\/product_brand?post=5117"},{"taxonomy":"product_cat","embeddable":true,"href":"https:\/\/madelinefashion.pl\/en\/wp-json\/wp\/v2\/product_cat?post=5117"},{"taxonomy":"product_tag","embeddable":true,"href":"https:\/\/madelinefashion.pl\/en\/wp-json\/wp\/v2\/product_tag?post=5117"}],"curies":[{"name":"wp","href":"https:\/\/api.w.org\/{rel}","templated":true}]}}