{"id":51181,"date":"2022-07-28T14:40:01","date_gmt":"2022-07-28T12:40:01","guid":{"rendered":"https:\/\/madelinefashion.pl\/?post_type=product&#038;p=51181"},"modified":"2026-04-09T11:50:00","modified_gmt":"2026-04-09T09:50:00","slug":"damskie-sneakersy-pastelowe-mieta","status":"publish","type":"product","link":"https:\/\/madelinefashion.pl\/en\/product\/damskie-sneakersy-pastelowe-mieta\/","title":{"rendered":"Women&#039;s Sneakers Pastel Mint"},"content":{"rendered":"<h3 style=\"text-align: center;\">Women&#039;s Sneakers Pastel Mint<\/h3>\n<p style=\"text-align: center;\">You love fashionable and extravagant shoes, but you don&#039;t know if they are for you? This sporty cut on a thick sole is a must have this season! <strong>Women&#039;s sneakers<\/strong> in white with an ombre effect. The model is perfect for the spring and summer season. The shoes are comfortable, perfect for everyday wear<\/p>\n<p style=\"text-align: center;\"><strong>Numbering:\u00a0<\/strong>Typical - we suggest choosing the size you are wearing<br \/>\n<strong><span class=\"dictionary__name_txt\">Sole: <\/span><\/strong>3 cm - 4 cm<br \/>\n<b>Clasp: <\/b>Tied with laces<br \/>\n<strong>Product Code: BL322<\/strong><\/p>\n<p>&nbsp;<\/p>\n<table width=\"540\">\n<thead>\n<tr>\n<td width=\"216\"><strong>EU size<\/strong><\/td>\n<td width=\"316\"><strong>The length of the insert<\/strong><\/td>\n<\/tr>\n<\/thead>\n<tbody>\n<tr>\n<td width=\"216\"><strong>36<\/strong><\/td>\n<td width=\"316\">23.5 cm<\/td>\n<\/tr>\n<tr>\n<td width=\"216\"><strong>37<\/strong><\/td>\n<td width=\"316\">24 cm<\/td>\n<\/tr>\n<tr>\n<td width=\"216\"><strong>38<\/strong><\/td>\n<td width=\"316\">24.5 cm<\/td>\n<\/tr>\n<tr>\n<td width=\"216\"><strong>39<\/strong><\/td>\n<td width=\"316\">25 cm<\/td>\n<\/tr>\n<tr>\n<td width=\"216\"><strong>40<\/strong><\/td>\n<td width=\"316\">25.5 cm<\/td>\n<\/tr>\n<tr>\n<td width=\"216\"><strong>41<\/strong><\/td>\n<td width=\"316\">26 cm<\/td>\n<\/tr>\n<\/tbody>\n<\/table>\n<div class=\"wrap-content\">\n<div class=\"main-container container\">\n<div class=\"row\">\n<section class=\"main-content sidebar-left-false\">\n<div class=\"product-page page\">\n<div class=\"page-content\">\n<div id=\"ProductSizing\" class=\"product-sizing modal fade in\" tabindex=\"-1\" role=\"dialog\" aria-hidden=\"false\">\n<div class=\"modal-dialog\">\n<div class=\"modal-content\">\n<div class=\"widget html_editor\">\n<p>&nbsp;<\/p>\n<\/div>\n<p>&nbsp;<\/p>\n<\/div>\n<\/div>\n<\/div>\n<\/div>\n<\/div>\n<\/section>\n<\/div>\n<\/div>\n<\/div>\n<div class=\"wrap-footer\">\n<footer class=\"\">\n<div class=\"container\">\n<div class=\"footer-newsletter-box\"><\/div>\n<\/div>\n<\/footer>\n<\/div>\n<table>\n<tbody>\n<tr>\n<td width=\"302\">Model Name<\/td>\n<td width=\"302\">Women&#039;s Sneakers Pastel Ombre RJ507-11<\/td>\n<\/tr>\n<tr>\n<td width=\"302\">Color<\/td>\n<td width=\"302\">Ombre Mint<\/td>\n<\/tr>\n<tr>\n<td width=\"302\">Sizes<\/td>\n<td width=\"302\">36 37\u00a0 38\u00a0 39 40 41<\/td>\n<\/tr>\n<tr>\n<td width=\"302\">Sole<\/td>\n<td width=\"302\">Rubber<\/td>\n<\/tr>\n<tr>\n<td width=\"302\">Warming<\/td>\n<td width=\"302\">Not<\/td>\n<\/tr>\n<tr>\n<td width=\"302\">Clasp<\/td>\n<td width=\"302\">Knotted<\/td>\n<\/tr>\n<tr>\n<td width=\"302\">Collection<\/td>\n<td width=\"302\">Spring \/ Fall \/ Summer<\/td>\n<\/tr>\n<\/tbody>\n<\/table>\n<div class=\"tabs tabs-bb clear mb-80\">\n<div class=\"tab-content\">\n<div id=\"tab-description\" class=\"tab-pane fade in woocommerce-Tabs-panel--description active\">\n<p style=\"text-align: center;\">\n<\/div>\n<\/div>\n<\/div>\n<section class=\"up-sells upsells products mb-80\"><\/section>\n<p style=\"text-align: left;\">","protected":false},"excerpt":{"rendered":"<p>Damskie Sneakersy Pastelowe Mi\u0119ta Kochasz modne i ekstrawaganckie buty, ale nie wiesz czy s\u0105 dla Ciebie? Ten sportowy kr\u00f3j na grubej podeszwie to must have tego sezonu! Damskie sneakersy w kolorze bia\u0142ym z efektem ombre\u00a0 Model idealnie nada si\u0119 na sezon wiosenno-letni. Buty s\u0105 wygodne, idealne na co dzie\u0144 Numeracja:\u00a0Typowa &#8211; sugerujemy wyb\u00f3r rozmiaru jaki<\/p>\n<div class=\"klb-readmore post-buttons\"><a class=\"button black outline size-sm\" href=\"https:\/\/madelinefashion.pl\/en\/product\/damskie-sneakersy-pastelowe-mieta\/\">Read More <i class=\"klbth-icon-right-arrow\"><\/i><\/a><\/div>","protected":false},"featured_media":50837,"template":"","meta":[],"product_brand":[],"product_cat":[400,395],"product_tag":[495],"class_list":{"0":"post-51181","1":"product","2":"type-product","3":"status-publish","4":"has-post-thumbnail","6":"product_cat-buty","7":"product_cat-nowosci","8":"product_tag-buty-sportowe","10":"first","11":"instock","12":"purchasable","13":"product-type-variable"},"_links":{"self":[{"href":"https:\/\/madelinefashion.pl\/en\/wp-json\/wp\/v2\/product\/51181","targetHints":{"allow":["GET"]}}],"collection":[{"href":"https:\/\/madelinefashion.pl\/en\/wp-json\/wp\/v2\/product"}],"about":[{"href":"https:\/\/madelinefashion.pl\/en\/wp-json\/wp\/v2\/types\/product"}],"wp:featuredmedia":[{"embeddable":true,"href":"https:\/\/madelinefashion.pl\/en\/wp-json\/wp\/v2\/media\/50837"}],"wp:attachment":[{"href":"https:\/\/madelinefashion.pl\/en\/wp-json\/wp\/v2\/media?parent=51181"}],"wp:term":[{"taxonomy":"product_brand","embeddable":true,"href":"https:\/\/madelinefashion.pl\/en\/wp-json\/wp\/v2\/product_brand?post=51181"},{"taxonomy":"product_cat","embeddable":true,"href":"https:\/\/madelinefashion.pl\/en\/wp-json\/wp\/v2\/product_cat?post=51181"},{"taxonomy":"product_tag","embeddable":true,"href":"https:\/\/madelinefashion.pl\/en\/wp-json\/wp\/v2\/product_tag?post=51181"}],"curies":[{"name":"wp","href":"https:\/\/api.w.org\/{rel}","templated":true}]}}