{"id":51302,"date":"2022-07-29T12:37:07","date_gmt":"2022-07-29T10:37:07","guid":{"rendered":"https:\/\/madelinefashion.pl\/?post_type=product&#038;p=51302"},"modified":"2026-03-26T12:40:06","modified_gmt":"2026-03-26T11:40:06","slug":"bezowe-klapki-espadryle","status":"publish","type":"product","link":"https:\/\/madelinefashion.pl\/en\/product\/bezowe-klapki-espadryle\/","title":{"rendered":"Beige Espadrilles slippers"},"content":{"rendered":"<h3 style=\"text-align: center;\">Beige Espadrilles slippers<\/h3>\n<p style=\"text-align: center;\"><strong>Beige Espadrilles slippers <\/strong>on a higher sole at an affordable price, it is an excellent choice for women who are looking for summer shoes. In addition, a fashionable cut and interesting decorations perfectly match the modern style. Modern design and, at the same time, versatility make them eagerly chosen by women. In turn, the manufacturer&#039;s attention to detail makes them reliable. Additionally offered by us <strong>black slippers<\/strong> They fit both with shorts and a top, as well as with an airy dress or skirt. Slippers are a great proposition for women who value comfort on summer days! The shoes have a soft material insert and a rubber sole. <strong>When choosing a size, please use the size chart.<\/strong><\/p>\n<p>&nbsp;<\/p>\n<ul>\n<li style=\"text-align: center;\">non-slip flexible sole<\/li>\n<li style=\"text-align: center;\"><strong>shoes ideal for everyday use as well as for the beach<\/strong><\/li>\n<li style=\"text-align: center;\">convenience and comfort of wearing is ensured by a flat sole<\/li>\n<li style=\"text-align: center;\">original cut - an interesting look ensures a beautiful one <strong>flower on the front<\/strong>which gives them charm<\/li>\n<li style=\"text-align: center;\">made of high-quality materials, with attention to detail<\/li>\n<\/ul>\n<p>&nbsp;<\/p>\n<p>&nbsp;<\/p>\n<table width=\"540\">\n<thead>\n<tr>\n<td width=\"216\"><strong>EU size<\/strong><\/td>\n<td width=\"316\"><strong>The length of the insert<\/strong><\/td>\n<\/tr>\n<\/thead>\n<tbody>\n<tr>\n<td width=\"216\"><strong>36<\/strong><\/td>\n<td width=\"316\">23 cm<\/td>\n<\/tr>\n<tr>\n<td width=\"216\"><strong>37<\/strong><\/td>\n<td width=\"316\">24 cm<\/td>\n<\/tr>\n<tr>\n<td width=\"216\"><strong>38<\/strong><\/td>\n<td width=\"316\">24.5 cm<\/td>\n<\/tr>\n<tr>\n<td width=\"216\"><strong>39<\/strong><\/td>\n<td width=\"316\">25 cm<\/td>\n<\/tr>\n<tr>\n<td width=\"216\"><strong>40<\/strong><\/td>\n<td width=\"316\">25.5 cm<\/td>\n<\/tr>\n<tr>\n<td width=\"216\"><strong>41<\/strong><\/td>\n<td width=\"316\">26cm<\/td>\n<\/tr>\n<\/tbody>\n<\/table>\n<div class=\"wrap-content\">\n<div class=\"main-container container\">\n<div class=\"row\">\n<section class=\"main-content sidebar-left-false\">\n<div class=\"product-page page\">\n<div class=\"page-content\">\n<div id=\"ProductSizing\" class=\"product-sizing modal fade in\" tabindex=\"-1\" role=\"dialog\" aria-hidden=\"false\">\n<div class=\"modal-dialog\">\n<div class=\"modal-content\">\n<div class=\"widget html_editor\">\n<p>&nbsp;<\/p>\n<\/div>\n<p>&nbsp;<\/p>\n<\/div>\n<\/div>\n<\/div>\n<\/div>\n<\/div>\n<\/section>\n<\/div>\n<\/div>\n<\/div>\n<div class=\"wrap-footer\">\n<footer class=\"\">\n<div class=\"container\">\n<div class=\"footer-newsletter-box\"><\/div>\n<\/div>\n<\/footer>\n<\/div>\n<table>\n<tbody>\n<tr>\n<td width=\"302\">Model Name<\/td>\n<td width=\"302\">Espadrilles slippers<\/td>\n<\/tr>\n<tr>\n<td width=\"302\">Color<\/td>\n<td width=\"302\">Beige<\/td>\n<\/tr>\n<tr>\n<td width=\"302\">Sizes<\/td>\n<td width=\"302\">36 37\u00a0 38\u00a0 39 40 41<\/td>\n<\/tr>\n<tr>\n<td width=\"302\">Sole<\/td>\n<td width=\"302\">Rubber<\/td>\n<\/tr>\n<tr>\n<td width=\"302\">Additional features<\/td>\n<td width=\"302\">Breathable, Wicking, Pompom<\/td>\n<\/tr>\n<tr>\n<td width=\"302\">Clasp<\/td>\n<td width=\"302\">No (slip-on)<\/td>\n<\/tr>\n<tr>\n<td width=\"302\">Collection<\/td>\n<td width=\"302\">Spring \/ Fall \/ Summer<\/td>\n<\/tr>\n<\/tbody>\n<\/table>\n<div class=\"tabs tabs-bb clear mb-80\">\n<div class=\"tab-content\">\n<div id=\"tab-description\" class=\"tab-pane fade in woocommerce-Tabs-panel--description active\">\n<p style=\"text-align: center;\">\n<\/div>\n<\/div>\n<\/div>\n<section class=\"up-sells upsells products mb-80\"><\/section>\n<p style=\"text-align: left;\">","protected":false},"excerpt":{"rendered":"<p>Be\u017cowe Klapki Espadryle Be\u017cowe Klapki Espadryle na wy\u017cszej podeszwie w przyst\u0119pnej cenie to doskona\u0142y wyb\u00f3r dla kobiet, kt\u00f3re poszukuj\u0105 obuwia na lato. Dodatkowo modny fason\u00a0 i ciekawe ozdoby doskonale wpisuj\u0105 si\u0119 w nowoczesny styl. Nowoczesny design i jednocze\u015bnie uniwersalno\u015b\u0107 sprawiaj\u0105, \u017ce s\u0105 ch\u0119tnie wybierane przez kobiety. Z kolei dba\u0142o\u015b\u0107 producenta o detale sprawia, \u017ce s\u0105<\/p>\n<div class=\"klb-readmore post-buttons\"><a class=\"button black outline size-sm\" href=\"https:\/\/madelinefashion.pl\/en\/product\/bezowe-klapki-espadryle\/\">Read More <i class=\"klbth-icon-right-arrow\"><\/i><\/a><\/div>","protected":false},"featured_media":50971,"template":"","meta":[],"product_brand":[],"product_cat":[400,380],"product_tag":[494],"class_list":{"0":"post-51302","1":"product","2":"type-product","3":"status-publish","4":"has-post-thumbnail","6":"product_cat-buty","7":"product_cat-wyprzedaz","8":"product_tag-klapki","10":"first","11":"instock","12":"sale","13":"purchasable","14":"product-type-variable"},"_links":{"self":[{"href":"https:\/\/madelinefashion.pl\/en\/wp-json\/wp\/v2\/product\/51302","targetHints":{"allow":["GET"]}}],"collection":[{"href":"https:\/\/madelinefashion.pl\/en\/wp-json\/wp\/v2\/product"}],"about":[{"href":"https:\/\/madelinefashion.pl\/en\/wp-json\/wp\/v2\/types\/product"}],"wp:featuredmedia":[{"embeddable":true,"href":"https:\/\/madelinefashion.pl\/en\/wp-json\/wp\/v2\/media\/50971"}],"wp:attachment":[{"href":"https:\/\/madelinefashion.pl\/en\/wp-json\/wp\/v2\/media?parent=51302"}],"wp:term":[{"taxonomy":"product_brand","embeddable":true,"href":"https:\/\/madelinefashion.pl\/en\/wp-json\/wp\/v2\/product_brand?post=51302"},{"taxonomy":"product_cat","embeddable":true,"href":"https:\/\/madelinefashion.pl\/en\/wp-json\/wp\/v2\/product_cat?post=51302"},{"taxonomy":"product_tag","embeddable":true,"href":"https:\/\/madelinefashion.pl\/en\/wp-json\/wp\/v2\/product_tag?post=51302"}],"curies":[{"name":"wp","href":"https:\/\/api.w.org\/{rel}","templated":true}]}}