{"id":51911,"date":"2022-08-02T18:04:35","date_gmt":"2022-08-02T16:04:35","guid":{"rendered":"https:\/\/madelinefashion.pl\/?post_type=product&#038;p=51911"},"modified":"2026-03-26T12:40:06","modified_gmt":"2026-03-26T11:40:06","slug":"sukienka-dopasowana-malta-fuksja","status":"publish","type":"product","link":"https:\/\/madelinefashion.pl\/en\/product\/sukienka-dopasowana-malta-fuksja\/","title":{"rendered":"Fuchsia Malta Fuchsia Fitted Dress"},"content":{"rendered":"<h3 style=\"text-align: center;\">Fuchsia Malta Fuchsia Fitted Dress<\/h3>\n<p style=\"text-align: center;\">\u00a0Phenomenal, long, fitted dress with a fly exposing the leg. The top of the dress is built-up with a slightly exposed back. Fastened back to the zipper. Dress made of slightly stretchy material, which makes it perfect <strong>adapts to the body<\/strong>. Dress with<span style=\"font-size: 10pt;\">snaked at waist height <strong>great emphasizes the waist<\/strong>.\u00a0<\/span><span style=\"font-size: 10pt;\"> The dress has cups sewn in at the front, so you do not need to wear a bra. Made and sewn in Poland. <strong>Malta dress\u00a0<\/strong> available on our website in several colors.<\/span><br \/>\n<span style=\"font-size: 10pt;\">Available in sizes <strong>XS SML\u00a0<\/strong> . Dresses <strong>Pretty Women<\/strong> is an excellent choice for a wedding, prom, New Year&#039;s Eve and other elegant special events. Available in our e-shop in several color variants, so do not hesitate and choose the one that is perfect for you. If you can&#039;t decide which color, <strong>size<\/strong> is the best for you, <strong>contact us<\/strong> through <a href=\"https:\/\/www.facebook.com\/madelinefashionbutik\" target=\"_blank\" rel=\"noopener\">Facebook<\/a> or <a href=\"https:\/\/madelinefashion.pl\/en\/kontakt\/\">phone<\/a>. If the size is not available on the website, please contact us.\u00a0<\/span><\/p>\n<h3 style=\"text-align: center;\">DRESS DIMENSIONS:<\/h3>\n<div class=\"additional-details\" style=\"text-align: center;\">\n<p><img fetchpriority=\"high\" decoding=\"async\" class=\"alignnone size-medium wp-image-16801\" src=\"https:\/\/madelinefashion.pl\/wp-content\/uploads\/2021\/08\/wymiary-suknia-300x194.png\" alt=\"\" width=\"300\" height=\"194\" title=\"\"><\/p>\n<table width=\"740\">\n<tbody>\n<tr>\n<td width=\"100\">Size<\/td>\n<td width=\"100\">34<\/td>\n<td width=\"100\">36<\/td>\n<td width=\"100\">38<\/td>\n<td width=\"100\">40<\/td>\n<\/tr>\n<tr>\n<td width=\"100\">Bust<\/td>\n<td width=\"100\">84-86<\/td>\n<td width=\"100\">88-90<\/td>\n<td width=\"100\">92-94<\/td>\n<td width=\"100\">96-98<\/td>\n<\/tr>\n<tr>\n<td width=\"100\">Waist<\/td>\n<td width=\"100\">68<\/td>\n<td width=\"100\">72<\/td>\n<td width=\"100\">76<\/td>\n<td width=\"100\">80<\/td>\n<\/tr>\n<tr>\n<td width=\"100\">Hips<\/td>\n<td width=\"100\">76-90<\/td>\n<td width=\"100\">82-92<\/td>\n<td width=\"100\">88-98<\/td>\n<td width=\"100\">94-108<\/td>\n<\/tr>\n<\/tbody>\n<\/table>\n<\/div>\n<p style=\"text-align: center;\"><span style=\"font-size: 10pt;\">\u00a0 <\/span><\/p>\n<p style=\"text-align: center;\"><span style=\"font-size: 10pt;\">total length approx. 157 cm\u00a0<\/span><\/p>\n<p style=\"text-align: center;\"><span style=\"font-size: 10pt;\">The dress is also available in other colors - see our other products.<\/span><\/p>\n<p style=\"text-align: center;\"><span style=\"font-size: 10pt;\">Dimensions may slightly differ from the given +\/- 2cm.\u00a0<\/span><\/p>\n<p style=\"text-align: center;\"><span style=\"font-size: 10pt;\"><strong>\u00a0<\/strong>\u00a0<\/span><\/p>\n<table width=\"620\">\n<tbody>\n<tr>\n<td width=\"302\">Model name<\/td>\n<td width=\"302\">Malta Fitted Dress<\/td>\n<\/tr>\n<tr>\n<td width=\"302\">Color<\/td>\n<td width=\"302\">Fuchsia<\/td>\n<\/tr>\n<tr>\n<td width=\"302\">Mark<\/td>\n<td width=\"302\">Pretty Women<\/td>\n<\/tr>\n<tr>\n<td width=\"302\">Sizes<\/td>\n<td width=\"302\">34 36 38 40<\/td>\n<\/tr>\n<tr>\n<td width=\"302\">Fashion<\/td>\n<td width=\"302\">Matched<\/td>\n<\/tr>\n<tr>\n<td width=\"302\">Material<\/td>\n<td width=\"302\">Viscose, Polyester, Cotton<\/td>\n<\/tr>\n<tr>\n<td width=\"302\">Length<\/td>\n<td width=\"302\">To the ground<\/td>\n<\/tr>\n<\/tbody>\n<\/table>\n<p style=\"text-align: center;\"><span style=\"font-size: 10pt;\">\u00a0<\/span><\/p>\n<p>&nbsp;<\/p>\n<p style=\"text-align: center;\"><span style=\"font-size: 10pt;\">In order to match <strong>perfect dresses<\/strong> we invite you to contact us by phone or contact us <a href=\"https:\/\/www.facebook.com\/madelinefashionbutik\" target=\"_blank\" rel=\"noopener\">Facebook<\/a> .<\/span><br \/>\n<span style=\"font-size: 10pt;\">Our team will help <strong>Choose the right one<\/strong> . <strong>We can make each dress at the request of the buyer\u00a0<\/strong><strong>measure carefully.\u00a0<\/strong><\/span><\/p>\n<div class=\"additional-details\" style=\"text-align: center;\">\n<p style=\"text-align: center;\"><span style=\"font-size: 10pt;\">\u00a0<\/span><\/p>\n<\/div>","protected":false},"excerpt":{"rendered":"<p>Sukienka Dopasowana Malta Fuksja \u00a0Zjawiskowa d\u0142uga, dopasowana sukienka z rozporkiem eksponuj\u0105cym nog\u0119. G\u00f3ra sukienki zabudowana z delikatnie odkrytymi plecami.\u00a0 Zapinana z ty\u0142u na zamek. Sukienka uszyta z lekko rozci\u0105gliwego materia\u0142u dzi\u0119ki czemu idealnie dopasowuje si\u0119 do cia\u0142a.\u00a0 Sukienka zw\u0119\u017cana na wysoko\u015bci pasa wspaniale podkre\u015bla tali\u0119.\u00a0 Sukienka posiada z przodu wszyte miseczki, dzi\u0119ki czemu nie trzeba<\/p>\n<div class=\"klb-readmore post-buttons\"><a class=\"button black outline size-sm\" href=\"https:\/\/madelinefashion.pl\/en\/product\/sukienka-dopasowana-malta-fuksja\/\">Read More <i class=\"klbth-icon-right-arrow\"><\/i><\/a><\/div>","protected":false},"featured_media":51523,"template":"","meta":[],"product_brand":[],"product_cat":[124,395,559],"product_tag":[257,163,215],"class_list":{"0":"post-51911","1":"product","2":"type-product","3":"status-publish","4":"has-post-thumbnail","6":"product_cat-sukienki-okolicznosciowe","7":"product_cat-nowosci","8":"product_cat-noworoczna-sekcja-okazji","9":"product_tag-madelinefashion","10":"product_tag-sukienki-dlugie","11":"product_tag-sukienki-rozowe","13":"first","14":"instock","15":"sale","16":"purchasable","17":"product-type-variable"},"_links":{"self":[{"href":"https:\/\/madelinefashion.pl\/en\/wp-json\/wp\/v2\/product\/51911","targetHints":{"allow":["GET"]}}],"collection":[{"href":"https:\/\/madelinefashion.pl\/en\/wp-json\/wp\/v2\/product"}],"about":[{"href":"https:\/\/madelinefashion.pl\/en\/wp-json\/wp\/v2\/types\/product"}],"wp:featuredmedia":[{"embeddable":true,"href":"https:\/\/madelinefashion.pl\/en\/wp-json\/wp\/v2\/media\/51523"}],"wp:attachment":[{"href":"https:\/\/madelinefashion.pl\/en\/wp-json\/wp\/v2\/media?parent=51911"}],"wp:term":[{"taxonomy":"product_brand","embeddable":true,"href":"https:\/\/madelinefashion.pl\/en\/wp-json\/wp\/v2\/product_brand?post=51911"},{"taxonomy":"product_cat","embeddable":true,"href":"https:\/\/madelinefashion.pl\/en\/wp-json\/wp\/v2\/product_cat?post=51911"},{"taxonomy":"product_tag","embeddable":true,"href":"https:\/\/madelinefashion.pl\/en\/wp-json\/wp\/v2\/product_tag?post=51911"}],"curies":[{"name":"wp","href":"https:\/\/api.w.org\/{rel}","templated":true}]}}