{"id":523557,"date":"2024-04-02T16:56:02","date_gmt":"2024-04-02T14:56:02","guid":{"rendered":"https:\/\/madelinefashion.pl\/?post_type=product&#038;p=523557"},"modified":"2026-04-10T15:06:34","modified_gmt":"2026-04-10T13:06:34","slug":"sukienka-krotka-tiulowa-darley-biala","status":"publish","type":"product","link":"https:\/\/madelinefashion.pl\/en\/product\/sukienka-krotka-tiulowa-darley-biala\/","title":{"rendered":"Darley White Short Tulle Dress"},"content":{"rendered":"<h3 style=\"text-align: center;\">Darley White Short Tulle Dress<\/h3>\n<p style=\"text-align: center;\">Impressive midi dress\u00a0 <strong>tulle<\/strong> This is a perfect option for special occasions. It&#039;s gorgeous, airy, and flared with straps. <strong>tulle dress<\/strong> - available in our store in several <strong>color versions<\/strong>. The application of tulle will guarantee a unique look. Its cut is beautiful <strong>emphasizes the waist<\/strong>. The lower part of the dress <b>tulle <\/b>It consists of a flared tulle fabric and lining, creating a striking effect in motion. It has an elasticated back to accentuate the waist. The upper part of the dress has straps and a delicate flower on the side. This is the perfect option for women who value elegance. <strong>chic and elegance.<\/strong> The dress is also recommended for a wedding, an 18th birthday party and even a wedding. Match it to her <a href=\"https:\/\/madelinefashion.pl\/en\/buty\/\">high-heeled shoes<\/a> also available on our website and create an elegant look. You must have it in your wardrobe! One size fits all recommended for ladies wearing XS SML in the case of wearing a larger size, please refer to the dimensions<\/p>\n<h3 style=\"text-align: center;\">Dress dimensions<\/h3>\n<ul style=\"text-align: center;\">\n<li>total length 95 cm<\/li>\n<li>width from armpit to armpit: 39-46 cm<\/li>\n<li>waist width: 30-37 cm<\/li>\n<li>lining length: 50 cm<\/li>\n<li><\/li>\n<\/ul>\n<p style=\"text-align: center;\">Dimensions may slightly differ from the given +\/- 2cm. All dimensions given are measured flat. <strong>X2 dimension<\/strong><\/p>\n<p style=\"text-align: center;\"><strong>\u00a0<\/strong><\/p>\n<table style=\"height: 214px;\" width=\"548\">\n<tbody>\n<tr>\n<td width=\"302\">Model name<\/td>\n<td width=\"302\">Darley Short Tulle Dress<\/td>\n<\/tr>\n<tr>\n<td width=\"302\">Color<\/td>\n<td width=\"302\">White<\/td>\n<\/tr>\n<tr>\n<td width=\"302\">Collection<\/td>\n<td width=\"302\">Spring Summer<\/td>\n<\/tr>\n<tr>\n<td width=\"302\">Sizes<\/td>\n<td width=\"302\">Universal<\/td>\n<\/tr>\n<tr>\n<td width=\"302\">Fashion<\/td>\n<td width=\"302\">Flared<\/td>\n<\/tr>\n<tr>\n<td width=\"302\">Decoration<\/td>\n<td width=\"302\">Tulle<\/td>\n<\/tr>\n<tr>\n<td width=\"302\">Material<\/td>\n<td width=\"302\">95 % Polyester 5% Elastane<\/td>\n<\/tr>\n<\/tbody>\n<\/table>\n<section class=\"page-product-box\">\n<div class=\"rte\">\n<p style=\"text-align: center;\">The model has\u00a0<strong>169<\/strong>\u00a0cm tall, wears a size every day\u00a0<strong>S.<\/strong><\/p>\n<p style=\"text-align: center;\">Bust width 85 cm<\/p>\n<p style=\"text-align: center;\">Waist width 74 cm<\/p>\n<p style=\"text-align: center;\">\n<\/div>\n<\/section>","protected":false},"excerpt":{"rendered":"<p>Sukienka Kr\u00f3tka Tiulowa Darley Bia\u0142a Efektowna sukienka midi\u00a0 tiulowa to propozycja odpowiednia na wyj\u0105tkowe okoliczno\u015bci. Wspania\u0142a, zwiewna rozkloszowana na rami\u0105czkach sukienka tiulowa &#8211; dost\u0119pna w Naszym sklepie w kilku wersjach kolorystycznych.\u00a0 Aplikacja tiulu zagwarantuje niepowtarzalny look. Jej fason przepi\u0119knie wyeksponuje tali\u0119. Dolna cz\u0119\u015b\u0107 sukienki tiulowej sk\u0142ada si\u0119 z rozkloszowanej tiulowej tkaniny i podszewki , efektownie<\/p>\n<div class=\"klb-readmore post-buttons\"><a class=\"button black outline size-sm\" href=\"https:\/\/madelinefashion.pl\/en\/product\/sukienka-krotka-tiulowa-darley-biala\/\">Read More <i class=\"klbth-icon-right-arrow\"><\/i><\/a><\/div>","protected":false},"featured_media":523544,"template":"","meta":[],"product_brand":[],"product_cat":[124,395,561],"product_tag":[219,262],"class_list":{"0":"post-523557","1":"product","2":"type-product","3":"status-publish","4":"has-post-thumbnail","6":"product_cat-sukienki-okolicznosciowe","7":"product_cat-nowosci","8":"product_cat-sukienki-tiulowe","9":"product_tag-sukienka-biala","10":"product_tag-sukienki-krotkie","11":"pa_rozmiar-xs-34","12":"pa_rozmiar-s-36","14":"first","15":"instock","16":"sale","17":"purchasable","18":"product-type-simple"},"_links":{"self":[{"href":"https:\/\/madelinefashion.pl\/en\/wp-json\/wp\/v2\/product\/523557","targetHints":{"allow":["GET"]}}],"collection":[{"href":"https:\/\/madelinefashion.pl\/en\/wp-json\/wp\/v2\/product"}],"about":[{"href":"https:\/\/madelinefashion.pl\/en\/wp-json\/wp\/v2\/types\/product"}],"wp:featuredmedia":[{"embeddable":true,"href":"https:\/\/madelinefashion.pl\/en\/wp-json\/wp\/v2\/media\/523544"}],"wp:attachment":[{"href":"https:\/\/madelinefashion.pl\/en\/wp-json\/wp\/v2\/media?parent=523557"}],"wp:term":[{"taxonomy":"product_brand","embeddable":true,"href":"https:\/\/madelinefashion.pl\/en\/wp-json\/wp\/v2\/product_brand?post=523557"},{"taxonomy":"product_cat","embeddable":true,"href":"https:\/\/madelinefashion.pl\/en\/wp-json\/wp\/v2\/product_cat?post=523557"},{"taxonomy":"product_tag","embeddable":true,"href":"https:\/\/madelinefashion.pl\/en\/wp-json\/wp\/v2\/product_tag?post=523557"}],"curies":[{"name":"wp","href":"https:\/\/api.w.org\/{rel}","templated":true}]}}