{"id":523701,"date":"2024-04-03T09:56:47","date_gmt":"2024-04-03T07:56:47","guid":{"rendered":"https:\/\/madelinefashion.pl\/?post_type=product&#038;p=523701"},"modified":"2026-01-20T10:33:12","modified_gmt":"2026-01-20T09:33:12","slug":"top-gladki-z-koronka-molly-pudrowy-roz","status":"publish","type":"product","link":"https:\/\/madelinefashion.pl\/en\/product\/top-gladki-z-koronka-molly-pudrowy-roz\/","title":{"rendered":"Molly Powder Pink Plain Lace Top"},"content":{"rendered":"<h3 style=\"text-align: center;\">Molly Powder Pink Plain Lace Top<\/h3>\n<p style=\"text-align: center;\"><strong>Top <\/strong>is a model that will suit most styles - due to the simple pattern. <strong>Pleasant to the touch, breathable material<\/strong> will provide you with the comfort of wearing. Top<strong> with a classic cut and lace is a proposal that will be a great addition to every woman&#039;s wardrobe.<\/strong> Perfect as a base for many everyday stylizations, it will look fantastic with any type of bottoms, trousers or skirts. It is made of high quality material. Combine it with <a href=\"https:\/\/madelinefashion.pl\/en\/kurtka-jeansowa-seven\/\">jeans with a katana<\/a> and matched <a href=\"https:\/\/madelinefashion.pl\/en\/spodnie\/\">pants<\/a>. Classic top should <strong>find a place in every woman&#039;s wardrobe<\/strong>. This model will be the perfect base for creating an endless amount of styling. Available in our <a href=\"https:\/\/madelinefashion.pl\/en\/casual-clothes\/t-shirty\/\">e-shop<\/a> in various color variants. The size is<strong> universal recommended from XS to L.\u00a0<\/strong><\/p>\n<h3 style=\"text-align: center;\">Dimensions :<\/h3>\n<ul>\n<li style=\"text-align: center;\">Bust (measured from armpit to armpit): 42-52 cm<\/li>\n<li style=\"text-align: center;\">Width at the bottom: 46-56cm<\/li>\n<li style=\"text-align: center;\">Total length: 67cm<\/li>\n<\/ul>\n<p style=\"text-align: center;\">Dimensions may slightly differ from the given +\/- 2cm. All dimensions given are measured flat.<\/p>\n<table>\n<tbody>\n<tr>\n<td width=\"302\">Model name<\/td>\n<td width=\"302\">Molly Plain Lace Top<\/td>\n<\/tr>\n<tr>\n<td width=\"302\">Color<\/td>\n<td width=\"302\">Powder Pink<\/td>\n<\/tr>\n<tr>\n<td width=\"302\">Sizes<\/td>\n<td width=\"302\">Universal<\/td>\n<\/tr>\n<tr>\n<td width=\"302\">Fashion<\/td>\n<td width=\"302\">Oversize<\/td>\n<\/tr>\n<tr>\n<td width=\"302\">Material<\/td>\n<td width=\"302\">\u00a0100% Polyester<\/td>\n<\/tr>\n<\/tbody>\n<\/table>\n<p style=\"text-align: center;\"><span style=\"font-size: 10pt;\">\u00a0<\/span><\/p>\n<div class=\"tabs tabs-bb clear mb-80\">\n<div class=\"tab-content\">\n<div id=\"tab-description\" class=\"tab-pane fade in woocommerce-Tabs-panel--description active\">\n<p style=\"text-align: center;\">The model has\u00a0<strong>169<\/strong>\u00a0cm tall, wears a size every day\u00a0<strong>S.<\/strong><\/p>\n<p style=\"text-align: center;\">The width at the bust is 92 cm<\/p>\n<p style=\"text-align: center;\">Waist width 62 cm<\/p>\n<p style=\"text-align: center;\">The width at the hips is 94 cm<\/p>\n<p style=\"text-align: center;\">\n<\/div>\n<\/div>\n<\/div>\n<section class=\"up-sells upsells products mb-80\"><\/section>","protected":false},"excerpt":{"rendered":"<p>Top G\u0142adki Z Koronk\u0105 Molly Pudrowy R\u00f3\u017c Top to model kt\u00f3ry b\u0119dzie pasowa\u0142 do wi\u0119kszo\u015bci stylizacji \u2013 ze wzgl\u0119du na prosty wz\u00f3r. Przyjemny w dotyku, oddychaj\u0105cy materia\u0142 zapewni Ci komfort noszenia. Top o klasycznym kroju z koronk\u0105 to propozycja, kt\u00f3ra stanowi \u015bwietne uzupe\u0142nienie garderoby ka\u017cdej kobiety. Idealnie sprawdzi si\u0119 jako baza do wielu codziennych stylizacji,<\/p>\n<div class=\"klb-readmore post-buttons\"><a class=\"button black outline size-sm\" href=\"https:\/\/madelinefashion.pl\/en\/product\/top-gladki-z-koronka-molly-pudrowy-roz\/\">Read More <i class=\"klbth-icon-right-arrow\"><\/i><\/a><\/div>","protected":false},"featured_media":523675,"template":"","meta":[],"product_brand":[],"product_cat":[85],"product_tag":[292],"class_list":{"0":"post-523701","1":"product","2":"type-product","3":"status-publish","4":"has-post-thumbnail","6":"product_cat-t-shirty","7":"product_tag-topy","8":"pa_rozmiar-s-m","9":"pa_rozmiar-l-xl","11":"first","12":"instock","13":"sale","14":"purchasable","15":"product-type-simple"},"_links":{"self":[{"href":"https:\/\/madelinefashion.pl\/en\/wp-json\/wp\/v2\/product\/523701","targetHints":{"allow":["GET"]}}],"collection":[{"href":"https:\/\/madelinefashion.pl\/en\/wp-json\/wp\/v2\/product"}],"about":[{"href":"https:\/\/madelinefashion.pl\/en\/wp-json\/wp\/v2\/types\/product"}],"wp:featuredmedia":[{"embeddable":true,"href":"https:\/\/madelinefashion.pl\/en\/wp-json\/wp\/v2\/media\/523675"}],"wp:attachment":[{"href":"https:\/\/madelinefashion.pl\/en\/wp-json\/wp\/v2\/media?parent=523701"}],"wp:term":[{"taxonomy":"product_brand","embeddable":true,"href":"https:\/\/madelinefashion.pl\/en\/wp-json\/wp\/v2\/product_brand?post=523701"},{"taxonomy":"product_cat","embeddable":true,"href":"https:\/\/madelinefashion.pl\/en\/wp-json\/wp\/v2\/product_cat?post=523701"},{"taxonomy":"product_tag","embeddable":true,"href":"https:\/\/madelinefashion.pl\/en\/wp-json\/wp\/v2\/product_tag?post=523701"}],"curies":[{"name":"wp","href":"https:\/\/api.w.org\/{rel}","templated":true}]}}