{"id":523834,"date":"2024-04-04T10:59:46","date_gmt":"2024-04-04T08:59:46","guid":{"rendered":"https:\/\/madelinefashion.pl\/?post_type=product&#038;p=523834"},"modified":"2026-02-24T13:08:25","modified_gmt":"2026-02-24T12:08:25","slug":"garnitur-damski-marynarka-na-guzik-spodnie-chabrowy","status":"publish","type":"product","link":"https:\/\/madelinefashion.pl\/en\/product\/garnitur-damski-marynarka-na-guzik-spodnie-chabrowy\/","title":{"rendered":"Women&#039;s Suit Button Jacket + Pants Cornflower Blue Nuance"},"content":{"rendered":"<h3 style=\"text-align: center;\">Women&#039;s Suit Button Jacket + Cornflower Blue Trousers<\/h3>\n<p style=\"text-align: center;\"><strong>Women&#039;s Suit Jacket + Pants <\/strong>is a universal set that will work both at work and for special occasions, e.g. for weddings or banquets. It is worth having at least one such set in your wardrobe, which can be easily combined with other items of clothing, creating interesting and stylish stylizations. The jacket material is thicker, very elegant. With lining. The jacket has sewn-in shoulder pads and decorative dummy pockets, and for elegant styling it will be perfect for a plain T-shirt or shirt. The pants are made of a delicate, soft and elastic fabric that emphasizes the figure, thanks to which you will not even feel that you are wearing such an incredibly elegant outfit. Tapered legs. They are fastened with a button and a zipper, have pockets at the front and imitation pockets with insets at the back. <strong>Classic suit <\/strong>in a flattering and fashionable shade must find a place in your wardrobe \u2013 especially if you are looking to diversify minimalist outfits. <strong>Polish product<\/strong> The highest quality. Our suits are an alternative to occasional dresses.<br \/>\n<strong>High quality material<\/strong>The material from which it is made guarantees the durability of the product and makes it suitable for many seasons. An extremely stylish proposition for everyday use as well as for more elegant stylizations. The perfect model for many occasions. Timeless, it will serve you for many years and you will use it in various ways and occasions. If you can&#039;t decide which color,\u00a0<strong>size<\/strong>\u00a0is the best for you,\u00a0<strong>contact us<\/strong>\u00a0through\u00a0<a href=\"https:\/\/www.facebook.com\/madelinefashionbutik\" target=\"_blank\" rel=\"noopener\">Facebook<\/a>\u00a0or\u00a0<a href=\"https:\/\/madelinefashion.pl\/en\/kontakt\/\">phone<\/a>. If the size is not on the website, please contact us. Possibility of adjusting the size of the jacket and pants separately.<\/p>\n<h3 style=\"text-align: center;\">Jacket dimensions:<\/h3>\n<p style=\"text-align: center;\"><strong>38 \/ M<\/strong><\/p>\n<p style=\"text-align: center;\">Total front length - 77 cm<br \/>\nTotal length back: 68 cm<br \/>\nWidth from armpit to armpit \u2013 46 cm x2<br \/>\nSleeve length from the shoulder - 61 cm<br \/>\nSleeve length from armpit -45 cm<\/p>\n<p style=\"text-align: center;\"><strong>40 \/ L<\/strong><\/p>\n<p style=\"text-align: center;\">Total front length - 77 cm<br \/>\nTotal length back: 68 cm<br \/>\nWidth from armpit to armpit - 48 cm x2<br \/>\nSleeve length from the shoulder - 61 cm<br \/>\nSleeve length from armpit -45 cm<\/p>\n<p style=\"text-align: center;\"><strong>42 \/ XL<\/strong><\/p>\n<p style=\"text-align: center;\">Total length front \u2013 78 cm<br \/>\nTotal length back: 69 cm<br \/>\nWidth from armpit to armpit - 50 cm x2<br \/>\nSleeve length from the shoulder - 62 cm<br \/>\nSleeve length from armpit 46 cm<\/p>\n<p style=\"text-align: center;\"><strong>44 \/ XXL<\/strong><\/p>\n<p style=\"text-align: center;\">Total length front \u2013 78 cm<br \/>\nTotal length back: 69 cm<br \/>\nWidth from armpit to armpit \u2013 52 cm x2<br \/>\nSleeve length from the shoulder - 62 cm<br \/>\nSleeve length from armpit -46 cm<\/p>\n<p style=\"text-align: center;\"><strong>46 \/ XXXL<\/strong><\/p>\n<p style=\"text-align: center;\">Total front length \u2013 79 cm<br \/>\nTotal length back: 70 cm<br \/>\nWidth from armpit to armpit \u2013 55 cm x2<br \/>\nSleeve length from the shoulder - 63 cm<br \/>\nSleeve length from armpit -47 cm<\/p>\n<p style=\"text-align: center;\"><strong>48 \/ XXXXL<\/strong><\/p>\n<p style=\"text-align: center;\">Total front length \u2013 79 cm<br \/>\nTotal length back: 70 cm<br \/>\nWidth from armpit to armpit \u2013 57 cm x2<br \/>\nSleeve length from the shoulder - 63 cm<br \/>\nSleeve length from armpit -47 cm<\/p>\n<p style=\"text-align: center;\"><strong>50\/XXXXXL<\/strong><\/p>\n<p style=\"text-align: center;\">Total front length - 80 cm<br \/>\nTotal length back: 71 cm<br \/>\nThe width from armpit to armpit - 60 cm x2<br \/>\nSleeve length from the shoulder - 64 cm<br \/>\nSleeve length from armpit -48 cm<\/p>\n<p style=\"text-align: center;\"><strong>52\/XXXXXXXL<\/strong><\/p>\n<p style=\"text-align: center;\">Total front length - 80 cm<br \/>\nTotal length back: 71 cm<br \/>\nWidth from armpit to armpit - 63 cm x2<br \/>\nSleeve length from shoulder - 65 cm<br \/>\nSleeve length from armpit -49 cm<\/p>\n<p style=\"text-align: center;\">Dimensions may vary from the given +\/- 2cm. All dimensions given are measured flat. Dimension <strong>x2<br \/>\n<\/strong><\/p>\n<h3 style=\"text-align: center;\">Pants dimensions:<\/h3>\n<p>&nbsp;<\/p>\n<p style=\"text-align: center;\"><strong>38 \/ M<\/strong><\/p>\n<ul style=\"text-align: center;\">\n<li>Outside leg length: 93 cm<\/li>\n<li>Inside leg length: 66 cm<\/li>\n<li>Waist width: 38 -42 cm<\/li>\n<li>Height: 25.5 cm<\/li>\n<li><\/li>\n<\/ul>\n<p style=\"text-align: center;\"><strong>40 \/ L<\/strong><\/p>\n<ul style=\"text-align: center;\">\n<li>Outside leg length: 96 cm<\/li>\n<li>Inside leg length: 69 cm<\/li>\n<li>Waist width: 39 -43 cm<\/li>\n<li>Waist: 29 cm<\/li>\n<li><\/li>\n<\/ul>\n<p style=\"text-align: center;\"><strong>42 \/ XL<\/strong><\/p>\n<ul style=\"text-align: center;\">\n<li>Outside leg length: 97 cm<\/li>\n<li>Inside leg length: 69 cm<\/li>\n<li>Waist width: 43- 47 cm<\/li>\n<li>Waist: 29 cm<\/li>\n<li><\/li>\n<\/ul>\n<p style=\"text-align: center;\"><strong>44 \/ XXL<\/strong><\/p>\n<ul style=\"text-align: center;\">\n<li>Outside leg length: 98 cm<\/li>\n<li>Inside leg length: 69 cm<\/li>\n<li>Waist width: 45- 49 cm<\/li>\n<li>Waist: 30 cm<\/li>\n<li><\/li>\n<\/ul>\n<p style=\"text-align: center;\"><strong>46 \/ XXXL<\/strong><\/p>\n<ul style=\"text-align: center;\">\n<li>Outside leg length: 98 cm<\/li>\n<li>Inside leg length: 70 cm<\/li>\n<li>Waist width: 48- 52 cm<\/li>\n<li>Waist: 30 cm<\/li>\n<li><\/li>\n<\/ul>\n<p style=\"text-align: center;\"><strong>48 \/ XXXXL<\/strong><\/p>\n<ul>\n<li style=\"text-align: center;\">Outside leg length: 99 cm<\/li>\n<li style=\"text-align: center;\">Inside leg length: 69 cm<\/li>\n<li style=\"text-align: center;\">Waist width: 50-54 cm<\/li>\n<li style=\"text-align: center;\">Waist: 32 cm<\/li>\n<\/ul>\n<p style=\"text-align: center;\"><strong>50\/XXXXXL<\/strong><\/p>\n<ul style=\"text-align: center;\">\n<li>Outside leg length: 100 cm<\/li>\n<li>Inside leg length: 69 cm<\/li>\n<li>Waist width: 52- 56 cm<\/li>\n<li>Waist: 33 cm\n<p style=\"text-align: center;\"><strong>52\/XXXXXXXL<\/strong><\/p>\n<ul style=\"text-align: center;\">\n<li>Outside leg length: 100 cm<\/li>\n<li>Inside leg length: 69 cm<\/li>\n<li>Waist width: 54-58 cm<\/li>\n<li>Waist: 34 cm<\/li>\n<\/ul>\n<\/li>\n<\/ul>\n<p>&nbsp;<\/p>\n<p style=\"text-align: center;\">Dimensions may vary from the given +\/- 2cm. All dimensions given are measured flat. Dimension <strong>x2<br \/>\n<\/strong><\/p>\n<table>\n<tbody>\n<tr>\n<td width=\"302\">Model name<\/td>\n<td width=\"302\">Women&#039;s Suit Button-up Jacket + Trousers<\/td>\n<\/tr>\n<tr>\n<td width=\"302\">Color<\/td>\n<td width=\"302\">Cornflower<\/td>\n<\/tr>\n<tr>\n<td width=\"302\">Sizes<\/td>\n<td width=\"302\">38 40 42 44 46 48 50 52<\/td>\n<\/tr>\n<tr>\n<td width=\"302\">Fashion<\/td>\n<td width=\"302\">Elegant<\/td>\n<\/tr>\n<tr>\n<td width=\"302\">Material<\/td>\n<td width=\"302\">95% Viscose 5 % Elastane<\/td>\n<\/tr>\n<\/tbody>\n<\/table>\n<p style=\"text-align: center;\">The model has\u00a0<strong>169<\/strong>\u00a0cm tall, wears a size every day\u00a0<strong>S.<\/strong><\/p>\n<p style=\"text-align: center;\">The width at the bust is 92 cm<\/p>\n<p style=\"text-align: center;\">Waist width 62 cm<\/p>\n<p style=\"text-align: center;\">The width at the hips is 94 cm<\/p>\n<p style=\"text-align: center;\">","protected":false},"excerpt":{"rendered":"<p>Garnitur Damski Marynarka Na Guzik+ Spodnie Chabrowy Garnitur Damski Marynarka + Spodnie to uniwersalny zestaw, kt\u00f3ry sprawdzi si\u0119 zar\u00f3wno w pracy, jak i na specjalne okazje, np. na wesela czy bankiety. Warto mie\u0107 w swojej garderobie przynajmniej jeden taki zestaw, kt\u00f3ry mo\u017cna \u0142atwo zestawi\u0107 z innymi elementami garderoby, tworz\u0105c ciekawe i stylowe stylizacje.\u00a0 Materia\u0142 marynarki<\/p>\n<div class=\"klb-readmore post-buttons\"><a class=\"button black outline size-sm\" href=\"https:\/\/madelinefashion.pl\/en\/product\/garnitur-damski-marynarka-na-guzik-spodnie-chabrowy\/\">Read More <i class=\"klbth-icon-right-arrow\"><\/i><\/a><\/div>","protected":false},"featured_media":595341,"template":"","meta":[],"product_brand":[],"product_cat":[95,89,395],"product_tag":[],"class_list":{"0":"post-523834","1":"product","2":"type-product","3":"status-publish","4":"has-post-thumbnail","6":"product_cat-marynarki-i-zakiety","7":"product_cat-komplety","8":"product_cat-nowosci","9":"pa_rozmiar-xxxxl-48","10":"pa_rozmiar-s-36","11":"pa_rozmiar-m-38","12":"pa_rozmiar-l-40","13":"pa_rozmiar-xl-42","14":"pa_rozmiar-xxl-44","15":"pa_rozmiar-xxxl-46","16":"pa_rozmiar-438","17":"pa_rozmiar-439","19":"first","20":"instock","21":"purchasable","22":"product-type-variable"},"_links":{"self":[{"href":"https:\/\/madelinefashion.pl\/en\/wp-json\/wp\/v2\/product\/523834","targetHints":{"allow":["GET"]}}],"collection":[{"href":"https:\/\/madelinefashion.pl\/en\/wp-json\/wp\/v2\/product"}],"about":[{"href":"https:\/\/madelinefashion.pl\/en\/wp-json\/wp\/v2\/types\/product"}],"wp:featuredmedia":[{"embeddable":true,"href":"https:\/\/madelinefashion.pl\/en\/wp-json\/wp\/v2\/media\/595341"}],"wp:attachment":[{"href":"https:\/\/madelinefashion.pl\/en\/wp-json\/wp\/v2\/media?parent=523834"}],"wp:term":[{"taxonomy":"product_brand","embeddable":true,"href":"https:\/\/madelinefashion.pl\/en\/wp-json\/wp\/v2\/product_brand?post=523834"},{"taxonomy":"product_cat","embeddable":true,"href":"https:\/\/madelinefashion.pl\/en\/wp-json\/wp\/v2\/product_cat?post=523834"},{"taxonomy":"product_tag","embeddable":true,"href":"https:\/\/madelinefashion.pl\/en\/wp-json\/wp\/v2\/product_tag?post=523834"}],"curies":[{"name":"wp","href":"https:\/\/api.w.org\/{rel}","templated":true}]}}