{"id":524267,"date":"2024-04-08T13:16:49","date_gmt":"2024-04-08T11:16:49","guid":{"rendered":"https:\/\/madelinefashion.pl\/?post_type=product&#038;p=524267"},"modified":"2026-04-26T12:43:46","modified_gmt":"2026-04-26T10:43:46","slug":"sukienka-slubna-dopasowana-chloe-biala","status":"publish","type":"product","link":"https:\/\/madelinefashion.pl\/en\/product\/sukienka-slubna-dopasowana-chloe-biala\/","title":{"rendered":"Chloe White Fitted Wedding Dress"},"content":{"rendered":"<h3 style=\"text-align: center;\">Chloe White Fitted Wedding Dress<\/h3>\n<p style=\"text-align: center;\">\u00a0Phenomenal long, <strong>fitted dress<\/strong> with a slit exposing the leg. The one-shoulder top is decorated with a delicate flower on the shoulder. It fastens with a zipper at the back. The dress is made of slightly stretchy material, making it perfect for <strong>adapts to the body<\/strong>.This one-shoulder dress features a split neckline. The dress has sewn-in cups at the front, eliminating the need for a bra. Made and sewn in Poland.<strong> Perfect for a wedding, reception or after-party. <\/strong>Available in sizes XS SML. This one-shoulder wedding dress is synonymous with romance and class. <strong>Chloe dress<\/strong> highlights the advantages of the silhouette, making each <strong>bride<\/strong> feels special. Thanks to carefully selected materials and perfect workmanship, this creation exudes <strong>luxury and subtlety.\u00a0 <\/strong>Dresses <strong>from madelinefashion<\/strong> is an excellent choice for a wedding, prom, New Year&#039;s Eve and other elegant special events. Available in our e-shop in several color variants, so do not hesitate and choose the one that is perfect for you. If you can&#039;t decide which color, <strong>size<\/strong> is the best for you, <strong>contact us<\/strong> through <a href=\"https:\/\/www.facebook.com\/madelinefashionbutik\" target=\"_blank\" rel=\"noopener\">Facebook<\/a> or <a href=\"https:\/\/madelinefashion.pl\/en\/kontakt\/\">phone<\/a>. If your size is not available on the website, please contact us. Available in sizes XS SML. .<\/p>\n<h3 style=\"text-align: center;\">DRESS DIMENSIONS:<\/h3>\n<table width=\"556\">\n<tbody>\n<tr>\n<td><strong>SIZE<\/strong><\/td>\n<td><strong>Bust<\/strong><\/td>\n<td><strong>Waist<\/strong><\/td>\n<td><strong>Hips<\/strong><\/td>\n<\/tr>\n<tr>\n<td><strong>34<\/strong><\/td>\n<td>84-86<\/td>\n<td>64-68<\/td>\n<td>\u00a082-90<\/td>\n<\/tr>\n<tr>\n<td><strong>36<\/strong><\/td>\n<td>88-90<\/td>\n<td>68-72<\/td>\n<td>\u00a086-92<\/td>\n<\/tr>\n<tr>\n<td><strong>38<\/strong><\/td>\n<td>92-94<\/td>\n<td>72-76<\/td>\n<td>\u00a090-96<\/td>\n<\/tr>\n<tr>\n<td><strong>40<\/strong><\/td>\n<td>96-98<\/td>\n<td>76-80<\/td>\n<td>\u00a094-106<\/td>\n<\/tr>\n<\/tbody>\n<\/table>\n<p>&nbsp;<\/p>\n<p style=\"text-align: center;\"><span style=\"font-size: 10pt;\">\u00a0 <\/span><\/p>\n<p style=\"text-align: center;\"><span style=\"font-size: 10pt;\">total length approx. 157 cm\u00a0<\/span><\/p>\n<p style=\"text-align: center;\"><span style=\"font-size: 10pt;\">The dress is also available in other colors - see our other products.<\/span><\/p>\n<p style=\"text-align: center;\"><span style=\"font-size: 10pt;\">Dimensions may slightly differ from the given +\/- 2cm.\u00a0<\/span><\/p>\n<p style=\"text-align: center;\"><span style=\"font-size: 10pt;\"><strong>\u00a0<\/strong>\u00a0<\/span><\/p>\n<table width=\"620\">\n<tbody>\n<tr>\n<td width=\"302\">Model name<\/td>\n<td width=\"302\">Chloe Fitted Maxi Dress<\/td>\n<\/tr>\n<tr>\n<td width=\"302\">Color<\/td>\n<td width=\"302\">White<\/td>\n<\/tr>\n<tr>\n<td width=\"302\">Mark<\/td>\n<td width=\"302\">Madeline Fashion<\/td>\n<\/tr>\n<tr>\n<td width=\"302\">Sizes<\/td>\n<td width=\"302\">34 36 38 40<\/td>\n<\/tr>\n<tr>\n<td width=\"302\">Fashion<\/td>\n<td width=\"302\">Matched<\/td>\n<\/tr>\n<tr>\n<td width=\"302\">Material<\/td>\n<td width=\"302\">Viscose, Polyester, Cotton<\/td>\n<\/tr>\n<tr>\n<td width=\"302\">Length<\/td>\n<td width=\"302\">To the ground<\/td>\n<\/tr>\n<\/tbody>\n<\/table>\n<p style=\"text-align: center;\"><span style=\"font-size: 10pt;\">\u00a0<\/span><\/p>\n<p style=\"text-align: center;\">Welcome to <strong>our wedding dress salon<\/strong>, located at 2 Moniuszki Street in the heart of Konstantyn\u00f3w \u0141\u00f3dzki. In our professional salon, you&#039;ll find a wide selection of wedding dresses that will fulfill your deepest dreams of a perfect day. A team of experienced consultants will help you choose the perfect gown, tailored to your expectations and figure. We cordially invite you to visit us and see how special your day can be!<\/p>\n<p style=\"text-align: center;\"><span style=\"font-size: 10pt;\">In order to match <strong>perfect dresses<\/strong> we invite you to contact us by phone or contact us <a href=\"https:\/\/www.facebook.com\/madelinefashionbutik\" target=\"_blank\" rel=\"noopener\">Facebook<\/a> .<\/span><br \/>\n<span style=\"font-size: 10pt;\">Our team will help <strong>Choose the right one<\/strong> . <strong>We can make each dress at the request of the buyer\u00a0<\/strong><strong>measure carefully.\u00a0<\/strong><\/span><\/p>\n<div class=\"additional-details\" style=\"text-align: center;\">\n<p style=\"text-align: center;\"><span style=\"font-size: 10pt;\">\u00a0<\/span><\/p>\n<\/div>","protected":false},"excerpt":{"rendered":"<p>Sukienka \u015alubna Dopasowana Chloe Bia\u0142a \u00a0Zjawiskowa d\u0142uga, dopasowana sukienka z rozporkiem eksponuj\u0105cym nog\u0119. G\u00f3ra sukienki na jedno rami\u0119 zdobiona na ramieniu\u00a0 delikatnym kwiatem. Zapinana z ty\u0142u na zamek. Sukienka uszyta z lekko rozci\u0105gliwego materia\u0142u dzi\u0119ki czemu idealnie dopasowuje si\u0119 do cia\u0142a.\u00a0 Sukienka na jedno rami\u0119 z p\u0119kni\u0119ciem na dekolcie. Sukienka posiada z przodu wszyte miseczki,<\/p>\n<div class=\"klb-readmore post-buttons\"><a class=\"button black outline size-sm\" href=\"https:\/\/madelinefashion.pl\/en\/product\/sukienka-slubna-dopasowana-chloe-biala\/\">Read More <i class=\"klbth-icon-right-arrow\"><\/i><\/a><\/div>","protected":false},"featured_media":596994,"template":"","meta":[],"product_brand":[],"product_cat":[124,395,566,630],"product_tag":[219,163],"class_list":{"0":"post-524267","1":"product","2":"type-product","3":"status-publish","4":"has-post-thumbnail","6":"product_cat-sukienki-okolicznosciowe","7":"product_cat-nowosci","8":"product_cat-suknie-slubne","9":"product_cat-suknie-slubne-dopasowane","10":"product_tag-sukienka-biala","11":"product_tag-sukienki-dlugie","13":"first","14":"instock","15":"purchasable","16":"product-type-variable"},"_links":{"self":[{"href":"https:\/\/madelinefashion.pl\/en\/wp-json\/wp\/v2\/product\/524267","targetHints":{"allow":["GET"]}}],"collection":[{"href":"https:\/\/madelinefashion.pl\/en\/wp-json\/wp\/v2\/product"}],"about":[{"href":"https:\/\/madelinefashion.pl\/en\/wp-json\/wp\/v2\/types\/product"}],"wp:featuredmedia":[{"embeddable":true,"href":"https:\/\/madelinefashion.pl\/en\/wp-json\/wp\/v2\/media\/596994"}],"wp:attachment":[{"href":"https:\/\/madelinefashion.pl\/en\/wp-json\/wp\/v2\/media?parent=524267"}],"wp:term":[{"taxonomy":"product_brand","embeddable":true,"href":"https:\/\/madelinefashion.pl\/en\/wp-json\/wp\/v2\/product_brand?post=524267"},{"taxonomy":"product_cat","embeddable":true,"href":"https:\/\/madelinefashion.pl\/en\/wp-json\/wp\/v2\/product_cat?post=524267"},{"taxonomy":"product_tag","embeddable":true,"href":"https:\/\/madelinefashion.pl\/en\/wp-json\/wp\/v2\/product_tag?post=524267"}],"curies":[{"name":"wp","href":"https:\/\/api.w.org\/{rel}","templated":true}]}}