{"id":525309,"date":"2024-04-16T14:26:36","date_gmt":"2024-04-16T12:26:36","guid":{"rendered":"https:\/\/madelinefashion.pl\/?post_type=product&#038;p=525309"},"modified":"2026-04-23T14:59:17","modified_gmt":"2026-04-23T12:59:17","slug":"suknia-slubna-na-ramiaczkach-boda-biala","status":"publish","type":"product","link":"https:\/\/madelinefashion.pl\/en\/product\/suknia-slubna-na-ramiaczkach-boda-biala\/","title":{"rendered":"Boda White Strappy Wedding Dress"},"content":{"rendered":"<h3 style=\"text-align: center;\">Boda White Strappy Wedding Dress<\/h3>\n<p style=\"text-align: center;\" data-start=\"173\" data-end=\"481\">Phenomenal <strong data-start=\"184\" data-end=\"207\">fish wedding dress<\/strong> in white is a proposal for women who are looking for an elegant, feminine, and unique outfit for this most important day. The model delights <strong data-start=\"351\" data-end=\"399\">original lace top with a V-neck<\/strong>, which subtly highlights the silhouette and adds a romantic touch to the styling. The top of the dress is made of delicate mesh trimmed <strong data-start=\"543\" data-end=\"574\">guipure floral lace<\/strong> with sewn-on beads, making the whole look incredibly sensual and impressive. The back of the dress is finished with light chiffon and a delicate <strong data-start=\"718\" data-end=\"741\">V-neck<\/strong>, which gives the outfit a touch of lightness and elegance. The bottom of the dress has a shape <strong data-start=\"806\" data-end=\"840\">fitted mermaid type (fish)<\/strong>, which beautifully accentuates the waist, hips, and bust. The narrowing at the waist shapes the silhouette and highlights feminine curves, making the dress look incredibly chic. This <strong data-start=\"1016\" data-end=\"1039\">white wedding dress<\/strong> It will work perfectly both on <strong data-start=\"1074\" data-end=\"1090\">civil wedding<\/strong>, <strong data-start=\"1092\" data-end=\"1110\">church wedding<\/strong>, what <strong data-start=\"1118\" data-end=\"1128\">wedding reception<\/strong> if <strong data-start=\"1133\" data-end=\"1146\">after-party<\/strong>. It&#039;s also the perfect choice for women who value a combination of classic style and modern elegance. This model is available in sizes <strong data-start=\"1272\" data-end=\"1287\">XS, S, M, L<\/strong>. If your chosen size is not available, please contact us. If you are unsure which size or style will be best for you, please contact us via <strong data-start=\"1442\" data-end=\"1455\">Facebook<\/strong> or by phone\u2014we&#039;ll be happy to help you choose the perfect dress. In our online store\u00a0 <strong>madelienfashion.pl<\/strong> You will find <strong data-start=\"1561\" data-end=\"1596\">unique women&#039;s dresses<\/strong>, <strong data-start=\"1598\" data-end=\"1615\">wedding dresses<\/strong>, creations on <strong data-start=\"1628\" data-end=\"1638\">wedding reception<\/strong>, <strong data-start=\"1640\" data-end=\"1654\">prom<\/strong>, <strong data-start=\"1656\" data-end=\"1669\">New Year&#039;s Eve<\/strong> and other elegant occasions \u2013 all at attractive prices. <strong data-start=\"1730\" data-end=\"1852\">Choose elegance, femininity and a timeless style - choose a wedding dress that will make you feel truly special. <\/strong>If you can&#039;t decide which color, <strong>size<\/strong> is the best for you, <strong>contact us<\/strong> through <a href=\"https:\/\/www.facebook.com\/madelinefashionbutik\" target=\"_blank\" rel=\"noopener\">Facebook<\/a> or <a href=\"https:\/\/madelinefashion.pl\/en\/kontakt\/\">phone<\/a>. If the size is not available on the website, please contact us.\u00a0<strong> Not sure which wedding dress to choose? <a href=\"https:\/\/madelinefashion.pl\/en\/product-tag\/sukienka-biala\/?orderby=price-desc\">Check<\/a>which will be perfect for you!\u00a0<\/strong><\/p>\n<h3 style=\"text-align: center;\">DRESS DIMENSIONS:<\/h3>\n<table width=\"556\">\n<tbody>\n<tr>\n<td><strong>SIZE<\/strong><\/td>\n<td><strong>Bust<\/strong><\/td>\n<td><strong>Waist<\/strong><\/td>\n<td><strong>Hips<\/strong><\/td>\n<\/tr>\n<tr>\n<td><strong>34<\/strong><\/td>\n<td>84-86<\/td>\n<td>64-68<\/td>\n<td>\u00a082-90<\/td>\n<\/tr>\n<tr>\n<td><strong>36<\/strong><\/td>\n<td>88-90<\/td>\n<td>68-72<\/td>\n<td>\u00a086-92<\/td>\n<\/tr>\n<tr>\n<td><strong>38<\/strong><\/td>\n<td>92-94<\/td>\n<td>72-76<\/td>\n<td>\u00a090-96<\/td>\n<\/tr>\n<tr>\n<td><strong>40<\/strong><\/td>\n<td>96-98<\/td>\n<td>76-80<\/td>\n<td>\u00a094-106<\/td>\n<\/tr>\n<\/tbody>\n<\/table>\n<p style=\"text-align: center;\"><span style=\"font-size: 10pt;\">\u00a0 <\/span><\/p>\n<p style=\"text-align: center;\"><span style=\"font-size: 10pt;\">total length approx. 157 cm <\/span>(the dress can be shortened on your own)<\/p>\n<p style=\"text-align: center;\"><span style=\"font-size: 10pt;\">The dress is also available in other colors - see our other products.<\/span><\/p>\n<p style=\"text-align: center;\"><span style=\"font-size: 10pt;\">Dimensions may slightly differ from the given +\/- 2cm.\u00a0<\/span><\/p>\n<p style=\"text-align: center;\"><span style=\"font-size: 10pt;\"><strong>\u00a0<\/strong>\u00a0<\/span><\/p>\n<table width=\"620\">\n<tbody>\n<tr>\n<td width=\"302\">Model name<\/td>\n<td width=\"302\">Boda Strappy Wedding Dress<\/td>\n<\/tr>\n<tr>\n<td width=\"302\">Color<\/td>\n<td width=\"302\">White<\/td>\n<\/tr>\n<tr>\n<td width=\"302\">Mark<\/td>\n<td width=\"302\">Madelinefashion<\/td>\n<\/tr>\n<tr>\n<td width=\"302\">Sizes<\/td>\n<td width=\"302\">34 36 38 40<\/td>\n<\/tr>\n<tr>\n<td width=\"302\">Fashion<\/td>\n<td width=\"302\">Matching \/ fish<\/td>\n<\/tr>\n<tr>\n<td width=\"302\">Material<\/td>\n<td width=\"302\">Viscose, Polyester, Cotton<\/td>\n<\/tr>\n<tr>\n<td width=\"302\">Length<\/td>\n<td width=\"302\">To the ground<\/td>\n<\/tr>\n<\/tbody>\n<\/table>\n<p style=\"text-align: center;\"><span style=\"font-size: 10pt;\">\u00a0<\/span><\/p>\n<p>&nbsp;<\/p>\n<p style=\"text-align: center;\"><span style=\"font-size: 10pt;\">In order to match <strong>perfect dresses<\/strong> we invite you to contact us by phone or contact us <a href=\"https:\/\/www.facebook.com\/madelinefashionbutik\" target=\"_blank\" rel=\"noopener\">Facebook<\/a> .<\/span><br \/>\n<span style=\"font-size: 10pt;\">Our team will help <strong>Choose the right one<\/strong> . <strong>We can make each dress at the request of the buyer\u00a0<\/strong><strong>measure carefully.\u00a0<\/strong><\/span><\/p>\n<div class=\"additional-details\" style=\"text-align: center;\">\n<p style=\"text-align: center;\"><span style=\"font-size: 10pt;\">\u00a0<\/span><\/p>\n<\/div>","protected":false},"excerpt":{"rendered":"<p>Suknia \u015alubna Na Rami\u0105czkach Boda Bia\u0142a Zjawiskowa suknia \u015blubna rybka w kolorze bia\u0142ym to propozycja dla kobiet, kt\u00f3re szukaj\u0105 eleganckiej, kobiecej i wyj\u0105tkowej kreacji na ten najwa\u017cniejszy dzie\u0144. Model zachwyca oryginaln\u0105 koronkow\u0105 g\u00f3r\u0105 z dekoltem w szpic, kt\u00f3ra subtelnie podkre\u015bla sylwetk\u0119 i dodaje stylizacji romantycznego charakteru. G\u00f3ra sukni zosta\u0142a wykonana z delikatnej siateczki obszytej gipiurow\u0105,<\/p>\n<div class=\"klb-readmore post-buttons\"><a class=\"button black outline size-sm\" href=\"https:\/\/madelinefashion.pl\/en\/product\/suknia-slubna-na-ramiaczkach-boda-biala\/\">Read More <i class=\"klbth-icon-right-arrow\"><\/i><\/a><\/div>","protected":false},"featured_media":525299,"template":"","meta":[],"product_brand":[],"product_cat":[395,124,569,566,630],"product_tag":[257,219,163],"class_list":{"0":"post-525309","1":"product","2":"type-product","3":"status-publish","4":"has-post-thumbnail","6":"product_cat-nowosci","7":"product_cat-sukienki-okolicznosciowe","8":"product_cat-sukienki-dopasowane","9":"product_cat-suknie-slubne","10":"product_cat-suknie-slubne-dopasowane","11":"product_tag-madelinefashion","12":"product_tag-sukienka-biala","13":"product_tag-sukienki-dlugie","15":"first","16":"instock","17":"purchasable","18":"product-type-variable"},"_links":{"self":[{"href":"https:\/\/madelinefashion.pl\/en\/wp-json\/wp\/v2\/product\/525309","targetHints":{"allow":["GET"]}}],"collection":[{"href":"https:\/\/madelinefashion.pl\/en\/wp-json\/wp\/v2\/product"}],"about":[{"href":"https:\/\/madelinefashion.pl\/en\/wp-json\/wp\/v2\/types\/product"}],"wp:featuredmedia":[{"embeddable":true,"href":"https:\/\/madelinefashion.pl\/en\/wp-json\/wp\/v2\/media\/525299"}],"wp:attachment":[{"href":"https:\/\/madelinefashion.pl\/en\/wp-json\/wp\/v2\/media?parent=525309"}],"wp:term":[{"taxonomy":"product_brand","embeddable":true,"href":"https:\/\/madelinefashion.pl\/en\/wp-json\/wp\/v2\/product_brand?post=525309"},{"taxonomy":"product_cat","embeddable":true,"href":"https:\/\/madelinefashion.pl\/en\/wp-json\/wp\/v2\/product_cat?post=525309"},{"taxonomy":"product_tag","embeddable":true,"href":"https:\/\/madelinefashion.pl\/en\/wp-json\/wp\/v2\/product_tag?post=525309"}],"curies":[{"name":"wp","href":"https:\/\/api.w.org\/{rel}","templated":true}]}}