{"id":526881,"date":"2024-04-25T11:18:11","date_gmt":"2024-04-25T09:18:11","guid":{"rendered":"https:\/\/madelinefashion.pl\/?post_type=product&#038;p=526881"},"modified":"2025-09-09T10:04:16","modified_gmt":"2025-09-09T08:04:16","slug":"sukienka-brokatowa-midi-nicol-fuksja","status":"publish","type":"product","link":"https:\/\/madelinefashion.pl\/en\/product\/sukienka-brokatowa-midi-nicol-fuksja\/","title":{"rendered":"Sukienka Brokatowa Midi Nicol Fuksja"},"content":{"rendered":"<h3 style=\"text-align: center;\">Sukienka Brokatowa Midi Nicol Fuksja<\/h3>\n<p style=\"text-align: center;\"><span style=\"font-size: 10pt;\">\u00a0<\/span>Wieczorowa suknia za kolano wykonana z delikatnej, swobodnie uk\u0142adaj\u0105cej si\u0119 tkaniny. Modny fason podkre\u015blaj\u0105cy kobiec\u0105 sylwetk\u0119. Efektowne drapowanie z przodu oraz kopertowy dekolt. <span style=\"font-size: 10pt;\"><strong>It beautifully displays feminine shapes<\/strong>- the bottom of the dress is made entirely of flowing material.<br \/>\nSukienka Nicol to niezwykle kobieca sukienka wykonana z ekskluzywnej po\u0142yskuj\u0105cej <strong>tkaniny diamond<\/strong>. Modny fason podkre\u015blaj\u0105cy kobiec\u0105 sylwetk\u0119. Efektowne drapowanie z przodu, wysmuklaj\u0105cy kopertowy dekolt oraz lekko opadaj\u0105cy na rami\u0119 r\u0119kawek, sprawiaj\u0105 \u017ce sukienka jest bardzo efektowna i \u015bwietnie dopasowuje si\u0119 do sylwetki. Model sukni wysmuklaj\u0105cy, zaprojektowany z my\u015bl\u0105 o sylwetkach PLUS SIZE. <\/span><span style=\"font-size: 10pt;\">Available in sizes 38 40 42 44 46 48 50 52. Available in our e-shop in several color variants, so do not hesitate and choose the one that is perfect for you. If you can&#039;t decide which color, <strong>size<\/strong> is the best for you, <strong>contact us<\/strong> through <a href=\"https:\/\/www.facebook.com\/madelinefashionbutik\" target=\"_blank\" rel=\"noopener\">Facebook<\/a> or <a href=\"https:\/\/madelinefashion.pl\/en\/kontakt\/\">phone<\/a>. If the size is not available on the website, please contact us.\u00a0<\/span><\/p>\n<h3 style=\"text-align: center;\">DRESS DIMENSIONS:<\/h3>\n<p><img fetchpriority=\"high\" decoding=\"async\" class=\"size-medium wp-image-16801 aligncenter\" src=\"https:\/\/madelinefashion.pl\/wp-content\/uploads\/2021\/08\/wymiary-suknia-300x194.png\" alt=\"\" width=\"300\" height=\"194\" title=\"\"><\/p>\n<table style=\"height: 204px;\" width=\"571\">\n<tbody>\n<tr>\n<td>SIZE<\/td>\n<td>38<\/td>\n<td>40<\/td>\n<td>42<\/td>\n<td>44<\/td>\n<\/tr>\n<tr>\n<td>Bust<\/td>\n<td>86<\/td>\n<td>90<\/td>\n<td>94<\/td>\n<td>98<\/td>\n<\/tr>\n<tr>\n<td>Waist<\/td>\n<td>72<\/td>\n<td>76<\/td>\n<td>80<\/td>\n<td>86<\/td>\n<\/tr>\n<tr>\n<td>Hips<\/td>\n<td>\u00a0any<\/td>\n<td>any<\/td>\n<td>\u00a0any<\/td>\n<td>\u00a0any<\/td>\n<\/tr>\n<\/tbody>\n<\/table>\n<p>&nbsp;<\/p>\n<p>&nbsp;<\/p>\n<table style=\"height: 224px;\" width=\"572\">\n<tbody>\n<tr>\n<td>SIZE<\/td>\n<td>46<\/td>\n<td>48<\/td>\n<td>50<\/td>\n<td>52<\/td>\n<\/tr>\n<tr>\n<td>Bust<\/td>\n<td>104<\/td>\n<td>110<\/td>\n<td>116<\/td>\n<td>122<\/td>\n<\/tr>\n<tr>\n<td>Waist<\/td>\n<td>90<\/td>\n<td>96<\/td>\n<td>102<\/td>\n<td>106<\/td>\n<\/tr>\n<tr>\n<td>Hips<\/td>\n<td>\u00a0any<\/td>\n<td>\u00a0any<\/td>\n<td>any<\/td>\n<td>\u00a0any<\/td>\n<\/tr>\n<\/tbody>\n<\/table>\n<p style=\"text-align: center;\"><span style=\"font-size: 10pt;\"> \u00a0<\/span><\/p>\n<p style=\"text-align: center;\"><span style=\"font-size: 10pt;\">total length approx. 120 cm\u00a0\u00a0<\/span><\/p>\n<p style=\"text-align: center;\"><span style=\"font-size: 10pt;\">The dress is also available in <strong>other color variants<\/strong> - we encourage you to familiarize yourself with our other products.\u00a0<\/span><\/p>\n<p style=\"text-align: center;\"><span style=\"font-size: 10pt;\">Dimensions may slightly differ from the given +\/- 2cm.\u00a0<\/span><\/p>\n<p style=\"text-align: center;\"><span style=\"font-size: 10pt;\"><strong>\u00a0<\/strong>\u00a0<\/span><\/p>\n<table width=\"618\">\n<tbody>\n<tr>\n<td width=\"302\">Model name<\/td>\n<td width=\"302\">Sukienka Brokatowa Midi Nicol Fuksja<\/td>\n<\/tr>\n<tr>\n<td width=\"302\">Color<\/td>\n<td width=\"302\">Fuksja Brokatowa<\/td>\n<\/tr>\n<tr>\n<td width=\"302\">Cleavage<\/td>\n<td width=\"302\">\u201e&quot;V&quot;\u201d<\/td>\n<\/tr>\n<tr>\n<td width=\"302\">Sizes<\/td>\n<td width=\"302\">\u00a038 40 42 44 46 48 50 52<\/td>\n<\/tr>\n<tr>\n<td width=\"302\">Fashion<\/td>\n<td width=\"302\">Flared<\/td>\n<\/tr>\n<tr>\n<td width=\"302\">Material<\/td>\n<td width=\"302\">Viscose, Polyester, Cotton<\/td>\n<\/tr>\n<tr>\n<td width=\"302\">Length<\/td>\n<td width=\"302\">Over the knee<\/td>\n<\/tr>\n<\/tbody>\n<\/table>\n<p style=\"text-align: center;\"><span style=\"font-size: 10pt;\">\u00a0<\/span><\/p>\n<p>&nbsp;<\/p>\n<p style=\"text-align: center;\"><span style=\"font-size: 10pt;\">In order to match <strong>perfect dresses<\/strong> we invite you to contact us by phone or contact us <a href=\"https:\/\/www.facebook.com\/madelinefashionbutik\" target=\"_blank\" rel=\"noopener\">Facebook<\/a> .<\/span><br \/>\n<span style=\"font-size: 10pt;\">Our team will help <strong>Choose the right one<\/strong> . <strong>We can make each dress at the request of the buyer\u00a0<\/strong><strong>measure carefully.\u00a0<\/strong><\/span><\/p>\n<div class=\"additional-details\" style=\"text-align: center;\">\n<p style=\"text-align: center;\"><span style=\"font-size: 10pt;\">\u00a0<\/span><\/p>\n<\/div>","protected":false},"excerpt":{"rendered":"<p>Sukienka Brokatowa Midi Nicol Fuksja \u00a0Wieczorowa suknia za kolano wykonana z delikatnej, swobodnie uk\u0142adaj\u0105cej si\u0119 tkaniny. Modny fason podkre\u015blaj\u0105cy kobiec\u0105 sylwetk\u0119. Efektowne drapowanie z przodu oraz kopertowy dekolt. Pi\u0119knie eksponuje kobiece kszta\u0142ty&#8211; d\u00f3\u0142 sukienki wykonany w ca\u0142o\u015bci z lej\u0105cego si\u0119 materia\u0142u. Sukienka Nicol to niezwykle kobieca sukienka wykonana z ekskluzywnej po\u0142yskuj\u0105cej tkaniny diamond. Modny fason<\/p>\n<div class=\"klb-readmore post-buttons\"><a class=\"button black outline size-sm\" href=\"https:\/\/madelinefashion.pl\/en\/product\/sukienka-brokatowa-midi-nicol-fuksja\/\">Read More <i class=\"klbth-icon-right-arrow\"><\/i><\/a><\/div>","protected":false},"featured_media":525666,"template":"","meta":[],"product_brand":[],"product_cat":[124,395,560],"product_tag":[385,262,215],"class_list":{"0":"post-526881","1":"product","2":"type-product","3":"status-publish","4":"has-post-thumbnail","6":"product_cat-sukienki-okolicznosciowe","7":"product_cat-nowosci","8":"product_cat-sukienki-brokatowe","9":"product_tag-plus-size","10":"product_tag-sukienki-krotkie","11":"product_tag-sukienki-rozowe","13":"first","14":"outofstock","15":"product-type-variable"},"_links":{"self":[{"href":"https:\/\/madelinefashion.pl\/en\/wp-json\/wp\/v2\/product\/526881","targetHints":{"allow":["GET"]}}],"collection":[{"href":"https:\/\/madelinefashion.pl\/en\/wp-json\/wp\/v2\/product"}],"about":[{"href":"https:\/\/madelinefashion.pl\/en\/wp-json\/wp\/v2\/types\/product"}],"wp:featuredmedia":[{"embeddable":true,"href":"https:\/\/madelinefashion.pl\/en\/wp-json\/wp\/v2\/media\/525666"}],"wp:attachment":[{"href":"https:\/\/madelinefashion.pl\/en\/wp-json\/wp\/v2\/media?parent=526881"}],"wp:term":[{"taxonomy":"product_brand","embeddable":true,"href":"https:\/\/madelinefashion.pl\/en\/wp-json\/wp\/v2\/product_brand?post=526881"},{"taxonomy":"product_cat","embeddable":true,"href":"https:\/\/madelinefashion.pl\/en\/wp-json\/wp\/v2\/product_cat?post=526881"},{"taxonomy":"product_tag","embeddable":true,"href":"https:\/\/madelinefashion.pl\/en\/wp-json\/wp\/v2\/product_tag?post=526881"}],"curies":[{"name":"wp","href":"https:\/\/api.w.org\/{rel}","templated":true}]}}