{"id":528409,"date":"2024-05-07T14:37:20","date_gmt":"2024-05-07T12:37:20","guid":{"rendered":"https:\/\/madelinefashion.pl\/?post_type=product&#038;p=528409"},"modified":"2026-03-26T12:39:02","modified_gmt":"2026-03-26T11:39:02","slug":"sukienka-satynowa-krotka-z-rekawem-dolce-wrzosowa","status":"publish","type":"product","link":"https:\/\/madelinefashion.pl\/en\/product\/sukienka-satynowa-krotka-z-rekawem-dolce-wrzosowa\/","title":{"rendered":"Dolce Heather Short Sleeve Satin Dress"},"content":{"rendered":"<h3 style=\"text-align: center;\">Dolce Heather Short Sleeve Satin Dress<\/h3>\n<p style=\"text-align: center;\"><span style=\"font-size: 10pt;\">Pi\u0119kna kr\u00f3tka suknia wieczorowa satynowa z r\u0119kawkiem. Pi\u0119knie eksponuje kobiece kszta\u0142ty. Sukienka \u015bwietnie podkre\u015bla kobiece kszta\u0142ty- mega <strong>fitted<\/strong> It will definitely attract the attention of others. . <\/span><span style=\"font-size: 10pt;\">See our offer <strong><a href=\"https:\/\/madelinefashion.pl\/en\/sukienki-i-kombinezony\/sukienki-okolicznosciowe\/\">evening dresses<\/a>\u00a0and select a model, <\/strong>in which you will be <strong>look like a star and you will stand out from the crowd.\u00a0 <\/strong>One cannot be indifferent to her.<strong> Dress in a short version above the knee <\/strong><\/span><span style=\"font-size: 10pt;\">The dress has cups sewn in at the front, so you do not need to wear a bra. <strong>Dress <\/strong>available <\/span><span style=\"font-size: 10pt;\">\u00a0in sizes <strong>34, 36, 38<\/strong> , <strong>40<\/strong>\u00a0 . Sukienka Dolce <\/span><span style=\"font-size: 10pt;\">zw\u0119\u017cana na wysoko\u015bci pasa przepi\u0119knie podkre\u015bla tali\u0119. Je\u015bli nie mo\u017cesz zdecydowa\u0107, kt\u00f3ry kolor, <strong>size<\/strong> is the best for you, <strong>contact us<\/strong> through <a href=\"https:\/\/www.facebook.com\/madelinefashionbutik\" target=\"_blank\" rel=\"noopener\">Facebook<\/a> or <a href=\"https:\/\/madelinefashion.pl\/en\/kontakt\/\">phone<\/a>. If the size is not available on the website, please contact us.\u00a0<\/span><\/p>\n<h3 style=\"text-align: center;\">DRESS DIMENSIONS:<\/h3>\n<table width=\"556\">\n<tbody>\n<tr>\n<td><strong>SIZE<\/strong><\/td>\n<td><strong>Bust<\/strong><\/td>\n<td><strong>Waist<\/strong><\/td>\n<td><strong>Hips<\/strong><\/td>\n<\/tr>\n<tr>\n<td><strong>34<\/strong><\/td>\n<td>84-86<\/td>\n<td>64-68<\/td>\n<td>\u00a082-90<\/td>\n<\/tr>\n<tr>\n<td><strong>36<\/strong><\/td>\n<td>88-90<\/td>\n<td>68-72<\/td>\n<td>\u00a086-92<\/td>\n<\/tr>\n<tr>\n<td><strong>38<\/strong><\/td>\n<td>92-94<\/td>\n<td>72-76<\/td>\n<td>\u00a090-96<\/td>\n<\/tr>\n<tr>\n<td><strong>40<\/strong><\/td>\n<td>96-98<\/td>\n<td>76-80<\/td>\n<td>\u00a094-106<\/td>\n<\/tr>\n<\/tbody>\n<\/table>\n<p style=\"text-align: center;\">\u00a0 total length approx. 95 cm<\/p>\n<p style=\"text-align: center;\">The dress is also available in other colors - see our other products.<\/p>\n<p style=\"text-align: center;\">Dimensions may slightly differ from the given +\/- 2cm.<\/p>\n<p style=\"text-align: center;\"><strong>\u00a0<\/strong><\/p>\n<table>\n<tbody>\n<tr>\n<td width=\"302\">Model name<\/td>\n<td width=\"302\">Sukienka Satynowa Kr\u00f3tka Z R\u0119kawem Dolce<\/td>\n<\/tr>\n<tr>\n<td width=\"302\">Color<\/td>\n<td width=\"302\">Heather<\/td>\n<\/tr>\n<tr>\n<td width=\"302\">Sizes<\/td>\n<td width=\"302\">34 36 38 40<\/td>\n<\/tr>\n<tr>\n<td width=\"302\">Fashion<\/td>\n<td width=\"302\">Matched<\/td>\n<\/tr>\n<tr>\n<td width=\"302\">Material<\/td>\n<td width=\"302\">Viscose, Polyester, Cotton<\/td>\n<\/tr>\n<tr>\n<td width=\"302\">Length<\/td>\n<td width=\"302\">Above the knee<\/td>\n<\/tr>\n<\/tbody>\n<\/table>\n<p>&nbsp;<\/p>\n<p style=\"text-align: center;\">In order to match\u00a0<strong>perfect dresses<\/strong>\u00a0we invite you to contact us by phone or via our facebook.<br \/>\nOur team will help\u00a0<strong>Choose the right one<\/strong>\u00a0.\u00a0<strong>We can make each dress at the request of the buyer\u00a0<\/strong><strong>measure carefully.\u00a0<\/strong><\/p>\n<div class=\"additional-details\">\n<p style=\"text-align: center;\">\n<\/div>","protected":false},"excerpt":{"rendered":"<p>Sukienka Satynowa Kr\u00f3tka Z R\u0119kawem Dolce Wrzosowa Pi\u0119kna kr\u00f3tka suknia wieczorowa satynowa z r\u0119kawkiem. Pi\u0119knie eksponuje kobiece kszta\u0142ty. Sukienka \u015bwietnie podkre\u015bla kobiece kszta\u0142ty- mega dopasowana z ca\u0142\u0105 pewno\u015bci\u0105 skupi uwag\u0119 innych. . Zapoznaj si\u0119 z nasz\u0105 ofert\u0105 sukni wieczorowych\u00a0i wybierz model, w kt\u00f3rej b\u0119dziesz wygl\u0105da\u0107 jak gwiazda i wyr\u00f3\u017cnisz si\u0119 z t\u0142umu.\u00a0 Nie mo\u017cna wobec<\/p>\n<div class=\"klb-readmore post-buttons\"><a class=\"button black outline size-sm\" href=\"https:\/\/madelinefashion.pl\/en\/product\/sukienka-satynowa-krotka-z-rekawem-dolce-wrzosowa\/\">Read More <i class=\"klbth-icon-right-arrow\"><\/i><\/a><\/div>","protected":false},"featured_media":528414,"template":"","meta":[],"product_brand":[],"product_cat":[124,395,559,569],"product_tag":[257,262,259],"class_list":{"0":"post-528409","1":"product","2":"type-product","3":"status-publish","4":"has-post-thumbnail","6":"product_cat-sukienki-okolicznosciowe","7":"product_cat-nowosci","8":"product_cat-noworoczna-sekcja-okazji","9":"product_cat-sukienki-dopasowane","10":"product_tag-madelinefashion","11":"product_tag-sukienki-krotkie","12":"product_tag-sukienki-wrzosowe","14":"first","15":"instock","16":"sale","17":"purchasable","18":"product-type-variable"},"_links":{"self":[{"href":"https:\/\/madelinefashion.pl\/en\/wp-json\/wp\/v2\/product\/528409","targetHints":{"allow":["GET"]}}],"collection":[{"href":"https:\/\/madelinefashion.pl\/en\/wp-json\/wp\/v2\/product"}],"about":[{"href":"https:\/\/madelinefashion.pl\/en\/wp-json\/wp\/v2\/types\/product"}],"wp:featuredmedia":[{"embeddable":true,"href":"https:\/\/madelinefashion.pl\/en\/wp-json\/wp\/v2\/media\/528414"}],"wp:attachment":[{"href":"https:\/\/madelinefashion.pl\/en\/wp-json\/wp\/v2\/media?parent=528409"}],"wp:term":[{"taxonomy":"product_brand","embeddable":true,"href":"https:\/\/madelinefashion.pl\/en\/wp-json\/wp\/v2\/product_brand?post=528409"},{"taxonomy":"product_cat","embeddable":true,"href":"https:\/\/madelinefashion.pl\/en\/wp-json\/wp\/v2\/product_cat?post=528409"},{"taxonomy":"product_tag","embeddable":true,"href":"https:\/\/madelinefashion.pl\/en\/wp-json\/wp\/v2\/product_tag?post=528409"}],"curies":[{"name":"wp","href":"https:\/\/api.w.org\/{rel}","templated":true}]}}