{"id":529396,"date":"2024-05-14T16:30:33","date_gmt":"2024-05-14T14:30:33","guid":{"rendered":"https:\/\/madelinefashion.pl\/?post_type=product&#038;p=529396"},"modified":"2026-04-20T18:53:13","modified_gmt":"2026-04-20T16:53:13","slug":"sukienka-tiulowa-na-ramiaczkach-selena-biala","status":"publish","type":"product","link":"https:\/\/madelinefashion.pl\/en\/product\/sukienka-tiulowa-na-ramiaczkach-selena-biala\/","title":{"rendered":"Selena White Tulle Strap Dress"},"content":{"rendered":"<h3 style=\"text-align: center;\">Selena White Tulle Strap Dress<\/h3>\n<p style=\"text-align: center;\"><strong>\u00a0Beautiful long evening dress made of tulle material<\/strong>. Beautifully accentuates feminine curves \u2013 crafted from delicate, airy tulle. The dress beautifully exposes the back. This strapless dress features a beautiful, striking bodice. It has sewn-in cups at the front, eliminating the need for a bra. If you&#039;re looking for a unique dress that will make you stand out from the crowd \u2013 <strong>Selena model<\/strong> is the perfect option \u2013 glittery tulle adds a subtle sparkle to the dress that looks stunning in the light, especially during the ceremony and reception. <strong data-start=\"224\" data-end=\"272\">premium tulle wedding dress with straps<\/strong> is an ideal proposition for <strong>The bride<\/strong>, who dreams of a romantic, light, and incredibly feminine wedding day look. The combination of delicate tulle, perfect cut, and luxurious finish makes this dress captivating with its form and timeless style. <strong data-start=\"923\" data-end=\"936\">shoulder straps<\/strong> add a light and romantic touch to the dress, while ensuring comfort and stability. The bodice of the dress is designed to subtly accentuate the neckline and shoulders. Available in sizes S M L . If you can&#039;t decide which color, <strong>size<\/strong> is the best for you, <strong>contact us<\/strong> through <a href=\"https:\/\/www.facebook.com\/madelinefashionbutik\" target=\"_blank\" rel=\"noopener\">Facebook<\/a> or <a href=\"https:\/\/madelinefashion.pl\/en\/kontakt\/\">phone<\/a>. If the size is not available on the website, please contact us.<\/p>\n<h3 style=\"text-align: center;\">DRESS DIMENSIONS:<\/h3>\n<table class=\"aligncenter\" style=\"height: 175px;\" width=\"578\">\n<tbody>\n<tr>\n<td><strong>SIZE<\/strong><\/td>\n<td><strong>Bust<\/strong><\/td>\n<td><strong>Waist<\/strong><\/td>\n<td width=\"73\"><strong>Hips<\/strong><\/td>\n<\/tr>\n<tr>\n<td><strong>34<\/strong><\/td>\n<td>84-86<\/td>\n<td>64<\/td>\n<td width=\"73\">\u00a0any<\/td>\n<\/tr>\n<tr>\n<td><strong>36<\/strong><\/td>\n<td>88-90<\/td>\n<td>68<\/td>\n<td width=\"73\">\u00a0any<\/td>\n<\/tr>\n<tr>\n<td><strong>38<\/strong><\/td>\n<td>\u00a092-94<\/td>\n<td>72<\/td>\n<td width=\"73\">\u00a0any<\/td>\n<\/tr>\n<tr>\n<td><strong>40<\/strong><\/td>\n<td>96-98<\/td>\n<td>76<\/td>\n<td width=\"73\">\u00a0any<\/td>\n<\/tr>\n<\/tbody>\n<\/table>\n<p style=\"text-align: center;\"><span style=\"font-size: 10pt;\">total length approx. 157 cm\u00a0\u00a0<\/span><\/p>\n<p style=\"text-align: center;\"><span style=\"font-size: 10pt;\">The dress is also available in <strong>other color variants<\/strong> - we encourage you to familiarize yourself with our other products.\u00a0<\/span><\/p>\n<p style=\"text-align: center;\"><span style=\"font-size: 10pt;\">Dimensions may slightly differ from the given +\/- 2cm.\u00a0<\/span><\/p>\n<p style=\"text-align: center;\"><span style=\"font-size: 10pt;\"><strong>\u00a0<\/strong>\u00a0<\/span><\/p>\n<table width=\"618\">\n<tbody>\n<tr>\n<td width=\"302\">Model name<\/td>\n<td width=\"302\">Selena Tulle Strapless Dress<\/td>\n<\/tr>\n<tr>\n<td width=\"302\">Color<\/td>\n<td width=\"302\">White<\/td>\n<\/tr>\n<tr>\n<td width=\"302\">Material<\/td>\n<td width=\"302\">Tulle<\/td>\n<\/tr>\n<tr>\n<td width=\"302\">Sizes<\/td>\n<td width=\"302\">34 36 38 40<\/td>\n<\/tr>\n<tr>\n<td width=\"302\">Fashion<\/td>\n<td width=\"302\">Matched<\/td>\n<\/tr>\n<tr>\n<td width=\"302\">Material<\/td>\n<td width=\"302\">Viscose, Polyester, Cotton<\/td>\n<\/tr>\n<tr>\n<td width=\"302\">Length<\/td>\n<td width=\"302\">To the ground<\/td>\n<\/tr>\n<\/tbody>\n<\/table>\n<p style=\"text-align: center;\"><span style=\"font-size: 10pt;\">* For larger sizes, please contact us by phone\u00a0\u00a0<\/span><\/p>\n<p style=\"text-align: center;\"><span style=\"font-size: 10pt;\">In order to match <strong>perfect dresses<\/strong> we invite you to contact us by phone or contact us <a href=\"https:\/\/www.facebook.com\/madelinefashionbutik\" target=\"_blank\" rel=\"noopener\">Facebook<\/a> .<\/span><br \/>\n<span style=\"font-size: 10pt;\">Our team will help <strong>Choose the right one<\/strong> . <strong>We can make each dress at the request of the buyer\u00a0<\/strong><strong>measure carefully.\u00a0<\/strong><\/span><\/p>\n<div class=\"additional-details\" style=\"text-align: center;\">\n<p style=\"text-align: center;\"><span style=\"font-size: 10pt;\">\u00a0<\/span><\/p>\n<\/div>","protected":false},"excerpt":{"rendered":"<p>Sukienka Tiulowa Na Rami\u0105czkach Selena Bia\u0142a \u00a0Pi\u0119kna d\u0142uga suknia wieczorowa z tiulowego materia\u0142u. Pi\u0119knie eksponuje kobiece kszta\u0142ty- wykonana z delikatnego, zwiewnego tiulu.\u00a0 Sukienka pi\u0119knie eksponuje plecy. Sukienka na rami\u0105czkach z pi\u0119kn\u0105, efektown\u0105 g\u00f3r\u0105. Posiada z przodu wszyte miseczki, dzi\u0119ki czemu nie trzeba zak\u0142ada\u0107 biustonosza. Je\u015bli szukasz wyj\u0105tkowej sukni, kt\u00f3ra pozwoli Ci si\u0119 wyr\u00f3\u017cni\u0107 z t\u0142umu<\/p>\n<div class=\"klb-readmore post-buttons\"><a class=\"button black outline size-sm\" href=\"https:\/\/madelinefashion.pl\/en\/product\/sukienka-tiulowa-na-ramiaczkach-selena-biala\/\">Read More <i class=\"klbth-icon-right-arrow\"><\/i><\/a><\/div>","protected":false},"featured_media":529393,"template":"","meta":[],"product_brand":[],"product_cat":[124,564,561,566,631],"product_tag":[219,163],"class_list":{"0":"post-529396","1":"product","2":"type-product","3":"status-publish","4":"has-post-thumbnail","6":"product_cat-sukienki-okolicznosciowe","7":"product_cat-sukienki-plus-size","8":"product_cat-sukienki-tiulowe","9":"product_cat-suknie-slubne","10":"product_cat-suknie-slubne-tiulowe","11":"product_tag-sukienka-biala","12":"product_tag-sukienki-dlugie","14":"first","15":"instock","16":"purchasable","17":"product-type-variable"},"_links":{"self":[{"href":"https:\/\/madelinefashion.pl\/en\/wp-json\/wp\/v2\/product\/529396","targetHints":{"allow":["GET"]}}],"collection":[{"href":"https:\/\/madelinefashion.pl\/en\/wp-json\/wp\/v2\/product"}],"about":[{"href":"https:\/\/madelinefashion.pl\/en\/wp-json\/wp\/v2\/types\/product"}],"wp:featuredmedia":[{"embeddable":true,"href":"https:\/\/madelinefashion.pl\/en\/wp-json\/wp\/v2\/media\/529393"}],"wp:attachment":[{"href":"https:\/\/madelinefashion.pl\/en\/wp-json\/wp\/v2\/media?parent=529396"}],"wp:term":[{"taxonomy":"product_brand","embeddable":true,"href":"https:\/\/madelinefashion.pl\/en\/wp-json\/wp\/v2\/product_brand?post=529396"},{"taxonomy":"product_cat","embeddable":true,"href":"https:\/\/madelinefashion.pl\/en\/wp-json\/wp\/v2\/product_cat?post=529396"},{"taxonomy":"product_tag","embeddable":true,"href":"https:\/\/madelinefashion.pl\/en\/wp-json\/wp\/v2\/product_tag?post=529396"}],"curies":[{"name":"wp","href":"https:\/\/api.w.org\/{rel}","templated":true}]}}