{"id":529710,"date":"2024-05-16T10:15:58","date_gmt":"2024-05-16T08:15:58","guid":{"rendered":"https:\/\/madelinefashion.pl\/?post_type=product&#038;p=529710"},"modified":"2026-04-24T13:30:37","modified_gmt":"2026-04-24T11:30:37","slug":"sukienka-violett-zdobiona-piorkami-pudrowy-roz","status":"publish","type":"product","link":"https:\/\/madelinefashion.pl\/en\/product\/sukienka-violett-zdobiona-piorkami-pudrowy-roz\/","title":{"rendered":"Violett Dress Decorated with Feathers Powder Pink"},"content":{"rendered":"<h3 style=\"text-align: center;\">Violett Dress Decorated with Feathers Powder Pink<\/h3>\n<p style=\"text-align: center;\"><span style=\"font-size: 10pt;\">A beautiful maxi evening dress adorned with feathers. The dress perfectly accentuates feminine curves \u2013 fantastic! <strong>fitted<\/strong> It will definitely attract the attention of others. . <\/span><span style=\"font-size: 10pt;\">See our offer <strong><a href=\"https:\/\/madelinefashion.pl\/en\/sukienki-i-kombinezony\/sukienki-okolicznosciowe\/\">evening dresses<\/a>\u00a0and select a model, <\/strong>in which you will be <strong>look like a star and you will stand out from the crowd.\u00a0 <\/strong>One cannot be indifferent to her.<strong> Dress in a long version above the knee <\/strong><\/span><span style=\"font-size: 10pt;\">The dress has cups sewn in at the front, so you do not need to wear a bra. Made and sewn in Poland. <strong>Violett dress <\/strong>available <\/span><span style=\"font-size: 10pt;\">\u00a0in sizes <strong>34, 36, 38<\/strong> , <strong>40<\/strong>\u00a0 . Dresses <strong>Pretty Women<\/strong> is an excellent choice for a wedding, prom, New Year&#039;s Eve and other elegant special events.\u00a0 <\/span><span style=\"font-size: 10pt;\">The model is made of elastic,<\/span><span style=\"font-size: 10pt;\"> It adapts perfectly to the figure. This model is tapered at the waist, beautifully accentuating the waist. The back beautifully highlights the back. This dress is sure to attract attention \u2013 additionally embellished with black feathers. <\/span><strong style=\"font-size: 10pt;\">The dress looks subtle thanks to the classic cut. <\/strong><span style=\"font-size: 10pt;\">\u00a0Available in our e-shop in several color variants, so do not hesitate and choose the one that is perfect for you. If you can&#039;t decide which color, <\/span><strong style=\"font-size: 10pt;\">size<\/strong><span style=\"font-size: 10pt;\"> is the best for you, <\/span><strong style=\"font-size: 10pt;\">contact us<\/strong><span style=\"font-size: 10pt;\"> through <\/span><a style=\"font-size: 10pt;\" href=\"https:\/\/www.facebook.com\/madelinefashionbutik\" target=\"_blank\" rel=\"noopener\">Facebook<\/a><span style=\"font-size: 10pt;\"> or <\/span><a style=\"font-size: 10pt;\" href=\"https:\/\/madelinefashion.pl\/en\/kontakt\/\">phone<\/a><span style=\"font-size: 10pt;\">. If the size is not available on the website, please contact us.\u00a0<\/span><\/p>\n<h3 style=\"text-align: center;\">DRESS DIMENSIONS:<\/h3>\n<table width=\"556\">\n<tbody>\n<tr>\n<td><strong>SIZE<\/strong><\/td>\n<td><strong>Bust<\/strong><\/td>\n<td><strong>Waist<\/strong><\/td>\n<td><strong>Hips<\/strong><\/td>\n<\/tr>\n<tr>\n<td><strong>34<\/strong><\/td>\n<td>84-86<\/td>\n<td>64-68<\/td>\n<td>\u00a082-90<\/td>\n<\/tr>\n<tr>\n<td><strong>36<\/strong><\/td>\n<td>88-90<\/td>\n<td>68-72<\/td>\n<td>\u00a086-92<\/td>\n<\/tr>\n<tr>\n<td><strong>38<\/strong><\/td>\n<td>92-94<\/td>\n<td>72-76<\/td>\n<td>\u00a090-96<\/td>\n<\/tr>\n<tr>\n<td><strong>40<\/strong><\/td>\n<td>96-98<\/td>\n<td>76-80<\/td>\n<td>\u00a094-106<\/td>\n<\/tr>\n<\/tbody>\n<\/table>\n<p style=\"text-align: center;\">\u00a0 total length approx. 160 cm (the dress can be shortened on your own)<\/p>\n<p style=\"text-align: center;\">The dress is also available in other colors - see our other products.<\/p>\n<p style=\"text-align: center;\">Dimensions may slightly differ from the given +\/- 2cm.<\/p>\n<p>&nbsp;<\/p>\n<table>\n<tbody>\n<tr>\n<td width=\"302\">Model name<\/td>\n<td width=\"302\">Violett Dress Decorated with Feathers<\/td>\n<\/tr>\n<tr>\n<td width=\"302\">Color<\/td>\n<td width=\"302\"><span style=\"font-size: 10pt;\">Powder Pink<\/span><\/td>\n<\/tr>\n<tr>\n<td width=\"302\">Mark<\/td>\n<td width=\"302\">Pretty Women<\/td>\n<\/tr>\n<tr>\n<td width=\"302\">Sizes<\/td>\n<td width=\"302\">34 36 38 40<\/td>\n<\/tr>\n<tr>\n<td width=\"302\">Fashion<\/td>\n<td width=\"302\">Matched<\/td>\n<\/tr>\n<tr>\n<td width=\"302\">Material<\/td>\n<td width=\"302\">Viscose, Polyester, Cotton<\/td>\n<\/tr>\n<tr>\n<td width=\"302\">Length<\/td>\n<td width=\"302\">To the ground<\/td>\n<\/tr>\n<\/tbody>\n<\/table>\n<p>&nbsp;<\/p>\n<p style=\"text-align: center;\">In order to match\u00a0<strong>perfect dresses<\/strong>\u00a0we invite you to contact us by phone or via our facebook.<br \/>\nOur team will help\u00a0<strong>Choose the right one<\/strong>\u00a0.\u00a0<strong>We can make each dress at the request of the buyer\u00a0<\/strong><strong>measure carefully.\u00a0<\/strong><\/p>\n<div class=\"additional-details\">\n<p style=\"text-align: center;\">\n<\/div>","protected":false},"excerpt":{"rendered":"<p>Sukienka Violett Zdobiona Pi\u00f3rkami Pudrowy R\u00f3\u017c Pi\u0119kna maxi suknia wieczorowa zdobiona\u00a0 pi\u00f3rkami. Sukienka \u015bwietnie podkre\u015bla kobiece kszta\u0142ty- mega dopasowana z ca\u0142\u0105 pewno\u015bci\u0105 skupi uwag\u0119 innych. . Zapoznaj si\u0119 z nasz\u0105 ofert\u0105 sukni wieczorowych\u00a0i wybierz model, w kt\u00f3rej b\u0119dziesz wygl\u0105da\u0107 jak gwiazda i wyr\u00f3\u017cnisz si\u0119 z t\u0142umu.\u00a0 Nie mo\u017cna wobec niej przej\u015b\u0107 oboj\u0119tnie. Sukienka w d\u0142ugiej<\/p>\n<div class=\"klb-readmore post-buttons\"><a class=\"button black outline size-sm\" href=\"https:\/\/madelinefashion.pl\/en\/product\/sukienka-violett-zdobiona-piorkami-pudrowy-roz\/\">Read More <i class=\"klbth-icon-right-arrow\"><\/i><\/a><\/div>","protected":false},"featured_media":529705,"template":"","meta":[],"product_brand":[],"product_cat":[124,569,562],"product_tag":[257,163,215],"class_list":{"0":"post-529710","1":"product","2":"type-product","3":"status-publish","4":"has-post-thumbnail","6":"product_cat-sukienki-okolicznosciowe","7":"product_cat-sukienki-dopasowane","8":"product_cat-sukienki-z-piorkami","9":"product_tag-madelinefashion","10":"product_tag-sukienki-dlugie","11":"product_tag-sukienki-rozowe","13":"first","14":"instock","15":"purchasable","16":"product-type-variable"},"_links":{"self":[{"href":"https:\/\/madelinefashion.pl\/en\/wp-json\/wp\/v2\/product\/529710","targetHints":{"allow":["GET"]}}],"collection":[{"href":"https:\/\/madelinefashion.pl\/en\/wp-json\/wp\/v2\/product"}],"about":[{"href":"https:\/\/madelinefashion.pl\/en\/wp-json\/wp\/v2\/types\/product"}],"wp:featuredmedia":[{"embeddable":true,"href":"https:\/\/madelinefashion.pl\/en\/wp-json\/wp\/v2\/media\/529705"}],"wp:attachment":[{"href":"https:\/\/madelinefashion.pl\/en\/wp-json\/wp\/v2\/media?parent=529710"}],"wp:term":[{"taxonomy":"product_brand","embeddable":true,"href":"https:\/\/madelinefashion.pl\/en\/wp-json\/wp\/v2\/product_brand?post=529710"},{"taxonomy":"product_cat","embeddable":true,"href":"https:\/\/madelinefashion.pl\/en\/wp-json\/wp\/v2\/product_cat?post=529710"},{"taxonomy":"product_tag","embeddable":true,"href":"https:\/\/madelinefashion.pl\/en\/wp-json\/wp\/v2\/product_tag?post=529710"}],"curies":[{"name":"wp","href":"https:\/\/api.w.org\/{rel}","templated":true}]}}