{"id":530776,"date":"2024-05-22T11:04:45","date_gmt":"2024-05-22T09:04:45","guid":{"rendered":"https:\/\/madelinefashion.pl\/?post_type=product&#038;p=530776"},"modified":"2026-01-20T10:33:12","modified_gmt":"2026-01-20T09:33:12","slug":"bluzka-bawelniana-gladka-z-ozdobnym-rekawem-cody-turkusowa","status":"publish","type":"product","link":"https:\/\/madelinefashion.pl\/en\/product\/bluzka-bawelniana-gladka-z-ozdobnym-rekawem-cody-turkusowa\/","title":{"rendered":"Plain Cotton Blouse with Decorative Sleeves Cody Turquoise"},"content":{"rendered":"<h3 style=\"text-align: center;\">Plain Cotton Blouse with Decorative Sleeves Cody Turquoise<\/h3>\n<p style=\"text-align: center;\">\u00a0This blouse is made of exceptionally comfortable material. This short-sleeved blouse features a simple, classic design. You can easily wear it for everyday wear, work, family gatherings, or even a more important occasion. Thanks to the material&#039;s structure, we recommend pairing it with high boots, which will definitely make you stand out from the crowd. .\u00a0 <strong>The size is UNIVERSAL<\/strong> recommended for ladies wearing <strong> SML XL<\/strong><strong>,<\/strong>\u00a0but we recommend\u00a0<strong>accurate measurement <\/strong>according to the dimension table below. Available in our e-shop in several color variants, so do not hesitate and choose the one that is perfect for you. If you cannot decide which color is best for you, please contact us through <strong>Facebook<\/strong>\u00a0or phone.<\/p>\n<h3 style=\"text-align: center;\">Dimensions :<\/h3>\n<ul>\n<li style=\"text-align: center;\">Total length: 64 cm<\/li>\n<li style=\"text-align: center;\">Width from armpit to armpit: 58-74 cm<\/li>\n<li style=\"text-align: center;\"><\/li>\n<li style=\"text-align: center;\"><\/li>\n<\/ul>\n<p style=\"text-align: center;\">Dimensions may slightly differ from the given +\/- 2cm. All dimensions given are measured flat.<\/p>\n<table width=\"610\">\n<tbody>\n<tr>\n<td width=\"302\">Model name<\/td>\n<td width=\"302\">Plain Cotton Blouse with Decorative Sleeve Cody<\/td>\n<\/tr>\n<tr>\n<td width=\"302\">Color<\/td>\n<td width=\"302\">Turquoise<\/td>\n<\/tr>\n<tr>\n<td width=\"302\">Sizes<\/td>\n<td width=\"302\">Universal<\/td>\n<\/tr>\n<tr>\n<td width=\"302\">Collection<\/td>\n<td width=\"302\">Spring \/ Autumn \/ Winter<\/td>\n<\/tr>\n<tr>\n<td width=\"302\">Cleavage<\/td>\n<td width=\"302\">\u00a0V<\/td>\n<\/tr>\n<tr>\n<td width=\"302\">Warmed up<\/td>\n<td width=\"302\">Uninsulated<\/td>\n<\/tr>\n<tr>\n<td width=\"302\">Material<\/td>\n<td width=\"302\">95% Viscose 5% Elastane<\/td>\n<\/tr>\n<\/tbody>\n<\/table>\n<section class=\"page-product-box\">\n<div class=\"rte\">\n<div class=\"tabs tabs-bb clear mb-80\">\n<div class=\"tab-content\">\n<div id=\"tab-description\" class=\"tab-pane fade in woocommerce-Tabs-panel--description active\">\n<p style=\"text-align: center;\">The model has\u00a0<strong>169<\/strong>\u00a0cm tall, wears a size every day\u00a0<strong>S.<\/strong><\/p>\n<p style=\"text-align: center;\">Bust width 91 cm<\/p>\n<p style=\"text-align: center;\">Waist width 71 cm<\/p>\n<p style=\"text-align: center;\">Hip width 96 cm<\/p>\n<\/div>\n<\/div>\n<\/div>\n<\/div>\n<\/section>","protected":false},"excerpt":{"rendered":"<p>Bluzka Bawe\u0142niana G\u0142adka Z Ozdobnym R\u0119kawem Cody Turkusowa \u00a0Bluzka wykonany z niezwykle przyjemnego materia\u0142u. Bluzka na kr\u00f3tki r\u0119kaw w prostym, klasycznym fasonie. Z powodzeniem mo\u017cesz go ubra\u0107 na codzienne wyj\u015bcia, do pracy, spotkanie rodzinne czy nawet na wa\u017cniejsz\u0105 okazj\u0119. Dzi\u0119ki strukturze materia\u0142u\u00a0 Zalecamy \u0142\u0105czenie ich z wysokimi butami co sprawi, \u017ce na pewno wyr\u00f3\u017cnisz si\u0119<\/p>\n<div class=\"klb-readmore post-buttons\"><a class=\"button black outline size-sm\" href=\"https:\/\/madelinefashion.pl\/en\/product\/bluzka-bawelniana-gladka-z-ozdobnym-rekawem-cody-turkusowa\/\">Read More <i class=\"klbth-icon-right-arrow\"><\/i><\/a><\/div>","protected":false},"featured_media":530764,"template":"","meta":[],"product_brand":[],"product_cat":[87,395],"product_tag":[479],"class_list":{"0":"post-530776","1":"product","2":"type-product","3":"status-publish","4":"has-post-thumbnail","6":"product_cat-bluzki-2","7":"product_cat-nowosci","8":"product_tag-bluzki-z-krotkim-rekawem","10":"first","11":"instock","12":"sale","13":"purchasable","14":"product-type-simple"},"_links":{"self":[{"href":"https:\/\/madelinefashion.pl\/en\/wp-json\/wp\/v2\/product\/530776","targetHints":{"allow":["GET"]}}],"collection":[{"href":"https:\/\/madelinefashion.pl\/en\/wp-json\/wp\/v2\/product"}],"about":[{"href":"https:\/\/madelinefashion.pl\/en\/wp-json\/wp\/v2\/types\/product"}],"wp:featuredmedia":[{"embeddable":true,"href":"https:\/\/madelinefashion.pl\/en\/wp-json\/wp\/v2\/media\/530764"}],"wp:attachment":[{"href":"https:\/\/madelinefashion.pl\/en\/wp-json\/wp\/v2\/media?parent=530776"}],"wp:term":[{"taxonomy":"product_brand","embeddable":true,"href":"https:\/\/madelinefashion.pl\/en\/wp-json\/wp\/v2\/product_brand?post=530776"},{"taxonomy":"product_cat","embeddable":true,"href":"https:\/\/madelinefashion.pl\/en\/wp-json\/wp\/v2\/product_cat?post=530776"},{"taxonomy":"product_tag","embeddable":true,"href":"https:\/\/madelinefashion.pl\/en\/wp-json\/wp\/v2\/product_tag?post=530776"}],"curies":[{"name":"wp","href":"https:\/\/api.w.org\/{rel}","templated":true}]}}