{"id":531267,"date":"2024-05-23T11:59:52","date_gmt":"2024-05-23T09:59:52","guid":{"rendered":"https:\/\/madelinefashion.pl\/?post_type=product&#038;p=531267"},"modified":"2024-05-23T12:06:30","modified_gmt":"2024-05-23T10:06:30","slug":"komplet-dwuczesciowy-spodniczka-i-koszula-glam-bialy","status":"publish","type":"product","link":"https:\/\/madelinefashion.pl\/en\/product\/komplet-dwuczesciowy-spodniczka-i-koszula-glam-bialy\/","title":{"rendered":"Glam White Two-Piece Skirt and Shirt Set"},"content":{"rendered":"<h3 style=\"text-align: center;\">Glam White Two-Piece Skirt and Shirt Set<\/h3>\n<p style=\"text-align: center;\"><strong>A phenomenal set consisting of a tied shirt and a skirt<\/strong>.A summer set consisting of a shirt-style blouse with a tie at the bottom and a cloche-style skirt with an elastic waistband. <strong>The whole thing is very impressive<\/strong>. The elastic state of the skirt makes it fit most body shapes. <strong>Set <\/strong>It features embroidered lace inserts and ruffles on the skirt. Our set is the perfect choice for any outfit you want to shine in. Available in gorgeous colors, it&#039;s perfect for the upcoming season. A truly summery choice \u2013 a definite must-have. <strong>Must have<\/strong> of the coming season .. Recommended for ladies wearing size <strong>XS<\/strong> <strong>SML<\/strong><\/p>\n<p>&nbsp;<\/p>\n<h3 style=\"text-align: center;\">\u00a0 \u00a0 \u00a0Dimensions :<\/h3>\n<p style=\"text-align: center;\">Shirt:<br \/>\ntotal length front 49 cm<br \/>\ntotal length back 66 cm<br \/>\nwidth from armpit to armpit 59 cm<\/p>\n<p style=\"text-align: center;\">Skirt:<br \/>\nWaist width (elastic): 32-47 cm<br \/>\nTotal length: 40 cm<\/p>\n<p style=\"text-align: center;\">Dimensions may slightly differ from the given +\/- 2cm. All dimensions given are measured flat.<\/p>\n<table width=\"618\">\n<tbody>\n<tr>\n<td width=\"302\">Model name<\/td>\n<td width=\"302\">Glam Skirt and Shirt Two-Piece Set<\/td>\n<\/tr>\n<tr>\n<td width=\"302\">Color<\/td>\n<td width=\"302\">White<\/td>\n<\/tr>\n<tr>\n<td width=\"302\">Sizes<\/td>\n<td width=\"302\">Universal<\/td>\n<\/tr>\n<tr>\n<td width=\"302\">Fashion<\/td>\n<td width=\"302\">Oversize<\/td>\n<\/tr>\n<tr>\n<td width=\"302\">Material<\/td>\n<td width=\"302\">100% cotton<\/td>\n<\/tr>\n<\/tbody>\n<\/table>\n<div class=\"tabs tabs-bb clear mb-80\">\n<div class=\"tab-content\">\n<div id=\"tab-description\" class=\"tab-pane fade in woocommerce-Tabs-panel--description active\">\n<p style=\"text-align: center;\">The model has\u00a0<strong>169<\/strong>\u00a0cm tall, wears a size every day\u00a0<strong>S.<\/strong><\/p>\n<p style=\"text-align: center;\">The width at the bust is 92 cm<\/p>\n<p style=\"text-align: center;\">Waist width 62 cm<\/p>\n<p style=\"text-align: center;\">The width at the hips is 94 cm<\/p>\n<\/div>\n<\/div>\n<\/div>\n<section class=\"related products mb-80\"><\/section>\n<p style=\"text-align: center;\">","protected":false},"excerpt":{"rendered":"<p>Komplet Dwucz\u0119\u015bciowy Sp\u00f3dniczka i Koszula Glam Bia\u0142y Zjawiskowy Komplet sk\u0142adaj\u0105cy si\u0119 z wi\u0105zanej koszuli oraz sp\u00f3dnicy.\u00a0 Letni komplet sk\u0142adaj\u0105cy si\u0119 z bluzki o fasonie koszuli z wi\u0105zaniem na dole oraz\u00a0 sp\u00f3dnicy wz\u00f3r klosza z gumk\u0105. Ca\u0142o\u015b\u0107 prezentuje niezwykle efektownie. Elastyczny stan sp\u00f3dniczki sprawia, \u017ce b\u0119dzie pasowa\u0142 na wi\u0119kszo\u015b\u0107 sylwetek. Komplet posiada koronkowe haftowane wstawki oraz<\/p>\n<div class=\"klb-readmore post-buttons\"><a class=\"button black outline size-sm\" href=\"https:\/\/madelinefashion.pl\/en\/product\/komplet-dwuczesciowy-spodniczka-i-koszula-glam-bialy\/\">Read More <i class=\"klbth-icon-right-arrow\"><\/i><\/a><\/div>","protected":false},"featured_media":530828,"template":"","meta":[],"product_brand":[],"product_cat":[89],"product_tag":[],"class_list":{"0":"post-531267","1":"product","2":"type-product","3":"status-publish","4":"has-post-thumbnail","6":"product_cat-komplety","7":"pa_rozmiar-s-m","8":"pa_rozmiar-l-xl","10":"first","11":"instock","12":"purchasable","13":"product-type-simple"},"_links":{"self":[{"href":"https:\/\/madelinefashion.pl\/en\/wp-json\/wp\/v2\/product\/531267","targetHints":{"allow":["GET"]}}],"collection":[{"href":"https:\/\/madelinefashion.pl\/en\/wp-json\/wp\/v2\/product"}],"about":[{"href":"https:\/\/madelinefashion.pl\/en\/wp-json\/wp\/v2\/types\/product"}],"wp:featuredmedia":[{"embeddable":true,"href":"https:\/\/madelinefashion.pl\/en\/wp-json\/wp\/v2\/media\/530828"}],"wp:attachment":[{"href":"https:\/\/madelinefashion.pl\/en\/wp-json\/wp\/v2\/media?parent=531267"}],"wp:term":[{"taxonomy":"product_brand","embeddable":true,"href":"https:\/\/madelinefashion.pl\/en\/wp-json\/wp\/v2\/product_brand?post=531267"},{"taxonomy":"product_cat","embeddable":true,"href":"https:\/\/madelinefashion.pl\/en\/wp-json\/wp\/v2\/product_cat?post=531267"},{"taxonomy":"product_tag","embeddable":true,"href":"https:\/\/madelinefashion.pl\/en\/wp-json\/wp\/v2\/product_tag?post=531267"}],"curies":[{"name":"wp","href":"https:\/\/api.w.org\/{rel}","templated":true}]}}