{"id":535793,"date":"2024-06-26T15:07:08","date_gmt":"2024-06-26T13:07:08","guid":{"rendered":"https:\/\/madelinefashion.pl\/?post_type=product&#038;p=535793"},"modified":"2026-04-24T13:30:17","modified_gmt":"2026-04-24T11:30:17","slug":"bolerko-krotkie-dopasowane-charlot-bezowe","status":"publish","type":"product","link":"https:\/\/madelinefashion.pl\/en\/product\/bolerko-krotkie-dopasowane-charlot-bezowe\/","title":{"rendered":"Short Fitted Bolero Charlot Beige"},"content":{"rendered":"<h3 style=\"text-align: center;\">Short Fitted Bolero Charlot Beige<\/h3>\n<p style=\"text-align: center;\"><strong>Bolero <\/strong>This classic model is recommended as a stylish addition. The material is thicker and very elegant. High-quality materials. <strong>Classic bolero<\/strong> in a face and fashionable shade<strong>\u00a0<\/strong>must find a place in your wardrobe - especially if you are looking to diversify minimalist sets.<br \/>\n<strong>High quality material<\/strong>, The material from which the jacket is made guarantees durability and allows it to last for many seasons. This timeless model will serve you for many years and can be used in various ways and on various occasions.<\/p>\n<p>&nbsp;<\/p>\n<h3 style=\"text-align: center;\">Dimensions:<\/h3>\n<p style=\"text-align: center;\"><strong>S \/ 36<\/strong><\/p>\n<p style=\"text-align: center;\">From armpit to armpit 34cm- 50cm<br \/>\nTotal length 38 cm<br \/>\nWaist width 35-43<br \/>\nSleeve length from the armpit 45 cm<br \/>\nSleeve length from shoulder 58 cm<\/p>\n<p>&nbsp;<\/p>\n<p style=\"text-align: center;\"><strong>M \/ 38<\/strong><\/p>\n<p style=\"text-align: center;\">From armpit to armpit 36cm- 52cm<br \/>\nTotal length 38 cm<br \/>\nWaist width 37-45<br \/>\nSleeve length from armpit 46cm<br \/>\nSleeve length from shoulder 59 cm<\/p>\n<p style=\"text-align: center;\"><strong>L \/ 40<\/strong><\/p>\n<p style=\"text-align: center;\">From armpit to armpit 38cm- 54cm<br \/>\nTotal length 39 cm<br \/>\nWaist width 39-47<br \/>\nSleeve length from armpit 47 cm<br \/>\nSleeve length from the shoulder 60 cm<\/p>\n<p>&nbsp;<\/p>\n<p>&nbsp;<\/p>\n<p style=\"text-align: center;\">Dimensions may vary from the given +\/- 2cm. All dimensions given are measured flat. Dimension <strong>x2<\/strong><\/p>\n<p>&nbsp;<\/p>\n<p>&nbsp;<\/p>\n<p style=\"text-align: center;\"><strong>\u00a0<\/strong><\/p>\n<table>\n<tbody>\n<tr>\n<td width=\"302\">Model name<\/td>\n<td width=\"302\">Short Fitted Bolero Charlot<\/td>\n<\/tr>\n<tr>\n<td width=\"302\">Color<\/td>\n<td width=\"302\">Without<\/td>\n<\/tr>\n<tr>\n<td width=\"302\">Sizes<\/td>\n<td width=\"302\">Universal<\/td>\n<\/tr>\n<tr>\n<td width=\"302\">Fashion<\/td>\n<td width=\"302\">Elegant<\/td>\n<\/tr>\n<tr>\n<td width=\"302\">Material<\/td>\n<td width=\"302\">97% polyester 3% spandex<\/td>\n<\/tr>\n<\/tbody>\n<\/table>\n<p style=\"text-align: center;\">","protected":false},"excerpt":{"rendered":"<p>Bolerko Kr\u00f3tkie Dopasowane Charlot Be\u017cowe Bolerko to klasyczny model\u00a0 polecany jako dope\u0142nienie stylizacji. Materia\u0142 grubszy, bardzo elegancki. Wysoka jako\u015b\u0107 materia\u0142u. Klasyczne bolerko w twarzowym i modnym odcieniu\u00a0musi znale\u017a\u0107 miejsce w Twojej garderobie \u2013 szczeg\u00f3lnie je\u015bli poszukujesz urozmaicenia minimalistycznych zestaw\u00f3w. Wysoka jako\u015b\u0107 materia\u0142u, z kt\u00f3rego wykonana jest marynarka gwarantuje trwa\u0142o\u015b\u0107 produktu i powoduje, \u017ce mo\u017ce on<\/p>\n<div class=\"klb-readmore post-buttons\"><a class=\"button black outline size-sm\" href=\"https:\/\/madelinefashion.pl\/en\/product\/bolerko-krotkie-dopasowane-charlot-bezowe\/\">Read More <i class=\"klbth-icon-right-arrow\"><\/i><\/a><\/div>","protected":false},"featured_media":535755,"template":"","meta":[],"product_brand":[],"product_cat":[95,116,395],"product_tag":[],"class_list":{"0":"post-535793","1":"product","2":"type-product","3":"status-publish","4":"has-post-thumbnail","6":"product_cat-marynarki-i-zakiety","7":"product_cat-bolerka","8":"product_cat-nowosci","9":"pa_rozmiar-s-36","10":"pa_rozmiar-m-38","11":"pa_rozmiar-l-40","13":"first","14":"instock","15":"purchasable","16":"product-type-variable"},"_links":{"self":[{"href":"https:\/\/madelinefashion.pl\/en\/wp-json\/wp\/v2\/product\/535793","targetHints":{"allow":["GET"]}}],"collection":[{"href":"https:\/\/madelinefashion.pl\/en\/wp-json\/wp\/v2\/product"}],"about":[{"href":"https:\/\/madelinefashion.pl\/en\/wp-json\/wp\/v2\/types\/product"}],"wp:featuredmedia":[{"embeddable":true,"href":"https:\/\/madelinefashion.pl\/en\/wp-json\/wp\/v2\/media\/535755"}],"wp:attachment":[{"href":"https:\/\/madelinefashion.pl\/en\/wp-json\/wp\/v2\/media?parent=535793"}],"wp:term":[{"taxonomy":"product_brand","embeddable":true,"href":"https:\/\/madelinefashion.pl\/en\/wp-json\/wp\/v2\/product_brand?post=535793"},{"taxonomy":"product_cat","embeddable":true,"href":"https:\/\/madelinefashion.pl\/en\/wp-json\/wp\/v2\/product_cat?post=535793"},{"taxonomy":"product_tag","embeddable":true,"href":"https:\/\/madelinefashion.pl\/en\/wp-json\/wp\/v2\/product_tag?post=535793"}],"curies":[{"name":"wp","href":"https:\/\/api.w.org\/{rel}","templated":true}]}}