{"id":535806,"date":"2024-06-26T15:17:49","date_gmt":"2024-06-26T13:17:49","guid":{"rendered":"https:\/\/madelinefashion.pl\/?post_type=product&#038;p=535806"},"modified":"2025-10-14T12:11:40","modified_gmt":"2025-10-14T10:11:40","slug":"spodnica-bandazowa-z-zlotymi-guzikami-charlot-bezowa","status":"publish","type":"product","link":"https:\/\/madelinefashion.pl\/en\/product\/spodnica-bandazowa-z-zlotymi-guzikami-charlot-bezowa\/","title":{"rendered":"Charlot Beige Bandage Skirt with Gold Buttons"},"content":{"rendered":"<h3 style=\"text-align: center;\">Charlot Beige Bandage Skirt with Gold Buttons<\/h3>\n<p style=\"text-align: center;\"><span style=\"font-family: arial, helvetica, sans-serif; font-size: 10pt;\"><strong>Bandage skirt<\/strong> perfectly <strong>emphasizes feminine shapes<\/strong>. The skirt has an elastic waistband and a very stretchy fit. It&#039;s a bestseller in our boutique. The skirt is a real hit with bloggers and celebrities. <\/span><span style=\"font-size: 10pt;\">\u00a0In our skirt you will always present yourself <strong>attractive<\/strong>. <\/span><span style=\"font-size: 10pt;\"><strong>Create the perfect set<\/strong> with our <a href=\"https:\/\/madelinefashion.pl\/en\/bluzki-2\/bluzki\/\">blouses<\/a> and <a href=\"https:\/\/madelinefashion.pl\/en\/body\/\">bodami<\/a>. . Surely in our online boutique you will find the right combination with <strong>skirt<\/strong>. Recommended for women in sizes XS, S, M<\/span><\/p>\n<h3 style=\"text-align: center;\">Dimensions:<\/h3>\n<p style=\"text-align: center;\"><strong>S \/ 36<\/strong><br \/>\nWaist width (elastic): 34-41 cm<br \/>\nTotal length: 64 cm<\/p>\n<p style=\"text-align: center;\"><strong>M \/ 38<\/strong><br \/>\nWaist width (elastic): 36-43 cm<br \/>\nTotal length: 65 cm<\/p>\n<p style=\"text-align: center;\"><strong>L \/ 40<\/strong><br \/>\nWaist width (elastic): 38-45 cm<br \/>\nTotal length: 66 cm<\/p>\n<p style=\"text-align: center;\"><span style=\"font-size: 10pt;\">Dimensions may slightly differ from the given +\/- 2cm. All dimensions given are measured flat.<\/span><\/p>\n<p style=\"text-align: center;\"><span style=\"font-size: 10pt;\">\u00a0<\/span><\/p>\n<table>\n<tbody>\n<tr>\n<td width=\"302\">Product name<\/td>\n<td width=\"302\">Charlot Bandage Skirt with Gold Buttons<\/td>\n<\/tr>\n<tr>\n<td width=\"302\">Color<\/td>\n<td width=\"302\">Without<\/td>\n<\/tr>\n<tr>\n<td width=\"302\">Sizes<\/td>\n<td width=\"302\">Universal<\/td>\n<\/tr>\n<tr>\n<td width=\"302\">Fashion<\/td>\n<td width=\"302\">Matched<\/td>\n<\/tr>\n<tr>\n<td width=\"302\">Material<\/td>\n<td width=\"302\">97 % Polyester 3 % Spandex<\/td>\n<\/tr>\n<\/tbody>\n<\/table>\n<p>&nbsp;<\/p>\n<p style=\"text-align: center;\">The model has\u00a0<strong>169<\/strong>\u00a0cm tall, wears a size every day\u00a0<strong>S.<\/strong><\/p>\n<p style=\"text-align: center;\">Bust width 91 cm<\/p>\n<p style=\"text-align: center;\">Waist width 71 cm<\/p>\n<p style=\"text-align: center;\">Hip width 96 cm<\/p>\n<p style=\"text-align: center;\"><span style=\"font-size: 10pt;\">\u00a0<\/span><\/p>\n<p style=\"text-align: center;\"><span style=\"font-size: 10pt;\">\u00a0<\/span><\/p>","protected":false},"excerpt":{"rendered":"<p>Sp\u00f3dnica Banda\u017cowa Z Z\u0142otymi Guzikami Charlot Be\u017cowa Sp\u00f3dnica banda\u017cowa idealnie podkre\u015bla kobiece kszta\u0142ty. Sp\u00f3dnica ma gumk\u0119, mocno elastyczna dopasowana. Jest to\u00a0 bestseler w naszym butiku. Sp\u00f3dnica jest prawdziwym hitem w\u015br\u00f3d blogerek i gwiazd. \u00a0W naszej sp\u00f3dnicy zawsze b\u0119dziesz si\u0119\u00a0 prezentowa\u0107 atrakcyjnie. Stw\u00f3rz idealny zestaw z naszymi bluzkami i bodami. . ,\u00a0 Z pewno\u015bci\u0105 w naszym<\/p>\n<div class=\"klb-readmore post-buttons\"><a class=\"button black outline size-sm\" href=\"https:\/\/madelinefashion.pl\/en\/product\/spodnica-bandazowa-z-zlotymi-guzikami-charlot-bezowa\/\">Read More <i class=\"klbth-icon-right-arrow\"><\/i><\/a><\/div>","protected":false},"featured_media":535756,"template":"","meta":[],"product_brand":[],"product_cat":[121],"product_tag":[504],"class_list":{"0":"post-535806","1":"product","2":"type-product","3":"status-publish","4":"has-post-thumbnail","6":"product_cat-mini","7":"product_tag-party-time","8":"pa_rozmiar-s-36","9":"pa_rozmiar-m-38","10":"pa_rozmiar-l-40","12":"first","13":"instock","14":"product-type-variable"},"_links":{"self":[{"href":"https:\/\/madelinefashion.pl\/en\/wp-json\/wp\/v2\/product\/535806","targetHints":{"allow":["GET"]}}],"collection":[{"href":"https:\/\/madelinefashion.pl\/en\/wp-json\/wp\/v2\/product"}],"about":[{"href":"https:\/\/madelinefashion.pl\/en\/wp-json\/wp\/v2\/types\/product"}],"wp:featuredmedia":[{"embeddable":true,"href":"https:\/\/madelinefashion.pl\/en\/wp-json\/wp\/v2\/media\/535756"}],"wp:attachment":[{"href":"https:\/\/madelinefashion.pl\/en\/wp-json\/wp\/v2\/media?parent=535806"}],"wp:term":[{"taxonomy":"product_brand","embeddable":true,"href":"https:\/\/madelinefashion.pl\/en\/wp-json\/wp\/v2\/product_brand?post=535806"},{"taxonomy":"product_cat","embeddable":true,"href":"https:\/\/madelinefashion.pl\/en\/wp-json\/wp\/v2\/product_cat?post=535806"},{"taxonomy":"product_tag","embeddable":true,"href":"https:\/\/madelinefashion.pl\/en\/wp-json\/wp\/v2\/product_tag?post=535806"}],"curies":[{"name":"wp","href":"https:\/\/api.w.org\/{rel}","templated":true}]}}