{"id":5416,"date":"2021-03-14T20:29:41","date_gmt":"2021-03-14T19:29:41","guid":{"rendered":"https:\/\/madelinefashion.pl\/?post_type=product&#038;p=5416"},"modified":"2026-01-20T10:34:45","modified_gmt":"2026-01-20T09:34:45","slug":"koszula-krata-mini-fuksja","status":"publish","type":"product","link":"https:\/\/madelinefashion.pl\/en\/product\/koszula-krata-mini-fuksja\/","title":{"rendered":"Checkered Mini Fuchsia Shirt"},"content":{"rendered":"<h2 style=\"text-align: center;\">Checkered Mini Fuchsia Shirt<\/h2>\n<p style=\"text-align: center;\">Shirt with a cut<strong> oversize<\/strong> is the perfect base and basis for many styles. It is total <strong>MUST HAVE<\/strong> this season. Shirt with the most fashionable checkered print. It has a pocket at the front and is fastened with buttons. Do you want to feel on time? Remember about a shirt in your wardrobe. Its color and pattern will make it <strong>you will stand out from the crowd<\/strong>. The shirt has 3\/4 length sleeves - match it with your unique bracelets. It will be the best fit for <strong>everyday looks<\/strong>. A model chosen for many styles. You can wear them with shorts, jeans, skirts and even leather pants. Perfectly fits the figure. Perfect for school, work, a date or meeting with friends! <strong>Perfect for any time and occasion!\u00a0<\/strong>Size\u00a0<strong>universal recommended<\/strong>\u00a0for ladies in sizes from<strong> S to XL.<\/strong> Available in several colors.<\/p>\n<h3 style=\"text-align: center;\">Shirt dimensions:<\/h3>\n<ul style=\"text-align: center;\">\n<li>Total length front: 60 cm<\/li>\n<li>Total length back: 70 cm<\/li>\n<li>Width from armpit to 54 cm<\/li>\n<li>Waist width: 55 cm<\/li>\n<li>Sleeve length from Armpit: 23 cm<\/li>\n<li>Sleeve length from the shoulder: 33 cm<\/li>\n<\/ul>\n<p>&nbsp;<\/p>\n<p style=\"text-align: center;\">Dimensions may slightly differ from the given +\/- 2cm. All dimensions given are measured flat.<\/p>\n<p style=\"text-align: center;\"><span style=\"font-size: 10pt;\">\u00a0<\/span><\/p>\n<p style=\"text-align: center;\"><span style=\"font-size: 10pt;\">\u00a0<\/span><\/p>\n<table width=\"608\">\n<tbody>\n<tr>\n<td width=\"302\">Model name<\/td>\n<td width=\"302\">Checkered Mini Shirt<\/td>\n<\/tr>\n<tr>\n<td width=\"302\">Color<\/td>\n<td width=\"302\">Dark Pink \/ Fuchsia<\/td>\n<\/tr>\n<tr>\n<td width=\"302\">Sizes<\/td>\n<td width=\"302\">Universal<\/td>\n<\/tr>\n<tr>\n<td width=\"302\">Fashion<\/td>\n<td width=\"302\">Oversize<\/td>\n<\/tr>\n<tr>\n<td width=\"302\">Material<\/td>\n<td width=\"302\">Composition: 95 % cotton 5%elastian<\/td>\n<\/tr>\n<\/tbody>\n<\/table>\n<p style=\"text-align: center;\"><span style=\"font-size: 10pt;\"><br \/>\n<strong>Recommended<\/strong> for people wearing size from\u00a0<strong>S.\u00a0<\/strong>down <strong>X<\/strong><strong>L.<\/strong><\/span><\/p>\n<p style=\"text-align: center;\"><span style=\"font-size: 10pt;\">\u00a0<\/span><\/p>\n<p style=\"text-align: center;\"><span style=\"font-size: 10pt;\">\u00a0<\/span><\/p>\n<p style=\"text-align: center;\"><span style=\"font-size: 10pt;\">\u00a0<\/span><\/p>","protected":false},"excerpt":{"rendered":"<p>Koszula Krata Mini Fuksja Koszula o kroju oversizowym to idealna baza i podstawa do wielu stylizacji. Jest to totalny MUST HAVE tego sezonu. Koszula z najmodniejszym Printem w krate. Posiada kieszonk\u0119 z przodu i zapinana jest na\u00a0 guziki. Chcesz si\u0119 poczu\u0107 na czasie? Pami\u0119taj o koszuli w swojej garderobie.\u00a0 Jej kolor i wz\u00f3r sprawi\u0105, \u017ce<\/p>\n<div class=\"klb-readmore post-buttons\"><a class=\"button black outline size-sm\" href=\"https:\/\/madelinefashion.pl\/en\/product\/koszula-krata-mini-fuksja\/\">Read More <i class=\"klbth-icon-right-arrow\"><\/i><\/a><\/div>","protected":false},"featured_media":5412,"template":"","meta":[],"product_brand":[],"product_cat":[92],"product_tag":[],"class_list":{"0":"post-5416","1":"product","2":"type-product","3":"status-publish","4":"has-post-thumbnail","6":"product_cat-koszule","8":"first","9":"instock","10":"sale","11":"purchasable","12":"product-type-simple"},"_links":{"self":[{"href":"https:\/\/madelinefashion.pl\/en\/wp-json\/wp\/v2\/product\/5416","targetHints":{"allow":["GET"]}}],"collection":[{"href":"https:\/\/madelinefashion.pl\/en\/wp-json\/wp\/v2\/product"}],"about":[{"href":"https:\/\/madelinefashion.pl\/en\/wp-json\/wp\/v2\/types\/product"}],"wp:featuredmedia":[{"embeddable":true,"href":"https:\/\/madelinefashion.pl\/en\/wp-json\/wp\/v2\/media\/5412"}],"wp:attachment":[{"href":"https:\/\/madelinefashion.pl\/en\/wp-json\/wp\/v2\/media?parent=5416"}],"wp:term":[{"taxonomy":"product_brand","embeddable":true,"href":"https:\/\/madelinefashion.pl\/en\/wp-json\/wp\/v2\/product_brand?post=5416"},{"taxonomy":"product_cat","embeddable":true,"href":"https:\/\/madelinefashion.pl\/en\/wp-json\/wp\/v2\/product_cat?post=5416"},{"taxonomy":"product_tag","embeddable":true,"href":"https:\/\/madelinefashion.pl\/en\/wp-json\/wp\/v2\/product_tag?post=5416"}],"curies":[{"name":"wp","href":"https:\/\/api.w.org\/{rel}","templated":true}]}}