{"id":542520,"date":"2024-08-22T09:21:15","date_gmt":"2024-08-22T07:21:15","guid":{"rendered":"https:\/\/madelinefashion.pl\/?post_type=product&#038;p=542520"},"modified":"2026-04-20T18:53:09","modified_gmt":"2026-04-20T16:53:09","slug":"suknia-z-piorkami-melody-bezowa","status":"publish","type":"product","link":"https:\/\/madelinefashion.pl\/en\/product\/suknia-z-piorkami-melody-bezowa\/","title":{"rendered":"Melody Beige Feather Dress"},"content":{"rendered":"<h3 style=\"text-align: center;\">Melody Beige Feather Dress<\/h3>\n<p style=\"text-align: center;\"><strong>Dreamlike wedding dress<\/strong> fitted, decorated with feathers and sequins, with a V-neck. <strong>It looks very sensual and original.<\/strong> <span style=\"font-size: 10pt;\"> The sequin appliqu\u00e9s on the front of the dress create a unique texture, lending the entire piece a one-of-a-kind look. The strapless dress sensually reveals the back. Carefully placed sequin appliqu\u00e9s create a one-of-a-kind effect. Additionally, feathers sewn from the waistline give the dress a unique character. This unique touch makes the dress incredibly feminine. The leg slit will highlight your shapely legs. <strong>Sequined dress with feathers and an open back<\/strong> This is a choice for those who want to express their uniqueness at special events. This is a creation for true women who want to shine and exude inimitable charm. <\/span>The bottom of the dress is fitted \u2013 ala<strong> fish<\/strong>\u00a0 lining underneath. silver dress for <strong>wedding<\/strong> civil, church, perfect for a wedding or after-party. <strong>\u00a0V-shaped neckline<\/strong>. Tapered at the waist, it perfectly emphasizes the waist. <strong>Fish wedding dress<\/strong> (mermaid) is the essence of wedding elegance. It beautifully emphasizes the waist, hips and bust. Our <strong>Wedding Dress<\/strong> <strong>Melody<\/strong>\u00a0 d<span style=\"font-size: 10pt;\"><span style=\"font-size: 10pt;\">available in our store in sizes XS SML\u00a0 \u00a0\u00a0<\/span><br \/>\n<b style=\"font-size: 10pt;\">We know <\/b>how important it is for everyone<b style=\"font-size: 10pt;\"> The bride <\/b>is <b style=\"font-size: 10pt;\">properly selected creation. A wedding dress should match the type of beauty, figure and individual taste <\/b><span style=\"font-size: 13.3333px;\"><b>above all<\/b><\/span><b style=\"font-size: 10pt;\">\u00a0 the most important thing is that it should be comfortable! <\/b>This ensures that the creation will fulfill <b style=\"font-size: 10pt;\">your role in the 100% - <\/b>Our <b style=\"font-size: 10pt;\">wedding dresses will add <\/b><b style=\"font-size: 10pt;\">\u00a0The bride <\/b>unique <b style=\"font-size: 10pt;\">self-confidence. In the shop <a href=\"https:\/\/madelinefashion.pl\/en\/sukienki-i-kombinezony\/sukienki-okolicznosciowe\/\">madelinefashion<\/a> you can find dresses for both church and civil weddings, as well as for after-parties<\/b><\/span><span style=\"font-size: 10pt;\">, prom, New Year&#039;s Eve and other elegant special events. <\/span>In our offer<b style=\"font-size: 10pt;\"> you will find both classic, simple models, as well as decorated with crystals, sequins and lace or tulle.\u00a0<\/b><span style=\"font-size: 10pt;\">In our e-shop you will find unique dresses at extremely affordable prices -\u00a0 <strong style=\"font-size: 10pt;\">do not hesitate and choose the one that is perfect for you<\/strong>. If you can&#039;t decide which color, <strong style=\"font-size: 10pt;\">size<\/strong> is the best for you, <strong style=\"font-size: 10pt;\">contact us<\/strong> through <a style=\"font-size: 10pt;\" href=\"https:\/\/www.facebook.com\/madelinefashionbutik\" target=\"_blank\" rel=\"noopener\">Facebook<\/a> or <a style=\"font-size: 10pt;\" href=\"https:\/\/madelinefashion.pl\/en\/kontakt\/\">phone<\/a>. In the absence of a size on the site, please<strong style=\"font-size: 10pt;\"> contact<\/strong>.\u00a0<b style=\"font-size: 10pt;\"> Not sure which wedding dress to choose?<\/b>\u00a0<a style=\"font-size: 10pt; font-weight: bold;\" href=\"https:\/\/madelinefashion.pl\/en\/product-tag\/sukienka-biala\/?orderby=price-desc\">Check<\/a>which will be perfect for you!\u00a0\u00a0<\/span><\/p>\n<h3 style=\"text-align: center;\">DRESS DIMENSIONS:<\/h3>\n<table width=\"556\">\n<tbody>\n<tr>\n<td><strong>SIZE<\/strong><\/td>\n<td><strong>Bust<\/strong><\/td>\n<td><strong>Waist<\/strong><\/td>\n<td><strong>Hips<\/strong><\/td>\n<\/tr>\n<tr>\n<td><strong>34<\/strong><\/td>\n<td>84-86<\/td>\n<td>64-68<\/td>\n<td>\u00a082-90<\/td>\n<\/tr>\n<tr>\n<td><strong>36<\/strong><\/td>\n<td>88-90<\/td>\n<td>68-72<\/td>\n<td>\u00a086-92<\/td>\n<\/tr>\n<tr>\n<td><strong>38<\/strong><\/td>\n<td>92-94<\/td>\n<td>72-76<\/td>\n<td>\u00a090-96<\/td>\n<\/tr>\n<tr>\n<td><strong>40<\/strong><\/td>\n<td>96-98<\/td>\n<td>76-80<\/td>\n<td>\u00a094-106<\/td>\n<\/tr>\n<\/tbody>\n<\/table>\n<p>&nbsp;<\/p>\n<p style=\"text-align: center;\" align=\"center\"><span style=\"font-size: 10.0pt;\">total length approx. 157 cm (the dress can be shortened on your own)\u00a0<\/span><\/p>\n<p style=\"text-align: center;\"><span style=\"font-size: 10pt;\">The dress is also available in other colors - see our other products.<\/span><\/p>\n<p style=\"text-align: center;\"><span style=\"font-size: 10pt;\">Dimensions may slightly differ from the given +\/- 2cm.\u00a0<\/span><\/p>\n<p style=\"text-align: center;\"><span style=\"font-size: 10pt;\"><strong>\u00a0<\/strong>\u00a0<\/span><\/p>\n<table width=\"620\">\n<tbody>\n<tr>\n<td width=\"302\">Model name<\/td>\n<td width=\"302\">Melody Feather Wedding Dress<\/td>\n<\/tr>\n<tr>\n<td width=\"302\">Color<\/td>\n<td width=\"302\">Without<\/td>\n<\/tr>\n<tr>\n<td width=\"302\">Mark<\/td>\n<td width=\"302\">Pretty Women<\/td>\n<\/tr>\n<tr>\n<td width=\"302\">Sizes<\/td>\n<td width=\"302\">34 36 38 40<\/td>\n<\/tr>\n<tr>\n<td width=\"302\">Fashion<\/td>\n<td width=\"302\">Matching \/ fish<\/td>\n<\/tr>\n<tr>\n<td width=\"302\">Material<\/td>\n<td width=\"302\">Viscose, Polyester, Cotton<\/td>\n<\/tr>\n<tr>\n<td width=\"302\">Length<\/td>\n<td width=\"302\">To the ground<\/td>\n<\/tr>\n<\/tbody>\n<\/table>\n<p style=\"text-align: center;\"><span style=\"font-size: 10pt;\">\u00a0<\/span><\/p>\n<p>&nbsp;<\/p>\n<p style=\"text-align: center;\"><span style=\"font-size: 10pt;\">In order to match <strong>perfect dresses<\/strong> we invite you to contact us by phone or contact us <a href=\"https:\/\/www.facebook.com\/madelinefashionbutik\" target=\"_blank\" rel=\"noopener\">Facebook<\/a> .<\/span><br \/>\n<span style=\"font-size: 10pt;\">Our team will help <strong>Choose the right one<\/strong> . <strong>We can make each dress at the request of the buyer\u00a0<\/strong><strong>measure carefully.\u00a0<\/strong><\/span><\/p>\n<div class=\"additional-details\" style=\"text-align: center;\">\n<p style=\"text-align: center;\"><span style=\"font-size: 10pt;\">\u00a0<\/span><\/p>\n<\/div>","protected":false},"excerpt":{"rendered":"<p>Suknia z Pi\u00f3rkami Melody Be\u017cowa Zjawiskowa suknia \u015blubna dopasowana zdobiona pi\u00f3rkami oraz cekinami z\u00a0 dekoltem w szpic. Wygl\u0105da bardzo zmys\u0142owo i oryginalnie. Aplikacja z przodu kreacji z cekinami tworz\u0105 unikatow\u0105 tekstur\u0119, nadaj\u0105c ca\u0142o\u015bci niepowtarzalno\u015b\u0107. Sukienka na rami\u0105czkach odkrywa zmys\u0142owo plecy. Cekinowe aplikacje starannie rozmieszczona na sukience tworz\u0105 niepowtarzalny efekt. Dodatkowo pi\u00f3ra szyte od talii nadaj\u0105<\/p>\n<div class=\"klb-readmore post-buttons\"><a class=\"button black outline size-sm\" href=\"https:\/\/madelinefashion.pl\/en\/product\/suknia-z-piorkami-melody-bezowa\/\">Read More <i class=\"klbth-icon-right-arrow\"><\/i><\/a><\/div>","protected":false},"featured_media":542505,"template":"","meta":[],"product_brand":[],"product_cat":[124,569,562,566,630],"product_tag":[257,212,163],"class_list":{"0":"post-542520","1":"product","2":"type-product","3":"status-publish","4":"has-post-thumbnail","6":"product_cat-sukienki-okolicznosciowe","7":"product_cat-sukienki-dopasowane","8":"product_cat-sukienki-z-piorkami","9":"product_cat-suknie-slubne","10":"product_cat-suknie-slubne-dopasowane","11":"product_tag-madelinefashion","12":"product_tag-sukienki-bezowe","13":"product_tag-sukienki-dlugie","15":"first","16":"instock","17":"purchasable","18":"product-type-variable"},"_links":{"self":[{"href":"https:\/\/madelinefashion.pl\/en\/wp-json\/wp\/v2\/product\/542520","targetHints":{"allow":["GET"]}}],"collection":[{"href":"https:\/\/madelinefashion.pl\/en\/wp-json\/wp\/v2\/product"}],"about":[{"href":"https:\/\/madelinefashion.pl\/en\/wp-json\/wp\/v2\/types\/product"}],"wp:featuredmedia":[{"embeddable":true,"href":"https:\/\/madelinefashion.pl\/en\/wp-json\/wp\/v2\/media\/542505"}],"wp:attachment":[{"href":"https:\/\/madelinefashion.pl\/en\/wp-json\/wp\/v2\/media?parent=542520"}],"wp:term":[{"taxonomy":"product_brand","embeddable":true,"href":"https:\/\/madelinefashion.pl\/en\/wp-json\/wp\/v2\/product_brand?post=542520"},{"taxonomy":"product_cat","embeddable":true,"href":"https:\/\/madelinefashion.pl\/en\/wp-json\/wp\/v2\/product_cat?post=542520"},{"taxonomy":"product_tag","embeddable":true,"href":"https:\/\/madelinefashion.pl\/en\/wp-json\/wp\/v2\/product_tag?post=542520"}],"curies":[{"name":"wp","href":"https:\/\/api.w.org\/{rel}","templated":true}]}}