{"id":54492,"date":"2022-08-19T14:57:33","date_gmt":"2022-08-19T12:57:33","guid":{"rendered":"https:\/\/madelinefashion.pl\/?post_type=product&#038;p=54492"},"modified":"2026-01-15T12:43:15","modified_gmt":"2026-01-15T11:43:15","slug":"dluga-kurtka-parka-z-kapturem-great-czarna","status":"publish","type":"product","link":"https:\/\/madelinefashion.pl\/en\/product\/dluga-kurtka-parka-z-kapturem-great-czarna\/","title":{"rendered":"Great Black Long Hooded Parka Jacket"},"content":{"rendered":"<h3 style=\"text-align: center;\">Great Black Long Hooded Parka Jacket<\/h3>\n<p style=\"text-align: center;\"><strong>Long Parka Jacket <\/strong>is a perfect proposition for the spring season.<b> Jacket with a decorative patch on the sleeve <\/b>adapts beautifully to the figure<b>\u00a0 The model fits perfectly with elegant stylizations and casual combinations, giving many opportunities to create unique looks. <\/b>A long parka with an asymmetrical cut with a hood is a great choice for colder days. Fashion with two pockets and a hood fastened with a zipper. <b>The product is available in several color variants. <strong>Composition: 100% POLYESTER<\/strong><\/b><\/p>\n<p style=\"text-align: center;\"><strong>\u00a0<\/strong><\/p>\n<h3 style=\"text-align: center;\">Dimensions:<\/h3>\n<p style=\"text-align: center;\"><strong>Size: 34 \/ XS<\/strong><br \/>\nTotal front length - 76 cm<br \/>\nTotal length back - 88 cm<br \/>\nWidth from armpit to armpit - 50 cmx2<br \/>\nSleeve length from shoulder - 48 cm<br \/>\nSleeve length from armpit - 44 cm<\/p>\n<p style=\"text-align: center;\"><strong>Size: 36 \/ S<\/strong><br \/>\nTotal length front - 77cm<br \/>\nTotal length back-89cm<br \/>\nWidth from armpit to armpit - 54 cmx2<br \/>\nSleeve length from the shoulder - 49cm<br \/>\nSleeve length from armpit - 45cm<\/p>\n<p style=\"text-align: center;\"><strong>Size: 38 \/ M<\/strong><br \/>\nTotal length front - 77cm<br \/>\nTotal length back-90cm<br \/>\nWidth from armpit to armpit - 56cmx2<br \/>\nSleeve length from the shoulder - 51cm<br \/>\nSleeve length from armpit - 46cm<\/p>\n<p style=\"text-align: center;\"><strong>Size: 40 \/ L<\/strong><br \/>\nTotal length front - 77cm<br \/>\nTotal length back-90cm<br \/>\nThe width from armpit to armpit - 58cmx2<br \/>\nSleeve length from the shoulder - 52cm<br \/>\nSleeve length from armpit - 47cm<\/p>\n<p style=\"text-align: center;\"><strong>Size: 42 \/ XL<\/strong><br \/>\nTotal length front - 77cm<br \/>\nTotal length back-90cm<br \/>\nWidth from armpit to armpit - 60cmx2<br \/>\nSleeve length from the shoulder - 52cm<br \/>\nSleeve length from armpit - 47cm<\/p>\n<p style=\"text-align: center;\">Dimensions may slightly differ from the given +\/- 2cm. All dimensions are provided <strong>measured flat<\/strong>.\u00a0<strong>X2 dimension<\/strong><\/p>\n<p>&nbsp;<\/p>\n<table width=\"605\">\n<tbody>\n<tr>\n<td width=\"302\">Model name<\/td>\n<td width=\"302\">Great Long Hooded Parka Jacket<\/td>\n<\/tr>\n<tr>\n<td width=\"302\">Color<\/td>\n<td width=\"302\">Black<\/td>\n<\/tr>\n<tr>\n<td width=\"302\">Sizes<\/td>\n<td width=\"302\">XS SML XL<\/td>\n<\/tr>\n<tr>\n<td width=\"302\">Collection<\/td>\n<td width=\"302\">Spring Summer Autumn<\/td>\n<\/tr>\n<tr>\n<td width=\"302\">Hood<\/td>\n<td width=\"302\">Yes<\/td>\n<\/tr>\n<tr>\n<td width=\"302\">Quality<\/td>\n<td width=\"302\">Premium<\/td>\n<\/tr>\n<tr>\n<td width=\"302\">Fastening<\/td>\n<td width=\"302\">Lock<\/td>\n<\/tr>\n<\/tbody>\n<\/table>\n<p style=\"text-align: center;\">The model has\u00a0<strong>169<\/strong>\u00a0cm tall, wears a size every day\u00a0<strong>S.<\/strong><\/p>\n<p style=\"text-align: center;\">The width at the bust is 92 cm<\/p>\n<p style=\"text-align: center;\">Waist width 62 cm<\/p>\n<p style=\"text-align: center;\">The width at the hips is 94 cm<\/p>","protected":false},"excerpt":{"rendered":"<p>D\u0142uga Kurtka Parka Z Kapturem Great Czarna D\u0142uga Kurtka Parka to idealna propozycja na sezon wiosenny. Kurtka z ozdobn\u0105 naszywk\u0105 na r\u0119kawie pi\u0119knie si\u0119 dopasowuje do sylwetki\u00a0 Model \u015bwietnie pasuje do eleganckich stylizacji jak i casualowych zestawie\u0144, daj\u0105c wiele mo\u017cliwo\u015bci tworzenia wyj\u0105tkowych look\u2019\u00f3w. D\u0142uga parka o asymetrycznym kroju z kapturem to \u015bwietny wyb\u00f3r na ch\u0142odniejsze<\/p>\n<div class=\"klb-readmore post-buttons\"><a class=\"button black outline size-sm\" href=\"https:\/\/madelinefashion.pl\/en\/product\/dluga-kurtka-parka-z-kapturem-great-czarna\/\">Read More <i class=\"klbth-icon-right-arrow\"><\/i><\/a><\/div>","protected":false},"featured_media":54454,"template":"","meta":[],"product_brand":[],"product_cat":[117,395],"product_tag":[],"class_list":{"0":"post-54492","1":"product","2":"type-product","3":"status-publish","4":"has-post-thumbnail","6":"product_cat-kurtki","7":"product_cat-nowosci","8":"pa_rozmiar-m-38","9":"pa_rozmiar-l-40","10":"pa_rozmiar-xl-42","11":"pa_rozmiar-xs-34","12":"pa_rozmiar-s-36","14":"first","15":"instock","16":"sale","17":"purchasable","18":"product-type-variable"},"_links":{"self":[{"href":"https:\/\/madelinefashion.pl\/en\/wp-json\/wp\/v2\/product\/54492","targetHints":{"allow":["GET"]}}],"collection":[{"href":"https:\/\/madelinefashion.pl\/en\/wp-json\/wp\/v2\/product"}],"about":[{"href":"https:\/\/madelinefashion.pl\/en\/wp-json\/wp\/v2\/types\/product"}],"wp:featuredmedia":[{"embeddable":true,"href":"https:\/\/madelinefashion.pl\/en\/wp-json\/wp\/v2\/media\/54454"}],"wp:attachment":[{"href":"https:\/\/madelinefashion.pl\/en\/wp-json\/wp\/v2\/media?parent=54492"}],"wp:term":[{"taxonomy":"product_brand","embeddable":true,"href":"https:\/\/madelinefashion.pl\/en\/wp-json\/wp\/v2\/product_brand?post=54492"},{"taxonomy":"product_cat","embeddable":true,"href":"https:\/\/madelinefashion.pl\/en\/wp-json\/wp\/v2\/product_cat?post=54492"},{"taxonomy":"product_tag","embeddable":true,"href":"https:\/\/madelinefashion.pl\/en\/wp-json\/wp\/v2\/product_tag?post=54492"}],"curies":[{"name":"wp","href":"https:\/\/api.w.org\/{rel}","templated":true}]}}