{"id":546210,"date":"2024-10-01T15:49:56","date_gmt":"2024-10-01T13:49:56","guid":{"rendered":"https:\/\/madelinefashion.pl\/?post_type=product&#038;p=546210"},"modified":"2026-03-26T12:24:13","modified_gmt":"2026-03-26T11:24:13","slug":"kurtka-krotka-z-futerkiem-america-bezowa","status":"publish","type":"product","link":"https:\/\/madelinefashion.pl\/en\/product\/kurtka-krotka-z-futerkiem-america-bezowa\/","title":{"rendered":"America Beige Short Fur Jacket"},"content":{"rendered":"<h3 style=\"text-align: center;\">America Beige Short Fur Jacket<\/h3>\n<div style=\"text-align: center;\">\n<p>Do you want to feel stylish and fashionable? This product is for you. A fur jacket with a hood that fits both everyday and more elegant styles. Zippered, has pockets and a hood. A great proposition for cold days<span style=\"text-align: center;\">. It is a definite one <\/span><strong style=\"text-align: center;\">must have<\/strong><span style=\"text-align: center;\"> in every wardrobe! <\/span><span style=\"text-align: center;\">Stand out from the crowd with our Jacket z <strong>fur. The jacket has a detachable fur so it will serve you all year round!<\/strong><\/span><span style=\"text-align: center;\">. <strong>Fur America<\/strong><\/span><span style=\"text-align: center;\">\u00a0comes in size<\/span><strong style=\"text-align: center;\"> SML XL . This model is perfect for <strong>spring, autumn.<\/strong> <strong>The jacket is finished with a soft, pleasant to the touch fur. <\/strong><\/strong><span style=\"text-align: center;\">If you have any questions, we are here to help.<\/span><\/p>\n<\/div>\n<h3 style=\"text-align: center;\">Dimensions:<\/h3>\n<p style=\"text-align: center;\"><strong>S:<\/strong><br \/>\nTotal length \u2013 50 cm<br \/>\nWidth from armpit to armpit \u2013 57 cm x2<br \/>\nWidth at the bottom \u2013 42 cm x2<br \/>\nSleeve length from shoulder \u2013 51 cm<br \/>\nSleeve length from armpit - 44 cm<br \/>\nBicep width \u2013 17 cm x2<\/p>\n<p style=\"text-align: center;\"><strong>M.<\/strong><\/p>\n<p style=\"text-align: center;\">Total length \u2013 51 cm<br \/>\nWidth from armpit to armpit \u2013 59 cm x2<br \/>\nWidth at the bottom \u2013 44 cm x2<br \/>\nSleeve length from shoulder \u2013 52 cm<br \/>\nSleeve length from armpit \u2013 45 cm<br \/>\nBicep width \u2013 18 cm x2<\/p>\n<p style=\"text-align: center;\"><strong>L.<\/strong><\/p>\n<p style=\"text-align: center;\">Total length \u2013 52 cm<br \/>\nWidth from armpit to armpit \u2013 61 cm x2<br \/>\nWidth at the bottom \u2013 46 cm x2<br \/>\nSleeve length from shoulder \u2013 53 cm<br \/>\nSleeve length from armpit \u2013 46 cm<br \/>\nBicep width \u2013 19 cm x2<\/p>\n<p style=\"text-align: center;\"><strong>XL<\/strong><\/p>\n<p style=\"text-align: center;\">Total length \u2013 53 cm<br \/>\nWidth from armpit to armpit \u2013 63 cm x2<br \/>\nWidth at the bottom \u2013 48 cm x2<br \/>\nSleeve length from shoulder \u2013 54 cm<br \/>\nSleeve length from the armpit - 47 cm<br \/>\nBicep width \u2013 20 cm x2<\/p>\n<p style=\"text-align: center;\">Dimensions may slightly differ from the given +\/- 2cm. All dimensions given are measured flat. X2 dimension<\/p>\n<h3 style=\"text-align: center;\">Characteristics:<\/h3>\n<p style=\"text-align: center;\">-fashionable<br \/>\n-with a hood<br \/>\n-fur<br \/>\n-eco leather<br \/>\n- fastened with a zipper<br \/>\n-has pockets<br \/>\n- stitched<br \/>\n-detachable fur<br \/>\n- available in two colors<\/p>\n<p>\u00a0<\/p>\n<table width=\"605\">\n<tbody>\n<tr>\n<td width=\"302\">Model name<\/td>\n<td width=\"302\">America Short Fur Jacket<\/td>\n<\/tr>\n<tr>\n<td width=\"302\">Color<\/td>\n<td width=\"302\">Beige<\/td>\n<\/tr>\n<tr>\n<td width=\"302\">Sizes<\/td>\n<td width=\"302\">SML XL<\/td>\n<\/tr>\n<tr>\n<td width=\"302\">Fashion<\/td>\n<td width=\"302\">Bomber jacket<\/td>\n<\/tr>\n<tr>\n<td width=\"302\">Hood<\/td>\n<td width=\"302\">Yes<\/td>\n<\/tr>\n<tr>\n<td width=\"302\">Pockets<\/td>\n<td width=\"302\">Yes<\/td>\n<\/tr>\n<tr>\n<td width=\"302\">Composition<\/td>\n<td width=\"302\">100 % Polyester<\/td>\n<\/tr>\n<\/tbody>\n<\/table>\n<p>\u00a0<\/p>\n<div class=\"tabs tabs-bb clear mb-80\">\n<div class=\"tab-content\">\n<div id=\"tab-description\" class=\"tab-pane fade in woocommerce-Tabs-panel--description active\">\n<div class=\"tabs tabs-bb clear mb-80\">\n<div class=\"tab-content\">\n<div id=\"tab-description\" class=\"tab-pane fade in woocommerce-Tabs-panel--description active\">\n<p style=\"text-align: center;\">The model has\u00a0<strong>169<\/strong>\u00a0cm tall, wears a size every day\u00a0<strong>S.<\/strong><\/p>\n<p style=\"text-align: center;\">Bust width 91 cm<\/p>\n<p style=\"text-align: center;\">Waist width 71 cm<\/p>\n<p style=\"text-align: center;\">Hip width 96 cm<\/p>\n<\/div>\n<\/div>\n<\/div>\n<\/div>\n<\/div>\n<\/div>\n<section class=\"up-sells upsells products mb-80\"><\/section>\n<p style=\"text-align: center;\"><span style=\"font-size: 10pt;\">\u00a0<\/span><\/p>\n<p style=\"text-align: center;\">","protected":false},"excerpt":{"rendered":"<p>Kurtka Kr\u00f3tka z Futerkiem America Be\u017cowa Chcesz poczu\u0107 si\u0119 stylowo i modnie?\u00a0 Ten produkt jest dla Ciebie. Kurtka futrzana z Kapturem, kt\u00f3ra pasuje zar\u00f3wno do codziennych jak i bardziej eleganckich stylizacji, Zapinane na zamek, posiada kieszenie i kaptur. \u015awietna propozycja na ch\u0142odne dni. Jest to zdecydowany must have w ka\u017cdej garderobie! Wyr\u00f3\u017cniaj si\u0119 z t\u0142umu<\/p>\n<div class=\"klb-readmore post-buttons\"><a class=\"button black outline size-sm\" href=\"https:\/\/madelinefashion.pl\/en\/product\/kurtka-krotka-z-futerkiem-america-bezowa\/\">Read More <i class=\"klbth-icon-right-arrow\"><\/i><\/a><\/div>","protected":false},"featured_media":546204,"template":"","meta":[],"product_brand":[],"product_cat":[117],"product_tag":[508],"class_list":{"0":"post-546210","1":"product","2":"type-product","3":"status-publish","4":"has-post-thumbnail","6":"product_cat-kurtki","7":"product_tag-kurtka-zimowa","8":"pa_rozmiar-s","9":"pa_rozmiar-m","10":"pa_rozmiar-l","11":"pa_rozmiar-xl","12":"pa_rozmiar-xxl","14":"first","15":"outofstock","16":"product-type-variable"},"_links":{"self":[{"href":"https:\/\/madelinefashion.pl\/en\/wp-json\/wp\/v2\/product\/546210","targetHints":{"allow":["GET"]}}],"collection":[{"href":"https:\/\/madelinefashion.pl\/en\/wp-json\/wp\/v2\/product"}],"about":[{"href":"https:\/\/madelinefashion.pl\/en\/wp-json\/wp\/v2\/types\/product"}],"wp:featuredmedia":[{"embeddable":true,"href":"https:\/\/madelinefashion.pl\/en\/wp-json\/wp\/v2\/media\/546204"}],"wp:attachment":[{"href":"https:\/\/madelinefashion.pl\/en\/wp-json\/wp\/v2\/media?parent=546210"}],"wp:term":[{"taxonomy":"product_brand","embeddable":true,"href":"https:\/\/madelinefashion.pl\/en\/wp-json\/wp\/v2\/product_brand?post=546210"},{"taxonomy":"product_cat","embeddable":true,"href":"https:\/\/madelinefashion.pl\/en\/wp-json\/wp\/v2\/product_cat?post=546210"},{"taxonomy":"product_tag","embeddable":true,"href":"https:\/\/madelinefashion.pl\/en\/wp-json\/wp\/v2\/product_tag?post=546210"}],"curies":[{"name":"wp","href":"https:\/\/api.w.org\/{rel}","templated":true}]}}