{"id":5464,"date":"2021-03-14T22:46:30","date_gmt":"2021-03-14T21:46:30","guid":{"rendered":"https:\/\/madelinefashion.pl\/?post_type=product&#038;p=5464"},"modified":"2026-01-20T10:34:45","modified_gmt":"2026-01-20T09:34:45","slug":"koszula-w-krate-class-amarant","status":"publish","type":"product","link":"https:\/\/madelinefashion.pl\/en\/product\/koszula-w-krate-class-amarant\/","title":{"rendered":"Krate Class Amarant shirt"},"content":{"rendered":"<h3 style=\"text-align: center;\">Krate Class Amarant shirt<\/h3>\n<p style=\"text-align: center;\"><b>A sash of a plaid shirt <\/b>is the perfect base and basis for many styles. Tailored shirt, thanks to which it slims the figure. It is total <strong>MUST HAVE<\/strong>\u00a0this season. Shirt with the most fashionable checkered print. It has two pockets at the front and is fastened with buttons.<br \/>\nDo you want to feel on time? Remember about a shirt in your wardrobe. Its color and pattern will make it\u00a0<strong>you will stand out from the crowd<\/strong>. The shirt also has a decorative string at the waist, thanks to which you can perfectly match it to your figure.<br \/>\nIt will be the best match for <strong>everyday looks<\/strong>. A model chosen for many styles. You can wear them with shorts, jeans, skirts and even leather pants. Perfectly fits the figure. Perfect for school, work, a date or meeting with friends!\u00a0<strong>Perfect for any time and occasion! Shirt <\/strong>in size from<strong>\u00a0S to XXL.<\/strong>\u00a0Available in several colors.<\/p>\n<h3 style=\"text-align: center;\">Dimensions:<\/h3>\n<p style=\"text-align: center;\"><span style=\"font-size: 10pt;\"><strong>36 \/ s<\/strong><\/span><br \/>\n<span style=\"font-size: 10pt;\">Total length front - 93 cm<\/span><br \/>\n<span style=\"font-size: 10pt;\">Total side length - 82 cm<\/span><br \/>\n<span style=\"font-size: 10pt;\">Width from armpit to armpit - 47 cm<\/span><br \/>\n<span style=\"font-size: 10pt;\">Waist width - 46 cm<\/span><br \/>\n<span style=\"font-size: 10pt;\">Hip width - 52 cm<\/span><br \/>\n<span style=\"font-size: 10pt;\">Sleeve length from shoulder - 60 cm<\/span><br \/>\n<span style=\"font-size: 10pt;\">Sleeve length from armpit - 45 cm<\/span><\/p>\n<p style=\"text-align: center;\"><span style=\"font-size: 10pt;\"><strong>38 \/ m<\/strong><\/span><br \/>\n<span style=\"font-size: 10pt;\">Total length front - 94 cm<\/span><br \/>\n<span style=\"font-size: 10pt;\">Total side length - 83 cm<\/span><br \/>\n<span style=\"font-size: 10pt;\">The width from armpit to armpit - 49 cm<\/span><br \/>\n<span style=\"font-size: 10pt;\">Waist width - 47 cm<\/span><br \/>\n<span style=\"font-size: 10pt;\">Hip width - 53 cm<\/span><br \/>\n<span style=\"font-size: 10pt;\">Sleeve length from shoulder - 61 cm<\/span><br \/>\n<span style=\"font-size: 10pt;\">Sleeve length from armpit - 47 cm<\/span><\/p>\n<p style=\"text-align: center;\"><span style=\"font-size: 10pt;\"><strong>40 \/ l<\/strong><\/span><br \/>\n<span style=\"font-size: 10pt;\">Total length front - 95 cm<\/span><br \/>\n<span style=\"font-size: 10pt;\">Total side length - 85 cm<\/span><br \/>\n<span style=\"font-size: 10pt;\">The width from armpit to armpit - 52 cm<\/span><br \/>\n<span style=\"font-size: 10pt;\">Waist width - 48 cm<\/span><br \/>\n<span style=\"font-size: 10pt;\">Hip width - 55 cm<\/span><br \/>\n<span style=\"font-size: 10pt;\">Sleeve length from shoulder - 61 cm<\/span><br \/>\n<span style=\"font-size: 10pt;\">Sleeve length from armpit - 47 cm<\/span><\/p>\n<p style=\"text-align: center;\"><span style=\"font-size: 10pt;\"><strong>42 \/ xl<\/strong><\/span><br \/>\n<span style=\"font-size: 10pt;\">Total length front - 100 cm<\/span><br \/>\n<span style=\"font-size: 10pt;\">Total side length - 90 cm<\/span><br \/>\n<span style=\"font-size: 10pt;\">Width from armpit to armpit - 55 cm<\/span><br \/>\n<span style=\"font-size: 10pt;\">Waist width - 50 cm<\/span><br \/>\n<span style=\"font-size: 10pt;\">Hip width - 58 cm<\/span><br \/>\n<span style=\"font-size: 10pt;\">Sleeve length from the shoulder - 62 cm<\/span><br \/>\n<span style=\"font-size: 10pt;\">Sleeve length from armpit - 48 cm<\/span><\/p>\n<p style=\"text-align: center;\"><strong>44 \/ xxl<\/strong><br \/>\nTotal length front - 100 cm<br \/>\nTotal side length - 90 cm<br \/>\nThe width from armpit to armpit - 57 cm<br \/>\nWaist width - 51 cm<br \/>\nHip width - 59 cm<br \/>\nSleeve length from shoulder - 63 cm<br \/>\nSleeve length from armpit - 49 cm<\/p>\n<p style=\"text-align: center;\">Dimensions may slightly differ from the given +\/- 2cm. All dimensions given are measured flat.<\/p>\n<table width=\"605\">\n<tbody>\n<tr>\n<td width=\"302\">Model name<\/td>\n<td width=\"302\">Plaid Class Shirt<\/td>\n<\/tr>\n<tr>\n<td width=\"302\">Color<\/td>\n<td width=\"302\">Amaranth<\/td>\n<\/tr>\n<tr>\n<td width=\"302\">Sizes<\/td>\n<td width=\"302\">SML XL XXL<\/td>\n<\/tr>\n<tr>\n<td width=\"302\">Fashion<\/td>\n<td width=\"302\">Waisted<\/td>\n<\/tr>\n<tr>\n<td width=\"302\">Hood<\/td>\n<td width=\"302\">Not<\/td>\n<\/tr>\n<tr>\n<td width=\"302\">Quality<\/td>\n<td width=\"302\">Premium<\/td>\n<\/tr>\n<tr>\n<td width=\"302\">Fastening<\/td>\n<td width=\"302\">Buttons<\/td>\n<\/tr>\n<\/tbody>\n<\/table>\n<p style=\"text-align: center;\"><span style=\"font-size: 10pt;\"><strong>\u00a0<\/strong><\/span><\/p>\n<p style=\"text-align: center;\">The model has\u00a0<strong>169<\/strong>\u00a0cm tall, wears a size every day\u00a0<strong>S.<\/strong><\/p>\n<p style=\"text-align: center;\">Bust width 91 cm<\/p>\n<p style=\"text-align: center;\">Waist width 71 cm<\/p>\n<p style=\"text-align: center;\">Hip width 96 cm<\/p>\n<p style=\"text-align: center;\"><span style=\"font-size: 10pt;\"><strong>\u00a0<\/strong><\/span><\/p>\n<p style=\"text-align: center;\"><span style=\"font-size: 10pt;\">\u00a0<\/span><\/p>\n<p style=\"text-align: center;\">","protected":false},"excerpt":{"rendered":"<p>Koszula w Krate Class Amarant Taliowania koszula w krat\u0119 to idealna baza i podstawa do wielu stylizacji. Koszula taliowana, dzi\u0119ki czemu wyszczupla sylwetk\u0119. Jest to totalny MUST HAVE\u00a0tego sezonu. Koszula z najmodniejszym Printem w krate. Posiada dwie kieszonki z przodu i zapinana jest na\u00a0 guziki. Chcesz si\u0119 poczu\u0107 na czasie? Pami\u0119taj o koszuli w swojej<\/p>\n<div class=\"klb-readmore post-buttons\"><a class=\"button black outline size-sm\" href=\"https:\/\/madelinefashion.pl\/en\/product\/koszula-w-krate-class-amarant\/\">Read More <i class=\"klbth-icon-right-arrow\"><\/i><\/a><\/div>","protected":false},"featured_media":111198,"template":"","meta":[],"product_brand":[],"product_cat":[92,125],"product_tag":[],"class_list":{"0":"post-5464","1":"product","2":"type-product","3":"status-publish","4":"has-post-thumbnail","6":"product_cat-koszule","7":"product_cat-sukienki","8":"pa_rozmiar-s","9":"pa_rozmiar-m","10":"pa_rozmiar-l","11":"pa_rozmiar-xl","12":"pa_rozmiar-xxl","14":"first","15":"outofstock","16":"sale","17":"purchasable","18":"product-type-variable"},"_links":{"self":[{"href":"https:\/\/madelinefashion.pl\/en\/wp-json\/wp\/v2\/product\/5464","targetHints":{"allow":["GET"]}}],"collection":[{"href":"https:\/\/madelinefashion.pl\/en\/wp-json\/wp\/v2\/product"}],"about":[{"href":"https:\/\/madelinefashion.pl\/en\/wp-json\/wp\/v2\/types\/product"}],"wp:featuredmedia":[{"embeddable":true,"href":"https:\/\/madelinefashion.pl\/en\/wp-json\/wp\/v2\/media\/111198"}],"wp:attachment":[{"href":"https:\/\/madelinefashion.pl\/en\/wp-json\/wp\/v2\/media?parent=5464"}],"wp:term":[{"taxonomy":"product_brand","embeddable":true,"href":"https:\/\/madelinefashion.pl\/en\/wp-json\/wp\/v2\/product_brand?post=5464"},{"taxonomy":"product_cat","embeddable":true,"href":"https:\/\/madelinefashion.pl\/en\/wp-json\/wp\/v2\/product_cat?post=5464"},{"taxonomy":"product_tag","embeddable":true,"href":"https:\/\/madelinefashion.pl\/en\/wp-json\/wp\/v2\/product_tag?post=5464"}],"curies":[{"name":"wp","href":"https:\/\/api.w.org\/{rel}","templated":true}]}}