{"id":546574,"date":"2024-10-04T16:37:19","date_gmt":"2024-10-04T14:37:19","guid":{"rendered":"https:\/\/madelinefashion.pl\/?post_type=product&#038;p=546574"},"modified":"2026-01-20T10:33:09","modified_gmt":"2026-01-20T09:33:09","slug":"koszula-biala-z-perlami-sivir","status":"publish","type":"product","link":"https:\/\/madelinefashion.pl\/en\/product\/koszula-biala-z-perlami-sivir\/","title":{"rendered":"White Shirt with Pearls Sivir"},"content":{"rendered":"<h3 style=\"text-align: center;\">White Shirt with Pearls Sivir<\/h3>\n<p style=\"text-align: center;\"><strong>The White Shirt is an essential element of every wardrobe! <\/strong>Fashion is fastened on <strong>golden buttons. <\/strong>A shirt with a classic cut will be great in many versions<strong>, both the official ones and<\/strong> everyday.<strong>\u00a0<\/strong>The cut is perfect for tucking into pants or skirts \u2013 we recommend the model <a href=\"https:\/\/madelinefashion.pl\/en\/spodnica-mini-crezy-czarna\/\">crezy<\/a> Our shirt can be the basis for many elegant and timeless stylizations <a href=\"https:\/\/madelinefashion.pl\/en\/spodnica-skora-mini-czarna\/\">pencils <\/a>skirts or classic <a href=\"https:\/\/madelinefashion.pl\/en\/spodnie-jeansowe-paradise-jasne\/\">jeans, <\/a>\u00a0but also for shorter ladies as a tunic. The shirt is an ideal proposition for work, every day, for family meetings and many other occasions. Recommended for women wearing a size <strong>S, M, L,<\/strong><\/p>\n<h3 style=\"text-align: center;\">\u00a0 \u00a0 \u00a0Dimensions:<\/h3>\n<p style=\"text-align: center;\"><strong>36 \/ S<br \/>\n<\/strong><\/p>\n<ul>\n<li style=\"text-align: center;\">overall length: 66 cm<\/li>\n<li style=\"text-align: center;\">width from armpit to armpit: 50 cm<\/li>\n<li style=\"text-align: center;\">sleeve length from the shoulder: 60 cm<\/li>\n<li style=\"text-align: center;\">sleeve length from armpit: 44 cm<\/li>\n<li style=\"text-align: center;\"><\/li>\n<\/ul>\n<p style=\"text-align: center;\"><strong>38 \/ M<\/strong><\/p>\n<ul style=\"text-align: center;\">\n<li>overall length: 68 cm<\/li>\n<li>width from armpit to armpit: 52 cm<\/li>\n<li>sleeve length from the shoulder: 62 cm<\/li>\n<li>sleeve length from armpit: 45 cm<\/li>\n<li><\/li>\n<\/ul>\n<p style=\"text-align: center;\"><strong>40 \/ L<\/strong><\/p>\n<ul style=\"text-align: center;\">\n<li>overall length: 68 cm<\/li>\n<li>width from armpit to armpit: 54 cm<\/li>\n<li>sleeve length from shoulder: 63 cm<\/li>\n<li>sleeve length from armpit: 46 cm<\/li>\n<\/ul>\n<p style=\"text-align: center;\">Dimensions may slightly differ from the given +\/- 2cm. All dimensions given are measured flat.<\/p>\n<p style=\"text-align: center;\"><strong>\u00a0<\/strong><\/p>\n<table style=\"height: 288px;\" width=\"433\">\n<tbody>\n<tr>\n<td>Name<\/td>\n<td>Sivir Pearl Shirt<\/td>\n<\/tr>\n<tr>\n<td>Color<\/td>\n<td>White<\/td>\n<\/tr>\n<tr>\n<td>Collection<\/td>\n<td>Spring Summer Autumn Winter<\/td>\n<\/tr>\n<tr>\n<td>Size<\/td>\n<td>SML<\/td>\n<\/tr>\n<tr>\n<td>Fashion<\/td>\n<td>Matched<\/td>\n<\/tr>\n<tr>\n<td>Fastening<\/td>\n<td>Golden Buttons<\/td>\n<\/tr>\n<tr>\n<td>Composition of the materials<\/td>\n<td>100% Polyester<\/td>\n<\/tr>\n<\/tbody>\n<\/table>\n<p style=\"text-align: center;\">\u00a0The model has\u00a0<strong>169<\/strong>\u00a0cm tall, wears a size every day\u00a0<strong>S.<\/strong><\/p>\n<p style=\"text-align: center;\">The width at the bust is 92 cm<\/p>\n<p style=\"text-align: center;\">Waist width 62 cm<\/p>\n<p style=\"text-align: center;\">The width at the hips is 94 cm<strong>\u00a0<\/strong><\/p>","protected":false},"excerpt":{"rendered":"<p>Koszula Bia\u0142a Z Per\u0142ami Sivir Koszula Bia\u0142a to nieod\u0142\u0105czny element ka\u017cdej garderoby! Fason zapinany jest na z\u0142ote guziki. Koszula o klasycznym kroju \u015bwietnie sprawdzi si\u0119 w wielu ods\u0142onach, zar\u00f3wno tych oficjalnych, jak i codziennych.\u00a0Fason idealnie nadaje si\u0119 do &#8222;wpuszczenia&#8221; w spodnie czy w sp\u00f3dnice &#8211; polecamy mode crezy Nasza koszula\u00a0 mo\u017ce stanowi\u0107 baz\u0119 do wielu<\/p>\n<div class=\"klb-readmore post-buttons\"><a class=\"button black outline size-sm\" href=\"https:\/\/madelinefashion.pl\/en\/product\/koszula-biala-z-perlami-sivir\/\">Read More <i class=\"klbth-icon-right-arrow\"><\/i><\/a><\/div>","protected":false},"featured_media":546558,"template":"","meta":[],"product_brand":[],"product_cat":[92,395],"product_tag":[414],"class_list":{"0":"post-546574","1":"product","2":"type-product","3":"status-publish","4":"has-post-thumbnail","6":"product_cat-koszule","7":"product_cat-nowosci","8":"product_tag-koszule","9":"pa_rozmiar-s","10":"pa_rozmiar-m","11":"pa_rozmiar-l","12":"pa_rozmiar-xl","13":"pa_rozmiar-xxl","15":"first","16":"instock","17":"sale","18":"purchasable","19":"product-type-variable"},"_links":{"self":[{"href":"https:\/\/madelinefashion.pl\/en\/wp-json\/wp\/v2\/product\/546574","targetHints":{"allow":["GET"]}}],"collection":[{"href":"https:\/\/madelinefashion.pl\/en\/wp-json\/wp\/v2\/product"}],"about":[{"href":"https:\/\/madelinefashion.pl\/en\/wp-json\/wp\/v2\/types\/product"}],"wp:featuredmedia":[{"embeddable":true,"href":"https:\/\/madelinefashion.pl\/en\/wp-json\/wp\/v2\/media\/546558"}],"wp:attachment":[{"href":"https:\/\/madelinefashion.pl\/en\/wp-json\/wp\/v2\/media?parent=546574"}],"wp:term":[{"taxonomy":"product_brand","embeddable":true,"href":"https:\/\/madelinefashion.pl\/en\/wp-json\/wp\/v2\/product_brand?post=546574"},{"taxonomy":"product_cat","embeddable":true,"href":"https:\/\/madelinefashion.pl\/en\/wp-json\/wp\/v2\/product_cat?post=546574"},{"taxonomy":"product_tag","embeddable":true,"href":"https:\/\/madelinefashion.pl\/en\/wp-json\/wp\/v2\/product_tag?post=546574"}],"curies":[{"name":"wp","href":"https:\/\/api.w.org\/{rel}","templated":true}]}}