{"id":548017,"date":"2024-10-24T09:51:32","date_gmt":"2024-10-24T07:51:32","guid":{"rendered":"https:\/\/madelinefashion.pl\/?post_type=product&#038;p=548017"},"modified":"2026-03-23T18:29:32","modified_gmt":"2026-03-23T17:29:32","slug":"spodnica-skorzana-prosta-kalma-czarna","status":"publish","type":"product","link":"https:\/\/madelinefashion.pl\/en\/product\/spodnica-skorzana-prosta-kalma-czarna\/","title":{"rendered":"Kalma Straight Leather Skirt Black"},"content":{"rendered":"<h3 style=\"text-align: center;\">Kalma Straight Leather Skirt Black<\/h3>\n<p style=\"text-align: center;\">A fitted skirt made of soft and flexible faux leather. MADE IN POLAND. The skirt features stitching and a small slit at the back. The model features an invisible zipper at the back, perfectly accentuating the waist and hips.<\/p>\n<p>&nbsp;<\/p>\n<table width=\"556\">\n<tbody>\n<tr>\n<td><strong>SIZE<\/strong><\/td>\n<td><strong>Waist<\/strong><\/td>\n<td><strong>Hips<\/strong><\/td>\n<td><strong>Length<\/strong><\/td>\n<\/tr>\n<tr>\n<td><strong>38<\/strong><\/td>\n<td>36<\/td>\n<td>46<\/td>\n<td>\u00a055<\/td>\n<\/tr>\n<tr>\n<td><strong>40<\/strong><\/td>\n<td>38<\/td>\n<td>48<\/td>\n<td>\u00a055<\/td>\n<\/tr>\n<tr>\n<td><strong>42<\/strong><\/td>\n<td>40<\/td>\n<td>50<\/td>\n<td>\u00a055<\/td>\n<\/tr>\n<tr>\n<td><strong>44<\/strong><\/td>\n<td>42<\/td>\n<td>52<\/td>\n<td>\u00a055<\/td>\n<\/tr>\n<tr>\n<td><strong>46<\/strong><\/td>\n<td>44<\/td>\n<td>54<\/td>\n<td>\u00a055<\/td>\n<\/tr>\n<tr>\n<td><strong>48<\/strong><\/td>\n<td>46<\/td>\n<td>56<\/td>\n<td>\u00a055<\/td>\n<\/tr>\n<tr>\n<td><strong>50<\/strong><\/td>\n<td>48<\/td>\n<td>58<\/td>\n<td>\u00a055<\/td>\n<\/tr>\n<tr>\n<td><strong>52<\/strong><\/td>\n<td>50<\/td>\n<td>\u00a060<\/td>\n<td>\u00a055<\/td>\n<\/tr>\n<\/tbody>\n<\/table>\n<p style=\"text-align: center;\">Dimensions may slightly differ from the given +\/- 2cm.<\/p>\n<p style=\"text-align: center;\"><strong>\u00a0<\/strong><\/p>\n<p style=\"text-align: center;\"><strong>MODEL 168 cm - SIZE S<\/strong><\/p>","protected":false},"excerpt":{"rendered":"<p>Sp\u00f3dnica Sk\u00f3rzana Prosta Kalma Czarna Dopasowana sp\u00f3dnica, uszyta z mi\u0119kkiej i elastycznej eko sk\u00f3ry. PRODUKT POLSKI. Sp\u00f3dnica posiada przeszycia oraz ma\u0142e rozci\u0119cie z ty\u0142u. Model posiada niewidoczny suwak z ty\u0142u, dzi\u0119ki czemu idealnie podkre\u015bli tali\u0119 i biodra. &nbsp; ROZMIAR Talia Biodra D\u0142ugo\u015b\u0107 38 36 46 \u00a055 40 38 48 \u00a055 42 40 50 \u00a055 44<\/p>\n<div class=\"klb-readmore post-buttons\"><a class=\"button black outline size-sm\" href=\"https:\/\/madelinefashion.pl\/en\/product\/spodnica-skorzana-prosta-kalma-czarna\/\">Read More <i class=\"klbth-icon-right-arrow\"><\/i><\/a><\/div>","protected":false},"featured_media":548028,"template":"","meta":[],"product_brand":[],"product_cat":[121,395],"product_tag":[],"class_list":{"0":"post-548017","1":"product","2":"type-product","3":"status-publish","4":"has-post-thumbnail","6":"product_cat-mini","7":"product_cat-nowosci","8":"pa_rozmiar-xl-42","9":"pa_rozmiar-xxl-44","10":"pa_rozmiar-xxxl-46","11":"pa_rozmiar-xxxxl-48","12":"pa_rozmiar-m-38","13":"pa_rozmiar-l-40","14":"pa_rozmiar-438","15":"pa_rozmiar-439","17":"first","18":"instock","19":"purchasable","20":"product-type-variable"},"_links":{"self":[{"href":"https:\/\/madelinefashion.pl\/en\/wp-json\/wp\/v2\/product\/548017","targetHints":{"allow":["GET"]}}],"collection":[{"href":"https:\/\/madelinefashion.pl\/en\/wp-json\/wp\/v2\/product"}],"about":[{"href":"https:\/\/madelinefashion.pl\/en\/wp-json\/wp\/v2\/types\/product"}],"wp:featuredmedia":[{"embeddable":true,"href":"https:\/\/madelinefashion.pl\/en\/wp-json\/wp\/v2\/media\/548028"}],"wp:attachment":[{"href":"https:\/\/madelinefashion.pl\/en\/wp-json\/wp\/v2\/media?parent=548017"}],"wp:term":[{"taxonomy":"product_brand","embeddable":true,"href":"https:\/\/madelinefashion.pl\/en\/wp-json\/wp\/v2\/product_brand?post=548017"},{"taxonomy":"product_cat","embeddable":true,"href":"https:\/\/madelinefashion.pl\/en\/wp-json\/wp\/v2\/product_cat?post=548017"},{"taxonomy":"product_tag","embeddable":true,"href":"https:\/\/madelinefashion.pl\/en\/wp-json\/wp\/v2\/product_tag?post=548017"}],"curies":[{"name":"wp","href":"https:\/\/api.w.org\/{rel}","templated":true}]}}