{"id":548255,"date":"2024-10-25T11:57:59","date_gmt":"2024-10-25T09:57:59","guid":{"rendered":"https:\/\/madelinefashion.pl\/?post_type=product&#038;p=548255"},"modified":"2026-03-01T12:57:50","modified_gmt":"2026-03-01T11:57:50","slug":"czerwona-podwiazka","status":"publish","type":"product","link":"https:\/\/madelinefashion.pl\/en\/product\/czerwona-podwiazka\/","title":{"rendered":"Red Garter"},"content":{"rendered":"<h3 style=\"text-align: center;\">Red Garter<\/h3>\n<p style=\"text-align: center;\" data-start=\"162\" data-end=\"237\"><strong>Red garter<\/strong> For dresses \u2013 elegance and sensuality in one. Accentuate your femininity with this unique red garter \u2013 the perfect addition to an evening dress, wedding dress, or special occasion outfit. Made of delicate lace and elastic band, it fits perfectly to the leg, ensuring comfort all day and night.<\/p>\n<p style=\"text-align: center;\" data-start=\"535\" data-end=\"743\">This <strong data-start=\"538\" data-end=\"560\">sexy garter<\/strong> is not only a symbol of happiness, but also a subtle accent that adds confidence and charm. Perfect for <strong data-start=\"668\" data-end=\"709\">bachelorette party, Valentine&#039;s Day, date<\/strong> or as a gift for a loved one.<\/p>\n<p style=\"text-align: center;\">This eye-catching red garter is made of a delicate layer of gathered tulle. To prevent slippage, the garter is lined with silicone.\u00a0<b>This is the perfect choice for prom!<\/b><\/p>\n<form id=\"projector_form\" class=\"projector_details disable\" action=\"https:\/\/www.sklep.kochamczapki.pl\/pl\/basketchange.html\" method=\"post\" data-product_id=\"9107\" data-type=\"product_item\">\n<div class=\"projector_details__wrapper\">\n<div id=\"projector_prices_wrapper\" class=\"projector_details__prices projector_prices\"><\/div>\n<\/div>\n<\/form>\n<p>&nbsp;<\/p>\n<table width=\"611\">\n<tbody>\n<tr>\n<td width=\"302\">Model<\/td>\n<td width=\"302\">Red Garter<\/td>\n<\/tr>\n<tr>\n<td width=\"302\">Color<\/td>\n<td width=\"302\">Red<\/td>\n<\/tr>\n<tr>\n<td width=\"302\">Sizes<\/td>\n<td width=\"302\">Universal<\/td>\n<\/tr>\n<tr>\n<td width=\"302\">Material<\/td>\n<td width=\"302\">100% polyester<\/td>\n<\/tr>\n<tr>\n<td width=\"302\">Width<\/td>\n<td width=\"302\">17 cm<\/td>\n<\/tr>\n<\/tbody>\n<\/table>\n<p style=\"text-align: center;\">","protected":false},"excerpt":{"rendered":"<p>Czerwona Podwi\u0105zka Podwi\u0105zka czerwona do sukienki \u2013 elegancja i zmys\u0142owo\u015b\u0107 w jednym Podkre\u015bl swoj\u0105 kobieco\u015b\u0107 dzi\u0119ki wyj\u0105tkowej czerwonej podwi\u0105zce \u2013 idealnemu dodatku do sukienki wieczorowej, \u015blubnej lub stylizacji na specjaln\u0105 okazj\u0119. Wykonana z delikatnej koronki i elastycznej ta\u015bmy, doskonale dopasowuje si\u0119 do nogi, zapewniaj\u0105c komfort noszenia przez ca\u0142y dzie\u0144 i noc. Ta seksowna podwi\u0105zka to<\/p>\n<div class=\"klb-readmore post-buttons\"><a class=\"button black outline size-sm\" href=\"https:\/\/madelinefashion.pl\/en\/product\/czerwona-podwiazka\/\">Read More <i class=\"klbth-icon-right-arrow\"><\/i><\/a><\/div>","protected":false},"featured_media":548217,"template":"","meta":[],"product_brand":[],"product_cat":[113,395],"product_tag":[],"class_list":{"0":"post-548255","1":"product","2":"type-product","3":"status-publish","4":"has-post-thumbnail","6":"product_cat-dodatki","7":"product_cat-nowosci","9":"first","10":"instock","11":"sale","12":"purchasable","13":"product-type-simple"},"_links":{"self":[{"href":"https:\/\/madelinefashion.pl\/en\/wp-json\/wp\/v2\/product\/548255","targetHints":{"allow":["GET"]}}],"collection":[{"href":"https:\/\/madelinefashion.pl\/en\/wp-json\/wp\/v2\/product"}],"about":[{"href":"https:\/\/madelinefashion.pl\/en\/wp-json\/wp\/v2\/types\/product"}],"wp:featuredmedia":[{"embeddable":true,"href":"https:\/\/madelinefashion.pl\/en\/wp-json\/wp\/v2\/media\/548217"}],"wp:attachment":[{"href":"https:\/\/madelinefashion.pl\/en\/wp-json\/wp\/v2\/media?parent=548255"}],"wp:term":[{"taxonomy":"product_brand","embeddable":true,"href":"https:\/\/madelinefashion.pl\/en\/wp-json\/wp\/v2\/product_brand?post=548255"},{"taxonomy":"product_cat","embeddable":true,"href":"https:\/\/madelinefashion.pl\/en\/wp-json\/wp\/v2\/product_cat?post=548255"},{"taxonomy":"product_tag","embeddable":true,"href":"https:\/\/madelinefashion.pl\/en\/wp-json\/wp\/v2\/product_tag?post=548255"}],"curies":[{"name":"wp","href":"https:\/\/api.w.org\/{rel}","templated":true}]}}