{"id":548270,"date":"2024-10-25T12:03:11","date_gmt":"2024-10-25T10:03:11","guid":{"rendered":"https:\/\/madelinefashion.pl\/?post_type=product&#038;p=548270"},"modified":"2026-03-19T10:16:16","modified_gmt":"2026-03-19T09:16:16","slug":"blekitna-podwiazka","status":"publish","type":"product","link":"https:\/\/madelinefashion.pl\/en\/product\/blekitna-podwiazka\/","title":{"rendered":"Blue Garter"},"content":{"rendered":"<h3 style=\"text-align: center;\">Blue Garter<\/h3>\n<p style=\"text-align: center;\">W\u0105ska, czerwona podwi\u0105zka subtelnie podkre\u015bli wyj\u0105tkowo\u015b\u0107 Twojej studni\u00f3wki. To efektowny model z czerwonej koronki, ozdobiony efektown\u0105 kokardk\u0105.<\/p>\n<div class=\"produkt-opis\" style=\"text-align: center;\">Od wewn\u0105trz elastyczna gumka.<\/div>\n<div class=\"produkt-material\" style=\"text-align: center;\">Materia\u0142: 100% poliester<\/div>\n<form id=\"projector_form\" class=\"projector_details disable\" action=\"https:\/\/www.sklep.kochamczapki.pl\/pl\/basketchange.html\" method=\"post\" data-product_id=\"9107\" data-type=\"product_item\">\n<div class=\"projector_details__wrapper\">\n<div id=\"projector_prices_wrapper\" class=\"projector_details__prices projector_prices\"><\/div>\n<\/div>\n<\/form>\n<ul>\n<li style=\"text-align: center;\"><\/li>\n<\/ul>\n<p>&nbsp;<\/p>\n<p>&nbsp;<\/p>\n<table width=\"611\">\n<tbody>\n<tr>\n<td width=\"302\">Model<\/td>\n<td width=\"302\">Red Garter<\/td>\n<\/tr>\n<tr>\n<td width=\"302\">Color<\/td>\n<td width=\"302\">Blue<\/td>\n<\/tr>\n<tr>\n<td width=\"302\">Collection<\/td>\n<td width=\"302\">Spring \/ Fall \/ Winter<\/td>\n<\/tr>\n<tr>\n<td width=\"302\">Sizes<\/td>\n<td width=\"302\">Universal<\/td>\n<\/tr>\n<tr>\n<td width=\"302\">Material<\/td>\n<td width=\"302\">100% polyester<\/td>\n<\/tr>\n<tr>\n<td width=\"302\"><\/td>\n<td width=\"302\"><\/td>\n<\/tr>\n<tr>\n<td width=\"302\"><\/td>\n<td width=\"302\"><\/td>\n<\/tr>\n<\/tbody>\n<\/table>\n<p style=\"text-align: center;\">","protected":false},"excerpt":{"rendered":"<p>B\u0142\u0119kitna Podwi\u0105zka W\u0105ska, czerwona podwi\u0105zka subtelnie podkre\u015bli wyj\u0105tkowo\u015b\u0107 Twojej studni\u00f3wki. To efektowny model z czerwonej koronki, ozdobiony efektown\u0105 kokardk\u0105. Od wewn\u0105trz elastyczna gumka. Materia\u0142: 100% poliester &nbsp; &nbsp; Model Czerwona Podwi\u0105zka Kolor B\u0142\u0119kit Kolekcja Wiosna \/ jesie\u0144 \/ zima Rozmiary Uniwersalny Materia\u0142 100% poliester<\/p>","protected":false},"featured_media":548216,"template":"","meta":[],"product_brand":[],"product_cat":[113,395],"product_tag":[],"class_list":{"0":"post-548270","1":"product","2":"type-product","3":"status-publish","4":"has-post-thumbnail","6":"product_cat-dodatki","7":"product_cat-nowosci","9":"first","10":"instock","11":"sale","12":"purchasable","13":"product-type-simple"},"_links":{"self":[{"href":"https:\/\/madelinefashion.pl\/en\/wp-json\/wp\/v2\/product\/548270","targetHints":{"allow":["GET"]}}],"collection":[{"href":"https:\/\/madelinefashion.pl\/en\/wp-json\/wp\/v2\/product"}],"about":[{"href":"https:\/\/madelinefashion.pl\/en\/wp-json\/wp\/v2\/types\/product"}],"wp:featuredmedia":[{"embeddable":true,"href":"https:\/\/madelinefashion.pl\/en\/wp-json\/wp\/v2\/media\/548216"}],"wp:attachment":[{"href":"https:\/\/madelinefashion.pl\/en\/wp-json\/wp\/v2\/media?parent=548270"}],"wp:term":[{"taxonomy":"product_brand","embeddable":true,"href":"https:\/\/madelinefashion.pl\/en\/wp-json\/wp\/v2\/product_brand?post=548270"},{"taxonomy":"product_cat","embeddable":true,"href":"https:\/\/madelinefashion.pl\/en\/wp-json\/wp\/v2\/product_cat?post=548270"},{"taxonomy":"product_tag","embeddable":true,"href":"https:\/\/madelinefashion.pl\/en\/wp-json\/wp\/v2\/product_tag?post=548270"}],"curies":[{"name":"wp","href":"https:\/\/api.w.org\/{rel}","templated":true}]}}