{"id":548271,"date":"2024-10-25T12:08:50","date_gmt":"2024-10-25T10:08:50","guid":{"rendered":"https:\/\/madelinefashion.pl\/?post_type=product&#038;p=548271"},"modified":"2026-02-25T12:32:49","modified_gmt":"2026-02-25T11:32:49","slug":"spodnie-eleganckie-z-ozdobna-guma-czarne","status":"publish","type":"product","link":"https:\/\/madelinefashion.pl\/en\/product\/spodnie-eleganckie-z-ozdobna-guma-czarne\/","title":{"rendered":"Elegant Trousers with Decorative Elastic Band Black"},"content":{"rendered":"<h3 style=\"text-align: center;\">Elegant Trousers with Decorative Elastic Band Black<\/h3>\n<p style=\"text-align: center;\">Elegant black cigarette trousers. The attached belt makes them look incredibly stylish. The elastic waistband ensures a perfect fit. They&#039;re perfect for everyday wear, both for work and for meeting friends. They look great with heels or sneakers. <strong>Pants with a higher waist<\/strong> They beautifully shape the waist, giving an amazing effect! <strong>\u00a0High quality, <\/strong>elastic jeans fit perfectly to the figure. It is the base for ours\u00a0<a href=\"https:\/\/madelinefashion.pl\/en\/bluzki-2\/\">blouses<\/a>\u00a0and\u00a0<a href=\"https:\/\/madelinefashion.pl\/en\/bluzki-2\/koszule\/\">shirts<\/a>\u00a0and\u00a0<a href=\"https:\/\/madelinefashion.pl\/en\/body\/\">body<\/a>.We recommend\u00a0\u00a0<b>exactly\u00a0<\/b><strong>to measure<\/strong>\u00a0according to the Dimension Chart below. Complete your wardrobe with this model of trousers from\u00a0<strong><a href=\"https:\/\/madelinefashion.pl\/en\/\">Madelinefashion<\/a>\u00a0.\u00a0<\/strong>In the information after the purchase, you can also provide your dimensions - we will choose the perfect one for you. Pants available in\u00a0<strong>two color variants<\/strong>. The dimensions below are given flat!<\/p>\n<h3 style=\"text-align: center;\">Pants dimensions:<\/h3>\n<p>&nbsp;<\/p>\n<p style=\"text-align: center;\"><strong>SIZE M 38\u00a0<\/strong><\/p>\n<ul style=\"text-align: center;\">\n<li>Overall length: 100 cm<\/li>\n<li>Inside leg length: 70 cm<\/li>\n<li>Waist width: 35-38 cm<\/li>\n<li>Waist: 34 cm<\/li>\n<\/ul>\n<p style=\"text-align: center;\"><strong>SIZE L 40\u00a0<\/strong><\/p>\n<ul style=\"text-align: center;\">\n<li>Overall length: 100 cm<\/li>\n<li>Inside leg length: 72 cm<\/li>\n<li>Waist width: 37-41 cm<\/li>\n<li>Waist: 35 cm<\/li>\n<\/ul>\n<p style=\"text-align: center;\"><strong>SIZE XL 42\u00a0<\/strong><\/p>\n<ul style=\"text-align: center;\">\n<li>Overall length: 100 cm<\/li>\n<li>Inside leg length: 73 cm<\/li>\n<li>Waist width: 41-45 cm<\/li>\n<li>Waist: 35 cm<\/li>\n<\/ul>\n<p style=\"text-align: center;\"><strong>SIZE 44\u00a0<\/strong><\/p>\n<ul style=\"text-align: center;\">\n<li>Overall length: 102 cm<\/li>\n<li>Inside leg length: 74 cm<\/li>\n<li>Waist width: 45-47 cm<\/li>\n<li>Waist: 36 cm<\/li>\n<\/ul>\n<p style=\"text-align: center;\"><strong>SIZE 46<\/strong><\/p>\n<ul style=\"text-align: center;\">\n<li>Overall length: 102 cm<\/li>\n<li>Inside leg length: 74 cm<\/li>\n<li>Waist width: 47-51 cm<\/li>\n<li>Waist: 37 cm<\/li>\n<li>\n<p style=\"text-align: center;\"><strong>SIZE 48<\/strong><\/p>\n<ul style=\"text-align: center;\">\n<li>Overall length: 103 cm<\/li>\n<li>Inside leg length: 75 cm<\/li>\n<li>Waist width: 51-55 cm<\/li>\n<li>Waist: 38 cm<\/li>\n<\/ul>\n<p style=\"text-align: center;\"><strong>SIZE 50<\/strong><\/p>\n<ul style=\"text-align: center;\">\n<li>Overall length: 103 cm<\/li>\n<li>Inside leg length: 75 cm<\/li>\n<li>Waist width: 55-59 cm<\/li>\n<li>Waist: 38 cm<\/li>\n<li>\n<p style=\"text-align: center;\"><strong>SIZE 52<\/strong><\/p>\n<ul style=\"text-align: center;\">\n<li>Overall length: 104 cm<\/li>\n<li>Inside leg length: 76 cm<\/li>\n<li>Waist width: 59-63 cm<\/li>\n<li>Waist: 39 cm<\/li>\n<\/ul>\n<ul style=\"text-align: center;\">\n<li><\/li>\n<\/ul>\n<\/li>\n<\/ul>\n<\/li>\n<\/ul>\n<p style=\"text-align: center;\">Dimensions may vary from the given +\/- 2cm. All dimensions given are measured flat.\u00a0<strong>X2 dimension<\/strong><\/p>\n<p>&nbsp;<\/p>\n<p style=\"text-align: center;\">\u00a0The model has\u00a0<strong>165<\/strong>\u00a0cm tall, wears a size every day\u00a0<strong>S.<\/strong><\/p>\n<p style=\"text-align: center;\">","protected":false},"excerpt":{"rendered":"<p>Spodnie Eleganckie Z Ozdobn\u0105 Gum\u0105 Czarne Eleganckie cygaretki koloru czarnego. Do\u0142\u0105czony pasek sprawia, \u017ce wygl\u0105daj\u0105 one niezwykle efektownie. W pasie znajduje si\u0119 gumka, dzi\u0119ki kt\u00f3rej spodnie \u015bwietnie dopasuj\u0105 si\u0119 do sylwetki. Idealnie sprawdz\u0105 si\u0119 na co dzie\u0144, do pracy, ale te\u017c na spotkanie ze znajomymi. Idealnie prezentuj\u0105 si\u0119 ze szpilkami czy trampkami. Spodnie z wy\u017cszym<\/p>\n<div class=\"klb-readmore post-buttons\"><a class=\"button black outline size-sm\" href=\"https:\/\/madelinefashion.pl\/en\/product\/spodnie-eleganckie-z-ozdobna-guma-czarne\/\">Read More <i class=\"klbth-icon-right-arrow\"><\/i><\/a><\/div>","protected":false},"featured_media":595431,"template":"","meta":[],"product_brand":[],"product_cat":[83],"product_tag":[240,475],"class_list":{"0":"post-548271","1":"product","2":"type-product","3":"status-publish","4":"has-post-thumbnail","6":"product_cat-spodnie","7":"product_tag-jeans","8":"product_tag-spodnie-dlugie","9":"pa_rozmiar-m","10":"pa_rozmiar-l","11":"pa_rozmiar-xl","12":"pa_rozmiar-xxl","13":"pa_rozmiar-xxxl-46","14":"pa_rozmiar-xxxxl-48","15":"pa_rozmiar-438","16":"pa_rozmiar-439","18":"first","19":"instock","20":"product-type-variable"},"_links":{"self":[{"href":"https:\/\/madelinefashion.pl\/en\/wp-json\/wp\/v2\/product\/548271","targetHints":{"allow":["GET"]}}],"collection":[{"href":"https:\/\/madelinefashion.pl\/en\/wp-json\/wp\/v2\/product"}],"about":[{"href":"https:\/\/madelinefashion.pl\/en\/wp-json\/wp\/v2\/types\/product"}],"wp:featuredmedia":[{"embeddable":true,"href":"https:\/\/madelinefashion.pl\/en\/wp-json\/wp\/v2\/media\/595431"}],"wp:attachment":[{"href":"https:\/\/madelinefashion.pl\/en\/wp-json\/wp\/v2\/media?parent=548271"}],"wp:term":[{"taxonomy":"product_brand","embeddable":true,"href":"https:\/\/madelinefashion.pl\/en\/wp-json\/wp\/v2\/product_brand?post=548271"},{"taxonomy":"product_cat","embeddable":true,"href":"https:\/\/madelinefashion.pl\/en\/wp-json\/wp\/v2\/product_cat?post=548271"},{"taxonomy":"product_tag","embeddable":true,"href":"https:\/\/madelinefashion.pl\/en\/wp-json\/wp\/v2\/product_tag?post=548271"}],"curies":[{"name":"wp","href":"https:\/\/api.w.org\/{rel}","templated":true}]}}