{"id":548565,"date":"2024-10-30T10:28:45","date_gmt":"2024-10-30T09:28:45","guid":{"rendered":"https:\/\/madelinefashion.pl\/?post_type=product&#038;p=548565"},"modified":"2026-01-22T13:16:24","modified_gmt":"2026-01-22T12:16:24","slug":"kurtka-pilotka-z-kapturem-tenessy-bezowa","status":"publish","type":"product","link":"https:\/\/madelinefashion.pl\/en\/product\/kurtka-pilotka-z-kapturem-tenessy-bezowa\/","title":{"rendered":"Tenesy Beige Hooded Bomber Jacket"},"content":{"rendered":"<h3 style=\"text-align: center;\">Tenesy Beige Hooded Bomber Jacket<\/h3>\n<p style=\"text-align: center;\">A bomber jacket decorated with faux fur. It conveniently fastens with a front zipper. Decorative stripes on the sleeves. Deep pockets on the sides. The jacket is finished with a fashionable, large collar trimmed with faux fur. The sleeves are finished with a shearling insert. The bomber jacket has a large, warm hood.<\/p>\n<h3 style=\"text-align: center;\">Dimensions:<\/h3>\n<p style=\"text-align: center;\"><strong>SIZE S \/ M<\/strong><br \/>\nTotal length 46 cm<br \/>\nWidth from armpit to armpit: 53 cm<br \/>\nWidth at the bottom: 44-51 cm<br \/>\nSleeve length from the shoulder: 56 cm<br \/>\nSleeve length from armpit: 49 cm<\/p>\n<p>&nbsp;<\/p>\n<p style=\"text-align: center;\"><strong>SIZE M \/ L<br \/>\n<\/strong>Total length 47 cm<br \/>\nWidth from armpit to armpit: 55 cm<br \/>\nWidth at the bottom: 46-53 cm<br \/>\nSleeve length from the shoulder: 57 cm<br \/>\nSleeve length from armpit: 50 cm<\/p>\n<p style=\"text-align: center;\">Dimensions may slightly differ from the given +\/- 2cm. All dimensions are provided <strong>measured flat<\/strong>.\u00a0<strong>X2 dimension<\/strong><\/p>\n<p>&nbsp;<\/p>\n<table width=\"605\">\n<tbody>\n<tr>\n<td width=\"302\">Model name<\/td>\n<td width=\"302\">Tenesy Hooded Bomber Jacket<\/td>\n<\/tr>\n<tr>\n<td width=\"302\">Color<\/td>\n<td width=\"302\">Without<\/td>\n<\/tr>\n<tr>\n<td width=\"302\">Sizes<\/td>\n<td width=\"302\">S\/M, M\/L<\/td>\n<\/tr>\n<tr>\n<td width=\"302\">Collection<\/td>\n<td width=\"302\">Spring \/ Autumn \/ Winter<\/td>\n<\/tr>\n<tr>\n<td width=\"302\">Material<\/td>\n<td width=\"302\">50 % Polyester 50 % Polyurethane<\/td>\n<\/tr>\n<tr>\n<td width=\"302\">Quality<\/td>\n<td width=\"302\">Premium<\/td>\n<\/tr>\n<tr>\n<td width=\"302\">Fastening<\/td>\n<td width=\"302\">Lock<\/td>\n<\/tr>\n<\/tbody>\n<\/table>\n<p style=\"text-align: center;\">The model has\u00a0<strong>169<\/strong>\u00a0cm tall, wears a size every day\u00a0<strong>S.<\/strong><\/p>\n<p style=\"text-align: center;\">Bust width 91 cm<\/p>\n<p style=\"text-align: center;\">Waist width 71 cm<\/p>\n<p style=\"text-align: center;\">Hip width 96 cm<\/p>\n<p style=\"text-align: center;\"><span style=\"font-size: 10pt;\">\u00a0<\/span><\/p>\n<p style=\"text-align: center;\">","protected":false},"excerpt":{"rendered":"<p>Kurtka Pilotka Z Kapturem Tenessy Be\u017cowa Kurtka o fasonie pilotki, dekorowana sztucznym ko\u017cuszkiem. Wygodnie zasuwana z przodu na zamek b\u0142yskawiczny. Na r\u0119kawach dekoracyjne paski. Po bokach g\u0142\u0119bokie kieszenie. Kurteczka wyko\u0144czona modnym, du\u017cym ko\u0142nierzem, pokrytym sztucznym futerkiem R\u0119kawy zako\u0144czony wstawk\u0105 z ko\u017cuszka. Pilotka posiada du\u017cy, ciep\u0142y kaptur. Wymiary: ROZMIAR S\/M D\u0142ugo\u015b\u0107 ca\u0142kowita 46 cm Szeroko\u015b\u0107 od<\/p>\n<div class=\"klb-readmore post-buttons\"><a class=\"button black outline size-sm\" href=\"https:\/\/madelinefashion.pl\/en\/product\/kurtka-pilotka-z-kapturem-tenessy-bezowa\/\">Read More <i class=\"klbth-icon-right-arrow\"><\/i><\/a><\/div>","protected":false},"featured_media":548583,"template":"","meta":[],"product_brand":[],"product_cat":[117,395],"product_tag":[],"class_list":{"0":"post-548565","1":"product","2":"type-product","3":"status-publish","4":"has-post-thumbnail","6":"product_cat-kurtki","7":"product_cat-nowosci","8":"pa_rozmiar-xxl","9":"pa_rozmiar-l-40","10":"pa_rozmiar-s-m","11":"pa_rozmiar-m-l","12":"pa_rozmiar-s","13":"pa_rozmiar-m","14":"pa_rozmiar-xl","16":"first","17":"instock","18":"sale","19":"purchasable","20":"product-type-variable"},"_links":{"self":[{"href":"https:\/\/madelinefashion.pl\/en\/wp-json\/wp\/v2\/product\/548565","targetHints":{"allow":["GET"]}}],"collection":[{"href":"https:\/\/madelinefashion.pl\/en\/wp-json\/wp\/v2\/product"}],"about":[{"href":"https:\/\/madelinefashion.pl\/en\/wp-json\/wp\/v2\/types\/product"}],"wp:featuredmedia":[{"embeddable":true,"href":"https:\/\/madelinefashion.pl\/en\/wp-json\/wp\/v2\/media\/548583"}],"wp:attachment":[{"href":"https:\/\/madelinefashion.pl\/en\/wp-json\/wp\/v2\/media?parent=548565"}],"wp:term":[{"taxonomy":"product_brand","embeddable":true,"href":"https:\/\/madelinefashion.pl\/en\/wp-json\/wp\/v2\/product_brand?post=548565"},{"taxonomy":"product_cat","embeddable":true,"href":"https:\/\/madelinefashion.pl\/en\/wp-json\/wp\/v2\/product_cat?post=548565"},{"taxonomy":"product_tag","embeddable":true,"href":"https:\/\/madelinefashion.pl\/en\/wp-json\/wp\/v2\/product_tag?post=548565"}],"curies":[{"name":"wp","href":"https:\/\/api.w.org\/{rel}","templated":true}]}}