{"id":548616,"date":"2024-10-30T11:49:48","date_gmt":"2024-10-30T10:49:48","guid":{"rendered":"https:\/\/madelinefashion.pl\/?post_type=product&#038;p=548616"},"modified":"2026-01-15T12:42:53","modified_gmt":"2026-01-15T11:42:53","slug":"kurtka-z-eko-skory-z-futerkiem-bueno-czarna","status":"publish","type":"product","link":"https:\/\/madelinefashion.pl\/en\/product\/kurtka-z-eko-skory-z-futerkiem-bueno-czarna\/","title":{"rendered":"Bueno Black Faux Leather Jacket with Fur"},"content":{"rendered":"<h3 style=\"text-align: center;\">Bueno Black Faux Leather Jacket with Fur<\/h3>\n<p style=\"text-align: center;\">This aviator-style jacket is adorned with faux fur on the collar and sleeves. It fastens with decorative buttons. The sleeves feature decorative fur inserts. The jacket is made of faux leather and is solidly finished with high-quality materials. A fashionable and timeless design. It&#039;s perfect for everyday styling with trousers, but it also looks beautiful with elegant dresses or skirts. Available sizes: S M L XL<\/p>\n<h3 style=\"text-align: center;\">Dimensions:<\/h3>\n<p style=\"text-align: center;\"><strong>SIZE S<\/strong><br \/>\nOverall length 52 cm<br \/>\nWidth from armpit to armpit: 47 cm<br \/>\nWaist width: 47 cm<br \/>\nBottom width: 47 cm<br \/>\nSleeve length from the shoulder: 59 cm<br \/>\nSleeve length from armpit: 45 cm<\/p>\n<p style=\"text-align: center;\"><strong>SIZE M<br \/>\n<\/strong>Overall length 52 cm<br \/>\nWidth from armpit to armpit: 49 cm<br \/>\nWaist width: 49 cm<br \/>\nBottom width: 49 cm<br \/>\nSleeve length from the shoulder: 59 cm<br \/>\nSleeve length from armpit: 45 cm<\/p>\n<p style=\"text-align: center;\"><strong>SIZE L<br \/>\n<\/strong>Total length 53 cm<br \/>\nWidth from armpit to armpit: 51 cm<br \/>\nWaist width: 51 cm<br \/>\nBottom width: 51 cm<br \/>\nSleeve length from the shoulder: 60 cm<br \/>\nSleeve length from armpit: 46 cm<\/p>\n<p style=\"text-align: center;\"><strong>SIZE XL<br \/>\n<\/strong>Total length 53 cm<br \/>\nWidth from armpit to armpit: 53 cm<br \/>\nWaist width: 53 cm<br \/>\nBottom width: 53 cm<br \/>\nSleeve length from the shoulder: 60 cm<br \/>\nSleeve length from armpit: 46 cm<\/p>\n<p style=\"text-align: center;\">Dimensions may slightly differ from the given +\/- 2cm. All dimensions are provided <strong>measured flat<\/strong>.\u00a0<strong>X2 dimension<\/strong><\/p>\n<p>\u00a0<\/p>\n<table width=\"605\">\n<tbody>\n<tr>\n<td width=\"302\">Model name<\/td>\n<td width=\"302\">Bueno Eco Leather Jacket with Fur<\/td>\n<\/tr>\n<tr>\n<td width=\"302\">Color<\/td>\n<td width=\"302\">Black<\/td>\n<\/tr>\n<tr>\n<td width=\"302\">Sizes<\/td>\n<td width=\"302\">SML XL<\/td>\n<\/tr>\n<tr>\n<td width=\"302\">Collection<\/td>\n<td width=\"302\">Spring \/ Autumn \/ Winter<\/td>\n<\/tr>\n<tr>\n<td width=\"302\">Material<\/td>\n<td width=\"302\">52 % Polyurethane 48 % Polyester<\/td>\n<\/tr>\n<tr>\n<td width=\"302\">Quality<\/td>\n<td width=\"302\">Premium<\/td>\n<\/tr>\n<tr>\n<td width=\"302\">Fastening<\/td>\n<td width=\"302\">Buttons<\/td>\n<\/tr>\n<\/tbody>\n<\/table>\n<p style=\"text-align: center;\">The model has\u00a0<strong>169<\/strong>\u00a0cm tall, wears a size every day\u00a0<strong>S.<\/strong><\/p>\n<p style=\"text-align: center;\">Bust width 91 cm<\/p>\n<p style=\"text-align: center;\">Waist width 71 cm<\/p>\n<p style=\"text-align: center;\">Hip width 96 cm<\/p>\n<p style=\"text-align: center;\"><span style=\"font-size: 10pt;\">\u00a0<\/span><\/p>\n<p style=\"text-align: center;\">","protected":false},"excerpt":{"rendered":"<p>Kurtka Z Eko Sk\u00f3ry Z Futerkiem Bueno Czarna Kurtka o fasonie pilotki, dekorowana sztucznym futerkiem na ko\u0142nierzu oraz na r\u0119kawach. Zapinana na ozdobne guziki. Na r\u0119kawach dekoracyjne wstawki z futerka. Kurteczka wykonana jest z eko sk\u00f3ry, solidnie wyko\u0144czona z dobrej jako\u015bci materia\u0142\u00f3w. Modny i ponadczasowy fason. Idealnie sprawdzi si\u0119 na co dzie\u0144 do stylizacji ze<\/p>\n<div class=\"klb-readmore post-buttons\"><a class=\"button black outline size-sm\" href=\"https:\/\/madelinefashion.pl\/en\/product\/kurtka-z-eko-skory-z-futerkiem-bueno-czarna\/\">Read More <i class=\"klbth-icon-right-arrow\"><\/i><\/a><\/div>","protected":false},"featured_media":548615,"template":"","meta":[],"product_brand":[],"product_cat":[117,395],"product_tag":[],"class_list":{"0":"post-548616","1":"product","2":"type-product","3":"status-publish","4":"has-post-thumbnail","6":"product_cat-kurtki","7":"product_cat-nowosci","8":"pa_rozmiar-l-40","9":"pa_rozmiar-m","10":"pa_rozmiar-s","11":"pa_rozmiar-xl","12":"pa_rozmiar-xxl","14":"first","15":"outofstock","16":"product-type-variable"},"_links":{"self":[{"href":"https:\/\/madelinefashion.pl\/en\/wp-json\/wp\/v2\/product\/548616","targetHints":{"allow":["GET"]}}],"collection":[{"href":"https:\/\/madelinefashion.pl\/en\/wp-json\/wp\/v2\/product"}],"about":[{"href":"https:\/\/madelinefashion.pl\/en\/wp-json\/wp\/v2\/types\/product"}],"wp:featuredmedia":[{"embeddable":true,"href":"https:\/\/madelinefashion.pl\/en\/wp-json\/wp\/v2\/media\/548615"}],"wp:attachment":[{"href":"https:\/\/madelinefashion.pl\/en\/wp-json\/wp\/v2\/media?parent=548616"}],"wp:term":[{"taxonomy":"product_brand","embeddable":true,"href":"https:\/\/madelinefashion.pl\/en\/wp-json\/wp\/v2\/product_brand?post=548616"},{"taxonomy":"product_cat","embeddable":true,"href":"https:\/\/madelinefashion.pl\/en\/wp-json\/wp\/v2\/product_cat?post=548616"},{"taxonomy":"product_tag","embeddable":true,"href":"https:\/\/madelinefashion.pl\/en\/wp-json\/wp\/v2\/product_tag?post=548616"}],"curies":[{"name":"wp","href":"https:\/\/api.w.org\/{rel}","templated":true}]}}