{"id":548646,"date":"2024-10-30T12:45:10","date_gmt":"2024-10-30T11:45:10","guid":{"rendered":"https:\/\/madelinefashion.pl\/?post_type=product&#038;p=548646"},"modified":"2026-01-20T10:33:09","modified_gmt":"2026-01-20T09:33:09","slug":"bluza-dzianinowa-z-ozdobna-nitka-you-czarna","status":"publish","type":"product","link":"https:\/\/madelinefashion.pl\/en\/product\/bluza-dzianinowa-z-ozdobna-nitka-you-czarna\/","title":{"rendered":"Knitted Sweatshirt with Decorative Thread YOU Black"},"content":{"rendered":"<h3 style=\"text-align: center;\">Knitted Sweatshirt with Decorative Thread YOU Black<\/h3>\n<p style=\"text-align: center;\">Are you looking for a comfortable and <strong>stylish Sweatshirts<\/strong>? YOU is perfect for any season. The sweatshirt has a front <b>decorative emblem with the inscription you.<\/b> Made of pleasant and light material. The classic cut will be perfect for school, work or everyday going out. <strong>Oversized sweatshirt with decorative stitching. Available in three versatile colors.<\/strong><\/p>\n<h3 style=\"text-align: center;\">\u00a0 \u00a0 \u00a0 \u00a0Dimensions<\/h3>\n<ul style=\"text-align: center;\">\n<li style=\"list-style-type: none;\">\n<ul>\n<li>overall length: 56 cm<\/li>\n<li>\u00a0\u00a0\u00a0\u00a0\u00a0\u00a0\u00a0 width from armpit to armpit: 64-70 cm<\/li>\n<li>\u00a0\u00a0\u00a0\u00a0\u00a0\u00a0\u00a0 sleeve length from the shoulder: 60 cm<\/li>\n<li>\u00a0\u00a0\u00a0\u00a0\u00a0\u00a0\u00a0 sleeve length from armpit: 45 cm<\/li>\n<li><\/li>\n<\/ul>\n<\/li>\n<\/ul>\n<table>\n<tbody>\n<tr>\n<td width=\"302\">Name<\/td>\n<td width=\"302\">Knitted Sweatshirt with Decorative Thread YOU<\/td>\n<\/tr>\n<tr>\n<td width=\"302\">Color<\/td>\n<td width=\"302\">Black<\/td>\n<\/tr>\n<tr>\n<td width=\"302\">Sizes<\/td>\n<td width=\"302\">Universal<\/td>\n<\/tr>\n<tr>\n<td width=\"302\">Fashion<\/td>\n<td width=\"302\">Oversize<\/td>\n<\/tr>\n<tr>\n<td width=\"302\">Material<\/td>\n<td width=\"302\">56 % Polyester, 42% Viscose<\/td>\n<\/tr>\n<\/tbody>\n<\/table>\n<p>&nbsp;<\/p>\n<div class=\"tabs tabs-bb clear mb-80\">\n<div class=\"tab-content\">\n<div id=\"tab-description\" class=\"tab-pane fade in woocommerce-Tabs-panel--description active\">\n<p style=\"text-align: center;\">The model has\u00a0<strong>169<\/strong>\u00a0cm tall, wears a size every day\u00a0<strong>S.<\/strong><\/p>\n<p style=\"text-align: center;\">The width at the bust is 92 cm<\/p>\n<p style=\"text-align: center;\">Waist width 62 cm<\/p>\n<p style=\"text-align: center;\">The width at the hips is 94 cm<\/p>\n<\/div>\n<\/div>\n<\/div>","protected":false},"excerpt":{"rendered":"<p>Bluza Dzianinowa Z Ozdobn\u0105 Nitk\u0105 YOU Czarna Szukasz wygodnej i stylowej Bluzy? YOU sprawdzi si\u0119 idealnie na ka\u017cd\u0105 por\u0119 roku. Bluza na przodzie posiada ozdobny emblemat z napisem you. Wykonana z przyjemnego i lekkiego materia\u0142u. Klasyczny fason b\u0119dzie idealny do szko\u0142y, pracy czy te\u017c codzienne wyj\u015bcie. Bluza o fasonie oversize z dekoracyjnymi przeszyciami. Dost\u0119pna w<\/p>\n<div class=\"klb-readmore post-buttons\"><a class=\"button black outline size-sm\" href=\"https:\/\/madelinefashion.pl\/en\/product\/bluza-dzianinowa-z-ozdobna-nitka-you-czarna\/\">Read More <i class=\"klbth-icon-right-arrow\"><\/i><\/a><\/div>","protected":false},"featured_media":548637,"template":"","meta":[],"product_brand":[],"product_cat":[255],"product_tag":[],"class_list":{"0":"post-548646","1":"product","2":"type-product","3":"status-publish","4":"has-post-thumbnail","6":"product_cat-bluzy","7":"pa_rozmiar-l","8":"pa_rozmiar-xl","9":"pa_rozmiar-m","11":"first","12":"instock","13":"sale","14":"purchasable","15":"product-type-simple"},"_links":{"self":[{"href":"https:\/\/madelinefashion.pl\/en\/wp-json\/wp\/v2\/product\/548646","targetHints":{"allow":["GET"]}}],"collection":[{"href":"https:\/\/madelinefashion.pl\/en\/wp-json\/wp\/v2\/product"}],"about":[{"href":"https:\/\/madelinefashion.pl\/en\/wp-json\/wp\/v2\/types\/product"}],"wp:featuredmedia":[{"embeddable":true,"href":"https:\/\/madelinefashion.pl\/en\/wp-json\/wp\/v2\/media\/548637"}],"wp:attachment":[{"href":"https:\/\/madelinefashion.pl\/en\/wp-json\/wp\/v2\/media?parent=548646"}],"wp:term":[{"taxonomy":"product_brand","embeddable":true,"href":"https:\/\/madelinefashion.pl\/en\/wp-json\/wp\/v2\/product_brand?post=548646"},{"taxonomy":"product_cat","embeddable":true,"href":"https:\/\/madelinefashion.pl\/en\/wp-json\/wp\/v2\/product_cat?post=548646"},{"taxonomy":"product_tag","embeddable":true,"href":"https:\/\/madelinefashion.pl\/en\/wp-json\/wp\/v2\/product_tag?post=548646"}],"curies":[{"name":"wp","href":"https:\/\/api.w.org\/{rel}","templated":true}]}}