{"id":548659,"date":"2024-10-30T13:02:03","date_gmt":"2024-10-30T12:02:03","guid":{"rendered":"https:\/\/madelinefashion.pl\/?post_type=product&#038;p=548659"},"modified":"2026-03-23T10:49:09","modified_gmt":"2026-03-23T09:49:09","slug":"plaszcz-maxi-wiazany-z-pagonami-karmelowy","status":"publish","type":"product","link":"https:\/\/madelinefashion.pl\/en\/product\/plaszcz-maxi-wiazany-z-pagonami-karmelowy\/","title":{"rendered":"Maxi Coat Tied with Epaulets Caramel"},"content":{"rendered":"<h3 style=\"text-align: center;\">Maxi Coat Tied with Epaulets Caramel<\/h3>\n<p style=\"text-align: center;\">This longer coat, available in several colors on our website, will perfectly complement your look on colder days. It features a simple, classic cut with a double-breasted button closure. It features a collar and functional, deep front pockets. The coat features decorative shoulder straps with a decorative gold button.<br \/>\nSuitable for sizes SML<\/p>\n<p style=\"text-align: center;\">\u2013<\/p>\n<h3 style=\"text-align: center;\">Dimensions:<\/h3>\n<p style=\"text-align: center;\"><strong><br \/>\n<\/strong>Width from armpit to armpit: 53-55 cm<br \/>\nWaist width: 53-55 cm (can be adjusted with a belt)<br \/>\nSleeve length from the shoulder: 62 cm<br \/>\nSleeve length from armpit: 45 cm<br \/>\nTotal length: 120 cm<\/p>\n<p style=\"text-align: center;\">Dimensions may slightly differ from the given +\/- 2cm. <strong>All dimensions are measured flat - x2 dimension\u00a0<\/strong><\/p>\n<p style=\"text-align: center;\"><strong><span style=\"font-size: 10pt;\">\u00a0<\/span><\/strong><\/p>\n<table class=\"table\" width=\"618\">\n<tbody>\n<tr>\n<td width=\"302\">Model name<\/td>\n<td width=\"302\">Maxi Coat with Ties and Epaulets<\/td>\n<\/tr>\n<tr>\n<td width=\"302\">Color<\/td>\n<td width=\"302\">caramel<\/td>\n<\/tr>\n<tr>\n<td width=\"302\">Sizes<\/td>\n<td width=\"302\">Universal SML<\/td>\n<\/tr>\n<tr>\n<td width=\"302\">Fashion<\/td>\n<td width=\"302\">Matched<\/td>\n<\/tr>\n<tr>\n<td width=\"302\">Hood<\/td>\n<td width=\"302\">Without the hood<\/td>\n<\/tr>\n<tr>\n<td width=\"302\">Composition<\/td>\n<td width=\"302\">100% Polyester<\/td>\n<\/tr>\n<\/tbody>\n<\/table>\n<p style=\"text-align: center;\">The model has\u00a0<strong>169<\/strong>\u00a0cm tall, wears a size every day\u00a0<strong>S.<\/strong><\/p>\n<p style=\"text-align: center;\">Bust width 91 cm<\/p>\n<p style=\"text-align: center;\">Waist width 71 cm<\/p>\n<p style=\"text-align: center;\">Hip width 96 cm<\/p>","protected":false},"excerpt":{"rendered":"<p>P\u0142aszcz Maxi Wi\u0105zany Z Pagonami Karmelowy P\u0142aszcz o d\u0142u\u017cszym fasonie w kilku kolorach dost\u0119pnych na naszej stronie internetowej, doskonale uzupe\u0142ni looki na ch\u0142odniejsze dni. To model o prostym, klasycznym kroju z dwurz\u0119dowym zapi\u0119ciem na guzik. Posiada ko\u0142nierz, z przodu znajduj\u0105 si\u0119 funkcjonalne, g\u0142\u0119bokie kieszenie. P\u0142aszcz posiada dekoracyjne pagony na ramionach z ozdobnym, z\u0142otym guzikiem Odpowiedni<\/p>\n<div class=\"klb-readmore post-buttons\"><a class=\"button black outline size-sm\" href=\"https:\/\/madelinefashion.pl\/en\/product\/plaszcz-maxi-wiazany-z-pagonami-karmelowy\/\">Read More <i class=\"klbth-icon-right-arrow\"><\/i><\/a><\/div>","protected":false},"featured_media":548649,"template":"","meta":[],"product_brand":[],"product_cat":[117,118,120,395,279],"product_tag":[],"class_list":{"0":"post-548659","1":"product","2":"type-product","3":"status-publish","4":"has-post-thumbnail","6":"product_cat-kurtki","7":"product_cat-plaszcze","8":"product_cat-plaszcze-dlugie","9":"product_cat-nowosci","10":"product_cat-plaszcze-wiosenne","11":"pa_rozmiar-s","12":"pa_rozmiar-m","13":"pa_rozmiar-l","15":"first","16":"outofstock","17":"sale","18":"purchasable","19":"product-type-simple"},"_links":{"self":[{"href":"https:\/\/madelinefashion.pl\/en\/wp-json\/wp\/v2\/product\/548659","targetHints":{"allow":["GET"]}}],"collection":[{"href":"https:\/\/madelinefashion.pl\/en\/wp-json\/wp\/v2\/product"}],"about":[{"href":"https:\/\/madelinefashion.pl\/en\/wp-json\/wp\/v2\/types\/product"}],"wp:featuredmedia":[{"embeddable":true,"href":"https:\/\/madelinefashion.pl\/en\/wp-json\/wp\/v2\/media\/548649"}],"wp:attachment":[{"href":"https:\/\/madelinefashion.pl\/en\/wp-json\/wp\/v2\/media?parent=548659"}],"wp:term":[{"taxonomy":"product_brand","embeddable":true,"href":"https:\/\/madelinefashion.pl\/en\/wp-json\/wp\/v2\/product_brand?post=548659"},{"taxonomy":"product_cat","embeddable":true,"href":"https:\/\/madelinefashion.pl\/en\/wp-json\/wp\/v2\/product_cat?post=548659"},{"taxonomy":"product_tag","embeddable":true,"href":"https:\/\/madelinefashion.pl\/en\/wp-json\/wp\/v2\/product_tag?post=548659"}],"curies":[{"name":"wp","href":"https:\/\/api.w.org\/{rel}","templated":true}]}}