{"id":548772,"date":"2024-10-31T09:36:14","date_gmt":"2024-10-31T08:36:14","guid":{"rendered":"https:\/\/madelinefashion.pl\/?post_type=product&#038;p=548772"},"modified":"2025-10-01T07:33:39","modified_gmt":"2025-10-01T05:33:39","slug":"leginsy-gladkie-prazkowane-bezowe","status":"publish","type":"product","link":"https:\/\/madelinefashion.pl\/en\/product\/leginsy-gladkie-prazkowane-bezowe\/","title":{"rendered":"Smooth Ribbed Beige Leggings"},"content":{"rendered":"<h3 style=\"text-align: center;\">Smooth Ribbed Beige Leggings<\/h3>\n<p style=\"text-align: center;\">Classic leggings made of ribbed fabric. They feature an elastic waistband. The stretchy material adapts perfectly to the body. A feminine yet very comfortable style, they&#039;re a great base for creating casual outfits. They&#039;re the perfect complement to a sweatshirt or T-shirt for everyday wear. Comfortable yet stylish! These leggings will give your figure the desired shape and pair well with both heels and sneakers. Available in sizes S, M, L, and XL.<br \/>\nIf you have any further questions about this product, please do not hesitate to contact us by phone or help\u00a0<a href=\"https:\/\/www.facebook.com\/madelinefashionbutik\/\" target=\"_blank\" rel=\"noopener\">Facebook<\/a>\u00a0. Follow the new trends with\u00a0<a href=\"https:\/\/madelinefashion.pl\/en\/\">Madelinefashion<\/a>. In the message after purchase, you can send your measurements and we will choose the perfect pants for you. 90% Cotton, 10% Elastane.<\/p>\n<p>&nbsp;<\/p>\n<h3 style=\"text-align: center;\">Dimensions:<\/h3>\n<p style=\"text-align: center;\">waist \u2013 30-37 cm<br \/>\nhips \u2013 35-46 cm<br \/>\nleg length from the crotch \u2013 70 cm<br \/>\ntotal length \u2013 98 cm<br \/>\nwaist \u2013 30 cm<\/p>\n<p>&nbsp;<\/p>\n<p style=\"text-align: center;\">Dimensions may vary from the given +\/- 2cm. All given\u00a0<strong>dimensions are measured flat. X2 dimension<\/strong><\/p>\n<p>&nbsp;<\/p>\n<div class=\"tabs tabs-bb clear mb-80\">\n<div class=\"tab-content\">\n<div id=\"tab-description\" class=\"tab-pane fade in woocommerce-Tabs-panel--description active\">\n<div class=\"tabs tabs-bb clear mb-80\">\n<div class=\"tab-content\">\n<div id=\"tab-description\" class=\"tab-pane fade in woocommerce-Tabs-panel--description active\">\n<div class=\"additional-details\">\n<p style=\"text-align: center;\">The model has\u00a0<strong>169<\/strong>\u00a0cm tall, wears a size every day\u00a0<strong>S.<\/strong><\/p>\n<p style=\"text-align: center;\">The width at the bust is 92 cm<\/p>\n<p style=\"text-align: center;\">Waist width 62 cm<\/p>\n<p style=\"text-align: center;\">The width at the hips is 94 cm<\/p>\n<\/div>\n<\/div>\n<\/div>\n<\/div>\n<\/div>\n<\/div>\n<\/div>\n<section class=\"up-sells upsells products mb-80\"><\/section>\n<p>&nbsp;<\/p>","protected":false},"excerpt":{"rendered":"<p>Leginsy G\u0142adkie Pr\u0105\u017ckowane Be\u017cowe Klasyczne legginsy z pr\u0105\u017ckowego materia\u0142u. W pasie posiadaj\u0105 gum\u0119. Elastyczny materia\u0142 doskonale dopasowuje si\u0119 do sylwetki. Kobiecy, a zarazem bardzo komfortowy model. \u00a0Stanowi\u0105 \u015bwietn\u0105 baz\u0119 do tworzenia niezobowi\u0105zuj\u0105cych outfit\u00f3w. B\u0119dzie idealnym dope\u0142nieniem do bluzy lub t-shirtu na co dzie\u0144. Komfortowe a zarazem stylowe! Legginsy nadadz\u0105 Twojej figurze wymarzonych kszta\u0142t\u00f3w, pasuj\u0105 zar\u00f3wno<\/p>\n<div class=\"klb-readmore post-buttons\"><a class=\"button black outline size-sm\" href=\"https:\/\/madelinefashion.pl\/en\/product\/leginsy-gladkie-prazkowane-bezowe\/\">Read More <i class=\"klbth-icon-right-arrow\"><\/i><\/a><\/div>","protected":false},"featured_media":548760,"template":"","meta":[],"product_brand":[],"product_cat":[83,101],"product_tag":[475],"class_list":{"0":"post-548772","1":"product","2":"type-product","3":"status-publish","4":"has-post-thumbnail","6":"product_cat-spodnie","7":"product_cat-legginsy","8":"product_tag-spodnie-dlugie","9":"pa_rozmiar-l","10":"pa_rozmiar-xl","11":"pa_rozmiar-s","12":"pa_rozmiar-m","14":"first","15":"instock","16":"purchasable","17":"product-type-simple"},"_links":{"self":[{"href":"https:\/\/madelinefashion.pl\/en\/wp-json\/wp\/v2\/product\/548772","targetHints":{"allow":["GET"]}}],"collection":[{"href":"https:\/\/madelinefashion.pl\/en\/wp-json\/wp\/v2\/product"}],"about":[{"href":"https:\/\/madelinefashion.pl\/en\/wp-json\/wp\/v2\/types\/product"}],"wp:featuredmedia":[{"embeddable":true,"href":"https:\/\/madelinefashion.pl\/en\/wp-json\/wp\/v2\/media\/548760"}],"wp:attachment":[{"href":"https:\/\/madelinefashion.pl\/en\/wp-json\/wp\/v2\/media?parent=548772"}],"wp:term":[{"taxonomy":"product_brand","embeddable":true,"href":"https:\/\/madelinefashion.pl\/en\/wp-json\/wp\/v2\/product_brand?post=548772"},{"taxonomy":"product_cat","embeddable":true,"href":"https:\/\/madelinefashion.pl\/en\/wp-json\/wp\/v2\/product_cat?post=548772"},{"taxonomy":"product_tag","embeddable":true,"href":"https:\/\/madelinefashion.pl\/en\/wp-json\/wp\/v2\/product_tag?post=548772"}],"curies":[{"name":"wp","href":"https:\/\/api.w.org\/{rel}","templated":true}]}}