{"id":548891,"date":"2024-10-31T11:58:14","date_gmt":"2024-10-31T10:58:14","guid":{"rendered":"https:\/\/madelinefashion.pl\/?post_type=product&#038;p=548891"},"modified":"2026-01-15T12:42:51","modified_gmt":"2026-01-15T11:42:51","slug":"futerko-krotkie-z-kolnierzem-czarne","status":"publish","type":"product","link":"https:\/\/madelinefashion.pl\/en\/product\/futerko-krotkie-z-kolnierzem-czarne\/","title":{"rendered":"Short Fur Coat with Collar Black"},"content":{"rendered":"<h3 style=\"text-align: center;\">Short Fur Coat with Collar Black<\/h3>\n<p style=\"text-align: center;\"><strong> Short, faux fur. You can combine them perfectly with everyday outfits, but also with an evening dress.<\/strong> This fur coat is made of high-quality material. It&#039;s a perfect addition to jackets and other outerwear. The neutral color will complement a variety of outfits. The fur coat fastens with a snap.<br \/>\n100% Polyester<\/p>\n<h3 style=\"text-align: center;\">Dimensions:<\/h3>\n<p style=\"text-align: center;\"><strong>SIZE S<\/strong><br \/>\nOverall length: 45 cm<br \/>\nWidth from armpit to armpit: 56 cm x2<br \/>\nSleeve length from the shoulder: 61 cm<br \/>\nSleeve length from armpit: 44 cm<\/p>\n<p style=\"text-align: center;\"><strong>SIZE M<br \/>\n<\/strong>Overall length: 46 cm<br \/>\nWidth from armpit to armpit: 58 cm x2<br \/>\nSleeve length from the shoulder: 63 cm<br \/>\nSleeve length from armpit: 45 cm<strong><br \/>\n<\/strong><\/p>\n<p style=\"text-align: center;\"><strong>SIZE L<br \/>\n<\/strong>Overall length: 47 cm<br \/>\nWidth from armpit to armpit: 60 cm x2<br \/>\nSleeve length from the shoulder: 65 cm<br \/>\nSleeve length from armpit: 46 cm<\/p>\n<p style=\"text-align: center;\">Dimensions may slightly differ from the given +\/- 2cm. All dimensions are provided <strong>measured flat<\/strong>.\u00a0<strong>X2 dimension<\/strong><\/p>\n<p>&nbsp;<\/p>\n<table width=\"605\">\n<tbody>\n<tr>\n<td width=\"302\">Model name<\/td>\n<td width=\"302\">Short Fur Coat with Collar<\/td>\n<\/tr>\n<tr>\n<td width=\"302\">Color<\/td>\n<td width=\"302\">Black<\/td>\n<\/tr>\n<tr>\n<td width=\"302\">Sizes<\/td>\n<td width=\"302\">\u00a0SML<\/td>\n<\/tr>\n<tr>\n<td width=\"302\">Collection<\/td>\n<td width=\"302\">Spring \/ Autumn \/ Winter<\/td>\n<\/tr>\n<tr>\n<td width=\"302\">Hood<\/td>\n<td width=\"302\">Not<\/td>\n<\/tr>\n<tr>\n<td width=\"302\">Quality<\/td>\n<td width=\"302\">Premium<\/td>\n<\/tr>\n<tr>\n<td width=\"302\">Fastening<\/td>\n<td width=\"302\">Napa<\/td>\n<\/tr>\n<\/tbody>\n<\/table>\n<p style=\"text-align: center;\">The model has\u00a0<strong>169<\/strong>\u00a0cm tall, wears a size every day\u00a0<strong>S.<\/strong><\/p>\n<p style=\"text-align: center;\">Bust width 91 cm<\/p>\n<p style=\"text-align: center;\">Waist width 71 cm<\/p>\n<p style=\"text-align: center;\">Hip width 96 cm<\/p>\n<p style=\"text-align: center;\"><span style=\"font-size: 10pt;\">\u00a0<\/span><\/p>\n<p style=\"text-align: center;\">","protected":false},"excerpt":{"rendered":"<p>Futerko Kr\u00f3tkie Z Ko\u0142nierzem Czarne Kr\u00f3tkie, futerko sztuczne , Idealnie po\u0142\u0105czysz je z codziennymi styl\u00f3wkami, ale tak\u017ce z suknia wieczorow\u0105. Futerko wykonane z wysokiej jako\u015bci materia\u0142u. Absolutny hit je\u015bli chodzi o kurtki oraz inne nakrycia wierzchnie. Neutralny kolor sprawi, \u017ce kurtka b\u0119dzie pasowa\u0107 do wielu outfit\u00f3w. Futerko zapinane na nap\u0119 100% Poliester Wymiary: ROZMIAR S<\/p>\n<div class=\"klb-readmore post-buttons\"><a class=\"button black outline size-sm\" href=\"https:\/\/madelinefashion.pl\/en\/product\/futerko-krotkie-z-kolnierzem-czarne\/\">Read More <i class=\"klbth-icon-right-arrow\"><\/i><\/a><\/div>","protected":false},"featured_media":548881,"template":"","meta":[],"product_brand":[],"product_cat":[117],"product_tag":[],"class_list":{"0":"post-548891","1":"product","2":"type-product","3":"status-publish","4":"has-post-thumbnail","6":"product_cat-kurtki","7":"pa_rozmiar-s","8":"pa_rozmiar-m","9":"pa_rozmiar-l","11":"first","12":"outofstock","13":"product-type-variable"},"_links":{"self":[{"href":"https:\/\/madelinefashion.pl\/en\/wp-json\/wp\/v2\/product\/548891","targetHints":{"allow":["GET"]}}],"collection":[{"href":"https:\/\/madelinefashion.pl\/en\/wp-json\/wp\/v2\/product"}],"about":[{"href":"https:\/\/madelinefashion.pl\/en\/wp-json\/wp\/v2\/types\/product"}],"wp:featuredmedia":[{"embeddable":true,"href":"https:\/\/madelinefashion.pl\/en\/wp-json\/wp\/v2\/media\/548881"}],"wp:attachment":[{"href":"https:\/\/madelinefashion.pl\/en\/wp-json\/wp\/v2\/media?parent=548891"}],"wp:term":[{"taxonomy":"product_brand","embeddable":true,"href":"https:\/\/madelinefashion.pl\/en\/wp-json\/wp\/v2\/product_brand?post=548891"},{"taxonomy":"product_cat","embeddable":true,"href":"https:\/\/madelinefashion.pl\/en\/wp-json\/wp\/v2\/product_cat?post=548891"},{"taxonomy":"product_tag","embeddable":true,"href":"https:\/\/madelinefashion.pl\/en\/wp-json\/wp\/v2\/product_tag?post=548891"}],"curies":[{"name":"wp","href":"https:\/\/api.w.org\/{rel}","templated":true}]}}