{"id":548919,"date":"2024-10-31T12:42:23","date_gmt":"2024-10-31T11:42:23","guid":{"rendered":"https:\/\/madelinefashion.pl\/?post_type=product&#038;p=548919"},"modified":"2026-04-20T17:52:12","modified_gmt":"2026-04-20T15:52:12","slug":"sukienka-bandazowa-z-siateczka-tetri-czarna","status":"publish","type":"product","link":"https:\/\/madelinefashion.pl\/en\/product\/sukienka-bandazowa-z-siateczka-tetri-czarna\/","title":{"rendered":"Black Bandage Dress with Tetri Mesh"},"content":{"rendered":"<h3 style=\"text-align: center;\">Black Bandage Dress with Tetri Mesh<\/h3>\n<p style=\"text-align: center;\"><b>Dress<\/b> This bandage dress is made of high-quality material. It features sewn-on rhinestones on the mesh. This elegant, fitted dress features a delicate turtleneck neckline. It has a classic, sexy, pencil cut. The material is stretchy and flatters the figure. It fastens with a zipper at the back, concealing a decorative belt. This dress is perfect for everyday wear to work or a night out with friends, but it also works well for more formal occasions, dates, or holidays. It adapts perfectly to the figure. This model has a classic yet eye-catching cut.<\/p>\n<h3 style=\"text-align: center;\">Dimensions:<\/h3>\n<p style=\"text-align: center;\"><strong>Size S\/36<\/strong><\/p>\n<ul>\n<li style=\"text-align: center;\">Overall length: 97 cm<br \/>\nFrom armpit to armpit: 36-45 cm<\/li>\n<li style=\"text-align: center;\">Hips: 40-47 cm<\/li>\n<li style=\"text-align: center;\">Waist: 30-36 cm<\/li>\n<li>\n<p style=\"text-align: center;\"><strong>Size M\/38<\/strong><\/p>\n<ul>\n<li style=\"text-align: center;\">Overall length: 97 cm<br \/>\nFrom armpit to armpit: 38-47 cm<\/li>\n<li style=\"text-align: center;\">Hips: 42-49 cm<\/li>\n<li style=\"text-align: center;\">Waist: 32-38 cm<\/li>\n<li>\n<p style=\"text-align: center;\"><strong>Size L \/ 40<\/strong><\/p>\n<ul>\n<li style=\"text-align: center;\">Overall length: 97 cm<br \/>\nFrom armpit to armpit: 40-49 cm<\/li>\n<li style=\"text-align: center;\">Hips: 44-51 cm<\/li>\n<li style=\"text-align: center;\">Waist: 34-40 cm<\/li>\n<\/ul>\n<\/li>\n<\/ul>\n<\/li>\n<\/ul>\n<p style=\"text-align: center;\">Dimensions may slightly differ from the given +\/- 2cm. All dimensions given are measured flat. <strong>X2 dimension<\/strong><\/p>\n<p>\u00a0<\/p>\n<table width=\"598\">\n<tbody>\n<tr>\n<td width=\"302\">Model name<\/td>\n<td width=\"302\">Bandage Dress with Tetri Mesh<\/td>\n<\/tr>\n<tr>\n<td width=\"302\">Color<\/td>\n<td width=\"302\">Black<\/td>\n<\/tr>\n<tr>\n<td width=\"302\">Collection<\/td>\n<td width=\"302\">Spring Summer Autumn Winter<\/td>\n<\/tr>\n<tr>\n<td width=\"302\">Sizes<\/td>\n<td width=\"302\">\u00a0SML<\/td>\n<\/tr>\n<tr>\n<td width=\"302\">Fashion<\/td>\n<td width=\"302\">Matched<\/td>\n<\/tr>\n<tr>\n<td width=\"302\">Cleavage<\/td>\n<td width=\"302\">Under the neck<\/td>\n<\/tr>\n<tr>\n<td width=\"302\">Material<\/td>\n<td width=\"302\">90%Polyester 10% Polyamide<\/td>\n<\/tr>\n<\/tbody>\n<\/table>\n<p>\u00a0<\/p>\n<p style=\"text-align: center;\">The model has\u00a0<strong>169<\/strong>\u00a0cm tall, wears a size every day\u00a0<strong>S.<\/strong><\/p>\n<p style=\"text-align: center;\">Bust width 9 cm<\/p>\n<p style=\"text-align: center;\">Waist width 71 cm<\/p>\n<p style=\"text-align: center;\">Hip width 96 cm<\/p>","protected":false},"excerpt":{"rendered":"<p>Sukienka Banda\u017cowa Z Siateczk\u0105 Tetri Czarna Sukienka banda\u017cowa wykonana z materia\u0142u wysokiej jako\u015bci. Posiada naszyte kamyczki na siateczce. Elegancka, dopasowana sukienka z delikatnym golfem pod szyj\u0119. Sukienka w klasycznym, seksownym i o\u0142\u00f3wkowym kroju. Materia\u0142 jest elastyczny i podkre\u015bla figur\u0119. Z ty\u0142u zapisana jest na zamek z dekoracyjnym paseczkiem dzi\u0119ki czemu suwak nie jest widoczny. Sukienka<\/p>\n<div class=\"klb-readmore post-buttons\"><a class=\"button black outline size-sm\" href=\"https:\/\/madelinefashion.pl\/en\/product\/sukienka-bandazowa-z-siateczka-tetri-czarna\/\">Read More <i class=\"klbth-icon-right-arrow\"><\/i><\/a><\/div>","protected":false},"featured_media":548918,"template":"","meta":[],"product_brand":[],"product_cat":[125,395,569],"product_tag":[213,262],"class_list":{"0":"post-548919","1":"product","2":"type-product","3":"status-publish","4":"has-post-thumbnail","6":"product_cat-sukienki","7":"product_cat-nowosci","8":"product_cat-sukienki-dopasowane","9":"product_tag-sukienka-czarna","10":"product_tag-sukienki-krotkie","11":"pa_rozmiar-l-40","12":"pa_rozmiar-s-36","13":"pa_rozmiar-m-38","15":"first","16":"outofstock","17":"product-type-variable"},"_links":{"self":[{"href":"https:\/\/madelinefashion.pl\/en\/wp-json\/wp\/v2\/product\/548919","targetHints":{"allow":["GET"]}}],"collection":[{"href":"https:\/\/madelinefashion.pl\/en\/wp-json\/wp\/v2\/product"}],"about":[{"href":"https:\/\/madelinefashion.pl\/en\/wp-json\/wp\/v2\/types\/product"}],"wp:featuredmedia":[{"embeddable":true,"href":"https:\/\/madelinefashion.pl\/en\/wp-json\/wp\/v2\/media\/548918"}],"wp:attachment":[{"href":"https:\/\/madelinefashion.pl\/en\/wp-json\/wp\/v2\/media?parent=548919"}],"wp:term":[{"taxonomy":"product_brand","embeddable":true,"href":"https:\/\/madelinefashion.pl\/en\/wp-json\/wp\/v2\/product_brand?post=548919"},{"taxonomy":"product_cat","embeddable":true,"href":"https:\/\/madelinefashion.pl\/en\/wp-json\/wp\/v2\/product_cat?post=548919"},{"taxonomy":"product_tag","embeddable":true,"href":"https:\/\/madelinefashion.pl\/en\/wp-json\/wp\/v2\/product_tag?post=548919"}],"curies":[{"name":"wp","href":"https:\/\/api.w.org\/{rel}","templated":true}]}}