{"id":548984,"date":"2024-10-31T14:00:45","date_gmt":"2024-10-31T13:00:45","guid":{"rendered":"https:\/\/madelinefashion.pl\/?post_type=product&#038;p=548984"},"modified":"2026-01-20T10:33:06","modified_gmt":"2026-01-20T09:33:06","slug":"bluzka-krotka-z-zapieciem-z-tylu-solar-biala","status":"publish","type":"product","link":"https:\/\/madelinefashion.pl\/en\/product\/bluzka-krotka-z-zapieciem-z-tylu-solar-biala\/","title":{"rendered":"Solar White Short Blouse with Back Fastening"},"content":{"rendered":"<h3 style=\"text-align: center;\">Solar White Short Blouse with Back Fastening<\/h3>\n<p style=\"text-align: center;\">Opt for an outfit with edge. The stretchy fabric adapts perfectly to your figure. A go-to for many spring and summer styles. <strong>A model you will fall in love with<\/strong>. You can wear it with shorts, jeans, or a skirt. This cropped blouse is made of high-quality<strong>\u00a0material<\/strong> it has beautiful puffy sleeves. . <strong>Mega Feminine, sensual, sexy model. <\/strong>European product of very good quality.<strong>\u00a0<\/strong>Size\u00a0<strong>universal recommended<\/strong>\u00a0for ladies in sizes from<strong> XS to L\u00a0 \u00a0<\/strong>A wide range of colors will allow you to choose a top that will emphasize your character!<\/p>\n<h3 style=\"text-align: center;\">Dimensions<\/h3>\n<ul style=\"text-align: center;\">\n<li>overall length: 43 cm<\/li>\n<li>width from armpit to armpit 43-55 cm<\/li>\n<li>sleeve length from armpit: 40 cm<\/li>\n<li>sleeve length from shoulder: 57cm<br \/>\nwaist: 40-50 cm<\/li>\n<\/ul>\n<p style=\"text-align: center;\">Dimensions may slightly differ from the given +\/- 2cm. All dimensions given are measured flat. <strong>X2 dimension<\/strong><\/p>\n<p style=\"text-align: center;\"><strong>\u00a0<\/strong><\/p>\n<table width=\"623\">\n<tbody>\n<tr>\n<td width=\"302\">Model name<\/td>\n<td width=\"302\">Solar Short Blouse with Back Fastening<\/td>\n<\/tr>\n<tr>\n<td width=\"302\">Color<\/td>\n<td width=\"302\">White<\/td>\n<\/tr>\n<tr>\n<td width=\"302\">Collection<\/td>\n<td width=\"302\">Spring Summer Autumn<\/td>\n<\/tr>\n<tr>\n<td width=\"302\">Sizes<\/td>\n<td width=\"302\">Universal<\/td>\n<\/tr>\n<tr>\n<td width=\"302\">Fashion<\/td>\n<td width=\"302\">Matched<\/td>\n<\/tr>\n<tr>\n<td width=\"302\">Cleavage<\/td>\n<td width=\"302\">Round<\/td>\n<\/tr>\n<tr>\n<td width=\"302\">Bust stiffening cups<\/td>\n<td width=\"302\">Not<\/td>\n<\/tr>\n<tr>\n<td width=\"302\">Material<\/td>\n<td width=\"302\">100% Polyester<\/td>\n<\/tr>\n<\/tbody>\n<\/table>\n<p>&nbsp;<\/p>\n<p style=\"text-align: center;\">The model has\u00a0<strong>169<\/strong>\u00a0cm tall, wears a size every day\u00a0<strong>S.<\/strong><\/p>\n<p style=\"text-align: center;\">The width at the bust is 92 cm<\/p>\n<p style=\"text-align: center;\">Waist width 62 cm<\/p>\n<p style=\"text-align: center;\">The width at the hips is 94 cm<\/p>","protected":false},"excerpt":{"rendered":"<p>Bluzka Kr\u00f3tka Z Zapi\u0119ciem Z Ty\u0142u Solar Bia\u0142a Postaw na outfit z pazurem Elastyczna tkanina idealnie dopasowuje si\u0119 do sylwetki. Wybierany do wielu wiosennych i letnich stylizacji. Model w kt\u00f3rym si\u0119 zakochasz. Mo\u017cesz j\u0105 nosi\u0107 do szort\u00f3w, d\u017cins\u00f3w czy sp\u00f3dnicy. Kr\u00f3tka bluzka wykonana z dobrej jako\u015bci\u00a0materia\u0142u posiada pi\u0119kne bufiaste r\u0119kawki . Mega Kobiecy, zmys\u0142owy sexowny<\/p>\n<div class=\"klb-readmore post-buttons\"><a class=\"button black outline size-sm\" href=\"https:\/\/madelinefashion.pl\/en\/product\/bluzka-krotka-z-zapieciem-z-tylu-solar-biala\/\">Read More <i class=\"klbth-icon-right-arrow\"><\/i><\/a><\/div>","protected":false},"featured_media":548977,"template":"","meta":[],"product_brand":[],"product_cat":[77],"product_tag":[251,477],"class_list":{"0":"post-548984","1":"product","2":"type-product","3":"status-publish","4":"has-post-thumbnail","6":"product_cat-bluzki","7":"product_tag-bluzka-biala","8":"product_tag-bluzki-z-dlugim-rekawem","10":"first","11":"instock","12":"sale","13":"purchasable","14":"product-type-simple"},"_links":{"self":[{"href":"https:\/\/madelinefashion.pl\/en\/wp-json\/wp\/v2\/product\/548984","targetHints":{"allow":["GET"]}}],"collection":[{"href":"https:\/\/madelinefashion.pl\/en\/wp-json\/wp\/v2\/product"}],"about":[{"href":"https:\/\/madelinefashion.pl\/en\/wp-json\/wp\/v2\/types\/product"}],"wp:featuredmedia":[{"embeddable":true,"href":"https:\/\/madelinefashion.pl\/en\/wp-json\/wp\/v2\/media\/548977"}],"wp:attachment":[{"href":"https:\/\/madelinefashion.pl\/en\/wp-json\/wp\/v2\/media?parent=548984"}],"wp:term":[{"taxonomy":"product_brand","embeddable":true,"href":"https:\/\/madelinefashion.pl\/en\/wp-json\/wp\/v2\/product_brand?post=548984"},{"taxonomy":"product_cat","embeddable":true,"href":"https:\/\/madelinefashion.pl\/en\/wp-json\/wp\/v2\/product_cat?post=548984"},{"taxonomy":"product_tag","embeddable":true,"href":"https:\/\/madelinefashion.pl\/en\/wp-json\/wp\/v2\/product_tag?post=548984"}],"curies":[{"name":"wp","href":"https:\/\/api.w.org\/{rel}","templated":true}]}}