{"id":549002,"date":"2024-10-31T14:14:21","date_gmt":"2024-10-31T13:14:21","guid":{"rendered":"https:\/\/madelinefashion.pl\/?post_type=product&#038;p=549002"},"modified":"2025-03-31T16:01:29","modified_gmt":"2025-03-31T14:01:29","slug":"komplet-dresowy-bluza-spodnie-bojowka-czarny","status":"publish","type":"product","link":"https:\/\/madelinefashion.pl\/en\/product\/komplet-dresowy-bluza-spodnie-bojowka-czarny\/","title":{"rendered":"Tracksuit Set: Sweatshirt + Combat Pants Black"},"content":{"rendered":"<h3 style=\"text-align: center;\">Tracksuit Set: Sweatshirt + Combat Pants Black<\/h3>\n<p style=\"text-align: center;\"><strong>A phenomenal tracksuit set<\/strong> made of very good quality, soft and <strong>enjoyable<\/strong> in touch <strong>material<\/strong>. <strong>Set <\/strong>is a perfect proposition for those who love to feel comfortable on a daily basis, and at the same time to feel a friendly and soft touch. The set is made of high-quality material - it is very pleasant to the touch and very delicate on the inside.<br \/>\n<strong><span lang=\"en-us\" xml:lang=\"en-us\">Pants can be worn with a blouse or can also be combined with <\/span><\/strong><a href=\"https:\/\/madelinefashion.pl\/en\/casual-clothes\/t-shirty\/\"><span lang=\"en-us\" xml:lang=\"en-us\">shirt<\/span><\/a><strong><span lang=\"en-us\" xml:lang=\"en-us\"> and create the perfect everyday, casual look.<\/span><\/strong>\u00a0The set is available in beautiful colors that perfectly match the upcoming season. A set in a universal size recommended for ladies in size <strong>S \/ ML \/ XL<\/strong> .<br \/>\nYou must have this set in your wardrobe!<\/p>\n<h3 style=\"text-align: center;\">\u00a0 \u00a0 \u00a0Dimensions :<\/h3>\n<p style=\"text-align: center;\" align=\"center\"><strong>Hoodie:<\/strong><br \/>\nTotal length \u2013 48 cm<br \/>\nWidth from armpit to armpit \u2013 52-60 cm<br \/>\nWaist width \u2013 45-50 cm<br \/>\nSleeve length from armpit -55 cm<br \/>\nSleeve length from shoulder -60 cm<\/p>\n<p style=\"text-align: center;\"><strong>Pants:<\/strong><br \/>\nTotal length \u2013 104 cm<br \/>\nInside leg length \u2013 73 cm<br \/>\nWaist - 30 cm<br \/>\nWaist width \u2013 36-44 cm<br \/>\nHip width \u2013 51-60 cm<\/p>\n<p style=\"text-align: center;\">Dimensions may slightly differ from the given +\/- 2cm. <strong>All dimensions given are measured flat x2\u00a0<\/strong><\/p>\n<h3 style=\"text-align: center;\">Product characteristics:<\/h3>\n<p align=\"center\">-pants<br \/>\n-hoodie<br \/>\n-light material<br \/>\n- trousers with drawstring<br \/>\n-loose<br \/>\n-convenient<\/p>\n<table width=\"615\">\n<tbody>\n<tr>\n<td width=\"302\">Model name<\/td>\n<td width=\"302\">Tracksuit Set: Sweatshirt + Combat Pants<\/td>\n<\/tr>\n<tr>\n<td width=\"302\">Color<\/td>\n<td width=\"302\">Black<\/td>\n<\/tr>\n<tr>\n<td width=\"302\">Sizes<\/td>\n<td width=\"302\">Universal<\/td>\n<\/tr>\n<tr>\n<td width=\"302\">Fashion<\/td>\n<td width=\"302\">Loose<\/td>\n<\/tr>\n<tr>\n<td width=\"302\">Material<\/td>\n<td width=\"302\">90% Cotton 10% Elastane<\/td>\n<\/tr>\n<\/tbody>\n<\/table>\n<p>&nbsp;<\/p>\n<div class=\"tabs tabs-bb clear mb-80\">\n<div class=\"tab-content\">\n<div id=\"tab-description\" class=\"tab-pane fade in woocommerce-Tabs-panel--description active\">\n<div class=\"tabs tabs-bb clear mb-80\">\n<div class=\"tab-content\">\n<div id=\"tab-description\" class=\"tab-pane fade in woocommerce-Tabs-panel--description active\">\n<p style=\"text-align: center;\">\u00a0The model has <strong>175<\/strong> cm tall, wears a size every day\u00a0<strong>S.<\/strong><\/p>\n<\/div>\n<\/div>\n<\/div>\n<\/div>\n<\/div>\n<\/div>\n<p style=\"text-align: center;\">","protected":false},"excerpt":{"rendered":"<p>Komplet Dresowy Bluza + Spodnie Boj\u00f3wka Czarny Fenomenalny Komplet dresowy wykonany z bardzo dobrej jako\u015bci, mi\u0119kkiego i przyjemnego w dotyku materia\u0142u. Komplet to doskona\u0142a propozycja dla tych, kt\u00f3re uwielbiaj\u0105 na co dzie\u0144 mie\u0107 poczucie komfortu, a przy tym odczucie przyjaznego i mi\u0119kkiego dotyku. Komplet wykonany jest z wysokiej jako\u015bci materia\u0142u &#8211; jest mega mi\u0142y w<\/p>\n<div class=\"klb-readmore post-buttons\"><a class=\"button black outline size-sm\" href=\"https:\/\/madelinefashion.pl\/en\/product\/komplet-dresowy-bluza-spodnie-bojowka-czarny\/\">Read More <i class=\"klbth-icon-right-arrow\"><\/i><\/a><\/div>","protected":false},"featured_media":548997,"template":"","meta":[],"product_brand":[],"product_cat":[89],"product_tag":[282],"class_list":{"0":"post-549002","1":"product","2":"type-product","3":"status-publish","4":"has-post-thumbnail","6":"product_cat-komplety","7":"product_tag-komplety-dresowe","8":"pa_rozmiar-s-m","9":"pa_rozmiar-l-xl","11":"first","12":"outofstock","13":"purchasable","14":"product-type-simple"},"_links":{"self":[{"href":"https:\/\/madelinefashion.pl\/en\/wp-json\/wp\/v2\/product\/549002","targetHints":{"allow":["GET"]}}],"collection":[{"href":"https:\/\/madelinefashion.pl\/en\/wp-json\/wp\/v2\/product"}],"about":[{"href":"https:\/\/madelinefashion.pl\/en\/wp-json\/wp\/v2\/types\/product"}],"wp:featuredmedia":[{"embeddable":true,"href":"https:\/\/madelinefashion.pl\/en\/wp-json\/wp\/v2\/media\/548997"}],"wp:attachment":[{"href":"https:\/\/madelinefashion.pl\/en\/wp-json\/wp\/v2\/media?parent=549002"}],"wp:term":[{"taxonomy":"product_brand","embeddable":true,"href":"https:\/\/madelinefashion.pl\/en\/wp-json\/wp\/v2\/product_brand?post=549002"},{"taxonomy":"product_cat","embeddable":true,"href":"https:\/\/madelinefashion.pl\/en\/wp-json\/wp\/v2\/product_cat?post=549002"},{"taxonomy":"product_tag","embeddable":true,"href":"https:\/\/madelinefashion.pl\/en\/wp-json\/wp\/v2\/product_tag?post=549002"}],"curies":[{"name":"wp","href":"https:\/\/api.w.org\/{rel}","templated":true}]}}