{"id":549353,"date":"2024-11-05T13:42:03","date_gmt":"2024-11-05T12:42:03","guid":{"rendered":"https:\/\/madelinefashion.pl\/?post_type=product&#038;p=549353"},"modified":"2026-02-20T14:56:49","modified_gmt":"2026-02-20T13:56:49","slug":"sweterek-moherowy-zapinany-z-kokardkami-rozowy","status":"publish","type":"product","link":"https:\/\/madelinefashion.pl\/en\/product\/sweterek-moherowy-zapinany-z-kokardkami-rozowy\/","title":{"rendered":"Sweterek Moherowy Zapinany Z Kokardkami R\u00f3\u017cowy"},"content":{"rendered":"<h3 style=\"text-align: center;\">Sweterek Moherowy Zapinany Z Kokardkami R\u00f3\u017cowy<\/h3>\n<p style=\"text-align: center;\"><span style=\"font-size: 10pt;\"><strong>A beautiful, light, braided cardigan, fastened with buttons<\/strong> . To propozycja dla Pa\u0144 kt\u00f3re idealnego sweterka. Z pewno\u015bci\u0105 dopasujesz do swojej szafy. B\u0119dziesz czu\u0107 si\u0119 w nim wygodnie i\u00a0 pi\u0119knie . Wygodny, przytulny w dotyku, komfortowy sweterek o prostym fasonie. Model z d\u0142ugimi r\u0119kawami. Wykonano go z przyjemnej, elastycznej dzianiny. Sweterek zapinany na 4 ozdobne guziki. Wyst\u0119puje w naszym sklepie w dw\u00f3ch wariantach kolorystycznych.\u00a0 Zalecany dla Pa\u0144 w rozmiarze XS S M\u00a0<\/span><\/p>\n<h3 style=\"text-align: center;\">\u00a0 \u00a0 \u00a0Dimensions<\/h3>\n<p style=\"text-align: center;\" align=\"center\">D\u0142ugo\u015b\u0107 ca\u0142kowita- 45 cm<br \/>\nSzeroko\u015b\u0107 od pachy do pachy- 40-48 cm<br \/>\nSleeve length from armpit - 43 cm<br \/>\nSleeve length from shoulder - 56 cm<br \/>\nSzeroko\u015b\u0107 na dole- 40 -47 cm x2<\/p>\n<p style=\"text-align: center;\"><span style=\"font-size: 10pt;\">\u00a0Dimensions may slightly differ from the given +\/- 2cm. All dimensions given are measured flat. X2 dimension<\/span><\/p>\n<table>\n<tbody>\n<tr>\n<td width=\"302\">Model name<\/td>\n<td width=\"302\">Sweterek Moherowy Zapinany Z Kokardkami<\/td>\n<\/tr>\n<tr>\n<td width=\"302\">Color<\/td>\n<td width=\"302\">Pink<\/td>\n<\/tr>\n<tr>\n<td width=\"302\">Sizes<\/td>\n<td width=\"302\">Universal<\/td>\n<\/tr>\n<tr>\n<td width=\"302\">Fashion<\/td>\n<td width=\"302\">Oversize<\/td>\n<\/tr>\n<tr>\n<td width=\"302\">Warmed up<\/td>\n<td width=\"302\">Uninsulated<\/td>\n<\/tr>\n<tr>\n<td width=\"302\">Material<\/td>\n<td width=\"302\">42 % Acrylic 30 % Polyester 28% Polyamide<\/td>\n<\/tr>\n<\/tbody>\n<\/table>\n<p style=\"text-align: center;\">The model has\u00a0<strong>169<\/strong>\u00a0cm tall, wears a size every day\u00a0<strong>S.<\/strong><\/p>\n<p style=\"text-align: center;\">The width at the bust is 92 cm<\/p>\n<p style=\"text-align: center;\">Waist width 62 cm<\/p>\n<p style=\"text-align: center;\">The width at the hips is 94 cm<\/p>","protected":false},"excerpt":{"rendered":"<p>Sweterek Moherowy Zapinany Z Kokardkami R\u00f3\u017cowy Przepi\u0119kny, lekki , pleciony sweterek, zapinany na guziki . To propozycja dla Pa\u0144 kt\u00f3re idealnego sweterka. Z pewno\u015bci\u0105 dopasujesz do swojej szafy. B\u0119dziesz czu\u0107 si\u0119 w nim wygodnie i\u00a0 pi\u0119knie . Wygodny, przytulny w dotyku, komfortowy sweterek o prostym fasonie. Model z d\u0142ugimi r\u0119kawami. Wykonano go z przyjemnej, elastycznej<\/p>\n<div class=\"klb-readmore post-buttons\"><a class=\"button black outline size-sm\" href=\"https:\/\/madelinefashion.pl\/en\/product\/sweterek-moherowy-zapinany-z-kokardkami-rozowy\/\">Read More <i class=\"klbth-icon-right-arrow\"><\/i><\/a><\/div>","protected":false},"featured_media":549319,"template":"","meta":[],"product_brand":[],"product_cat":[78,395],"product_tag":[],"class_list":{"0":"post-549353","1":"product","2":"type-product","3":"status-publish","4":"has-post-thumbnail","6":"product_cat-swetry-damskie","7":"product_cat-nowosci","9":"first","10":"outofstock","11":"purchasable","12":"product-type-simple"},"_links":{"self":[{"href":"https:\/\/madelinefashion.pl\/en\/wp-json\/wp\/v2\/product\/549353","targetHints":{"allow":["GET"]}}],"collection":[{"href":"https:\/\/madelinefashion.pl\/en\/wp-json\/wp\/v2\/product"}],"about":[{"href":"https:\/\/madelinefashion.pl\/en\/wp-json\/wp\/v2\/types\/product"}],"wp:featuredmedia":[{"embeddable":true,"href":"https:\/\/madelinefashion.pl\/en\/wp-json\/wp\/v2\/media\/549319"}],"wp:attachment":[{"href":"https:\/\/madelinefashion.pl\/en\/wp-json\/wp\/v2\/media?parent=549353"}],"wp:term":[{"taxonomy":"product_brand","embeddable":true,"href":"https:\/\/madelinefashion.pl\/en\/wp-json\/wp\/v2\/product_brand?post=549353"},{"taxonomy":"product_cat","embeddable":true,"href":"https:\/\/madelinefashion.pl\/en\/wp-json\/wp\/v2\/product_cat?post=549353"},{"taxonomy":"product_tag","embeddable":true,"href":"https:\/\/madelinefashion.pl\/en\/wp-json\/wp\/v2\/product_tag?post=549353"}],"curies":[{"name":"wp","href":"https:\/\/api.w.org\/{rel}","templated":true}]}}