{"id":549408,"date":"2024-11-05T14:10:14","date_gmt":"2024-11-05T13:10:14","guid":{"rendered":"https:\/\/madelinefashion.pl\/?post_type=product&#038;p=549408"},"modified":"2025-10-14T12:11:39","modified_gmt":"2025-10-14T10:11:39","slug":"spodnica-skorzana-marszczona-karmelowa","status":"publish","type":"product","link":"https:\/\/madelinefashion.pl\/en\/product\/spodnica-skorzana-marszczona-karmelowa\/","title":{"rendered":"Caramel Pleated Leather Skirt"},"content":{"rendered":"<h3 style=\"text-align: center;\">Caramel Pleated Leather Skirt<\/h3>\n<p style=\"text-align: center;\">Dopasowana sp\u00f3dnica, uszyta z mi\u0119kkiej i elastycznej eko sk\u00f3ry. Sp\u00f3dnica posiada przeszycia jako marszczenia z przodu oraz z ty\u0142u. Sp\u00f3dniczka dzi\u0119ki swojemu fasonowi pi\u0119knie podkre\u015bla tali\u0119 oraz biodra. Kr\u00f3j wysmukla oraz dodaje pazura ka\u017cdej stylizacji. Idealnie sprawdzi si\u0119 na wyj\u0105tkowe wyj\u015bcia ale tak\u017ce do pracy w po\u0142\u0105czeniu z koszul\u0105, b\u0119dzie prezentowa\u0142a si\u0119 idealnie.<\/p>\n<h6 style=\"text-align: center;\"><strong>Dimensions:<br \/>\n<\/strong><\/h6>\n<h6 style=\"text-align: center;\"><strong>S.<br \/>\n<\/strong><span style=\"color: #666666; font-size: 14px;\">D\u0142ugo\u015b\u0107 ca\u0142kowita 40 cm<br \/>\n<\/span><span style=\"color: #666666; font-size: 14px;\">Szeroko\u015b\u0107 w pasie od 32 cm &#8211; 37 cm<br \/>\n<\/span><span style=\"color: #666666; font-size: 14px;\">Szeroko\u015b\u0107 w biodrach 34 cm &#8211; 42 cm<\/span><\/h6>\n<ul style=\"text-align: center;\">\n<li><\/li>\n<li>\n<h6 style=\"text-align: center;\"><strong>M.<br \/>\n<\/strong><span style=\"color: #666666; font-size: 14px;\">D\u0142ugo\u015b\u0107 ca\u0142kowita 42 cm<br \/>\n<\/span><span style=\"color: #666666; font-size: 14px;\">Szeroko\u015b\u0107 w pasie od 35 cm &#8211; 40 cm<br \/>\n<\/span><span style=\"color: #666666; font-size: 14px;\">Szeroko\u015b\u0107 w biodrach 38 cm &#8211; 45 cm<\/span><\/h6>\n<ul style=\"text-align: center;\">\n<li>\n<h6 style=\"text-align: center;\"><strong>L.<br \/>\n<\/strong><span style=\"color: #666666; font-size: 14px;\">Total length 44 cm<br \/>\n<\/span><span style=\"color: #666666; font-size: 14px;\">Szeroko\u015b\u0107 w pasie od 38 cm &#8211; 43 cm<br \/>\n<\/span><span style=\"color: #666666; font-size: 14px;\">Szeroko\u015b\u0107 w biodrach 42 cm &#8211; 50 cm<\/span><\/h6>\n<\/li>\n<\/ul>\n<\/li>\n<\/ul>\n<p style=\"text-align: center;\">Dimensions may slightly differ from the given +\/- 2cm.<\/p>\n<p style=\"text-align: center;\"><strong>\u00a0<\/strong><\/p>\n<p style=\"text-align: center;\"><strong>MODEL 168 cm - SIZE S<\/strong><\/p>","protected":false},"excerpt":{"rendered":"<p>Sp\u00f3dnica Sk\u00f3rzana Marszczona Karmelowa Dopasowana sp\u00f3dnica, uszyta z mi\u0119kkiej i elastycznej eko sk\u00f3ry. Sp\u00f3dnica posiada przeszycia jako marszczenia z przodu oraz z ty\u0142u. Sp\u00f3dniczka dzi\u0119ki swojemu fasonowi pi\u0119knie podkre\u015bla tali\u0119 oraz biodra. Kr\u00f3j wysmukla oraz dodaje pazura ka\u017cdej stylizacji. Idealnie sprawdzi si\u0119 na wyj\u0105tkowe wyj\u015bcia ale tak\u017ce do pracy w po\u0142\u0105czeniu z koszul\u0105, b\u0119dzie prezentowa\u0142a<\/p>\n<div class=\"klb-readmore post-buttons\"><a class=\"button black outline size-sm\" href=\"https:\/\/madelinefashion.pl\/en\/product\/spodnica-skorzana-marszczona-karmelowa\/\">Read More <i class=\"klbth-icon-right-arrow\"><\/i><\/a><\/div>","protected":false},"featured_media":549419,"template":"","meta":[],"product_brand":[],"product_cat":[121,395],"product_tag":[],"class_list":{"0":"post-549408","1":"product","2":"type-product","3":"status-publish","4":"has-post-thumbnail","6":"product_cat-mini","7":"product_cat-nowosci","8":"pa_rozmiar-s-36","9":"pa_rozmiar-m-38","10":"pa_rozmiar-l-40","12":"first","13":"instock","14":"product-type-variable"},"_links":{"self":[{"href":"https:\/\/madelinefashion.pl\/en\/wp-json\/wp\/v2\/product\/549408","targetHints":{"allow":["GET"]}}],"collection":[{"href":"https:\/\/madelinefashion.pl\/en\/wp-json\/wp\/v2\/product"}],"about":[{"href":"https:\/\/madelinefashion.pl\/en\/wp-json\/wp\/v2\/types\/product"}],"wp:featuredmedia":[{"embeddable":true,"href":"https:\/\/madelinefashion.pl\/en\/wp-json\/wp\/v2\/media\/549419"}],"wp:attachment":[{"href":"https:\/\/madelinefashion.pl\/en\/wp-json\/wp\/v2\/media?parent=549408"}],"wp:term":[{"taxonomy":"product_brand","embeddable":true,"href":"https:\/\/madelinefashion.pl\/en\/wp-json\/wp\/v2\/product_brand?post=549408"},{"taxonomy":"product_cat","embeddable":true,"href":"https:\/\/madelinefashion.pl\/en\/wp-json\/wp\/v2\/product_cat?post=549408"},{"taxonomy":"product_tag","embeddable":true,"href":"https:\/\/madelinefashion.pl\/en\/wp-json\/wp\/v2\/product_tag?post=549408"}],"curies":[{"name":"wp","href":"https:\/\/api.w.org\/{rel}","templated":true}]}}