{"id":549455,"date":"2024-11-05T15:02:11","date_gmt":"2024-11-05T14:02:11","guid":{"rendered":"https:\/\/madelinefashion.pl\/?post_type=product&#038;p=549455"},"modified":"2026-02-21T09:41:51","modified_gmt":"2026-02-21T08:41:51","slug":"spodnica-olowkowa-gladka-granatowa","status":"publish","type":"product","link":"https:\/\/madelinefashion.pl\/en\/product\/spodnica-olowkowa-gladka-granatowa\/","title":{"rendered":"Smooth Navy Blue Pencil Skirt"},"content":{"rendered":"<h3 style=\"text-align: center;\">Smooth Navy Blue Pencil Skirt<\/h3>\n<p style=\"text-align: center;\">Dopasowana sp\u00f3dnica, uszyta z mi\u0119kkiej i elastycznej dzianiny. PRODUKT POLSKI. Sp\u00f3dnica posiada przeszycia na bokach a&#8217;la zak\u0142adki. Model posiada niewidoczny suwak z ty\u0142u, dzi\u0119ki czemu idealnie podkre\u015bli tali\u0119 i biodra. Sp\u00f3dnica o\u0142\u00f3wkowa, pi\u0119knie podkre\u015bla kobiece atuty, idealnie sprawdzi si\u0119 w po\u0142\u0105czeniu z koszul\u0105, body ale tak\u017ce prosta bluzk\u0105.<\/p>\n<p>&nbsp;<\/p>\n<table width=\"556\">\n<tbody>\n<tr>\n<td><strong>SIZE<\/strong><\/td>\n<td><strong>Waist<\/strong><\/td>\n<td><strong>Hips<\/strong><\/td>\n<td><strong>Length<\/strong><\/td>\n<\/tr>\n<tr>\n<td><strong>38<\/strong><\/td>\n<td>36<\/td>\n<td>46<\/td>\n<td>\u00a055<\/td>\n<\/tr>\n<tr>\n<td><strong>40<\/strong><\/td>\n<td>38<\/td>\n<td>48<\/td>\n<td>\u00a055<\/td>\n<\/tr>\n<tr>\n<td><strong>42<\/strong><\/td>\n<td>40<\/td>\n<td>50<\/td>\n<td>\u00a055<\/td>\n<\/tr>\n<tr>\n<td><strong>44<\/strong><\/td>\n<td>42<\/td>\n<td>52<\/td>\n<td>\u00a055<\/td>\n<\/tr>\n<tr>\n<td><strong>46<\/strong><\/td>\n<td>44<\/td>\n<td>54<\/td>\n<td>\u00a055<\/td>\n<\/tr>\n<tr>\n<td><strong>48<\/strong><\/td>\n<td>46<\/td>\n<td>56<\/td>\n<td>\u00a055<\/td>\n<\/tr>\n<tr>\n<td><strong>50<\/strong><\/td>\n<td>48<\/td>\n<td>58<\/td>\n<td>\u00a055<\/td>\n<\/tr>\n<tr>\n<td><strong>52<\/strong><\/td>\n<td>50<\/td>\n<td>\u00a060<\/td>\n<td>\u00a055<\/td>\n<\/tr>\n<\/tbody>\n<\/table>\n<p style=\"text-align: center;\">Dimensions may slightly differ from the given +\/- 2cm.<\/p>\n<p style=\"text-align: center;\"><strong>\u00a0<\/strong><\/p>\n<p style=\"text-align: center;\"><strong>MODEL 168 cm - SIZE S<\/strong><\/p>","protected":false},"excerpt":{"rendered":"<p>Sp\u00f3dnica O\u0142\u00f3wkowa G\u0142adka Granatowa Dopasowana sp\u00f3dnica, uszyta z mi\u0119kkiej i elastycznej dzianiny. PRODUKT POLSKI. Sp\u00f3dnica posiada przeszycia na bokach a&#8217;la zak\u0142adki. Model posiada niewidoczny suwak z ty\u0142u, dzi\u0119ki czemu idealnie podkre\u015bli tali\u0119 i biodra. Sp\u00f3dnica o\u0142\u00f3wkowa, pi\u0119knie podkre\u015bla kobiece atuty, idealnie sprawdzi si\u0119 w po\u0142\u0105czeniu z koszul\u0105, body ale tak\u017ce prosta bluzk\u0105. &nbsp; ROZMIAR Talia<\/p>\n<div class=\"klb-readmore post-buttons\"><a class=\"button black outline size-sm\" href=\"https:\/\/madelinefashion.pl\/en\/product\/spodnica-olowkowa-gladka-granatowa\/\">Read More <i class=\"klbth-icon-right-arrow\"><\/i><\/a><\/div>","protected":false},"featured_media":549475,"template":"","meta":[],"product_brand":[],"product_cat":[121,395],"product_tag":[],"class_list":{"0":"post-549455","1":"product","2":"type-product","3":"status-publish","4":"has-post-thumbnail","6":"product_cat-mini","7":"product_cat-nowosci","8":"pa_rozmiar-xl-42","9":"pa_rozmiar-xxl-44","10":"pa_rozmiar-xxxl-46","11":"pa_rozmiar-xxxxl-48","12":"pa_rozmiar-s-36","13":"pa_rozmiar-m-38","14":"pa_rozmiar-l-40","15":"pa_rozmiar-438","17":"first","18":"instock","19":"purchasable","20":"product-type-variable"},"_links":{"self":[{"href":"https:\/\/madelinefashion.pl\/en\/wp-json\/wp\/v2\/product\/549455","targetHints":{"allow":["GET"]}}],"collection":[{"href":"https:\/\/madelinefashion.pl\/en\/wp-json\/wp\/v2\/product"}],"about":[{"href":"https:\/\/madelinefashion.pl\/en\/wp-json\/wp\/v2\/types\/product"}],"wp:featuredmedia":[{"embeddable":true,"href":"https:\/\/madelinefashion.pl\/en\/wp-json\/wp\/v2\/media\/549475"}],"wp:attachment":[{"href":"https:\/\/madelinefashion.pl\/en\/wp-json\/wp\/v2\/media?parent=549455"}],"wp:term":[{"taxonomy":"product_brand","embeddable":true,"href":"https:\/\/madelinefashion.pl\/en\/wp-json\/wp\/v2\/product_brand?post=549455"},{"taxonomy":"product_cat","embeddable":true,"href":"https:\/\/madelinefashion.pl\/en\/wp-json\/wp\/v2\/product_cat?post=549455"},{"taxonomy":"product_tag","embeddable":true,"href":"https:\/\/madelinefashion.pl\/en\/wp-json\/wp\/v2\/product_tag?post=549455"}],"curies":[{"name":"wp","href":"https:\/\/api.w.org\/{rel}","templated":true}]}}