{"id":549505,"date":"2024-11-05T16:02:17","date_gmt":"2024-11-05T15:02:17","guid":{"rendered":"https:\/\/madelinefashion.pl\/?post_type=product&#038;p=549505"},"modified":"2026-04-20T17:52:11","modified_gmt":"2026-04-20T15:52:11","slug":"suknia-z-piorkami-melody-czarna-krotka","status":"publish","type":"product","link":"https:\/\/madelinefashion.pl\/en\/product\/suknia-z-piorkami-melody-czarna-krotka\/","title":{"rendered":"Melody Black Short Feather Dress"},"content":{"rendered":"<h3 style=\"text-align: center;\">Melody Black Short Feather Dress<\/h3>\n<p style=\"text-align: center;\"><strong>A phenomenal evening dress with feathers<\/strong> fitted with a V-neck. <strong>It looks very sensual and original.<\/strong> <span style=\"font-size: 10pt;\"> The sequin appliqu\u00e9s on the front of the dress create a unique texture, lending the entire piece a one-of-a-kind touch. The strapless dress sensually reveals the back. Carefully placed sequin appliqu\u00e9s create a one-of-a-kind effect. Additionally, feathers sewn from the waistline give the dress a unique character. This unique touch makes the dress incredibly feminine. <strong>Sequined dress with feathers and an open back<\/strong> is a choice for those who want to express their uniqueness at special events. Short, sensual length\u00a0<strong>mini<\/strong>\u00a0accentuates the legs, providing a bold yet elegant look. This is a creation for true women who want<strong> shine,<\/strong> emanating unique charm. <a href=\"https:\/\/madelinefashion.pl\/en\/sukienki-i-kombinezony\/sukienki-okolicznosciowe\/sukienki-z-piorkami\/\" rel=\" \"><strong>Evening dress with feathers<\/strong><\/a> It&#039;s synonymous with luxury and sophistication. It&#039;s perfect for elegant parties, balls, and weddings. <\/span>In our offer<b style=\"font-size: 10pt;\"> you will find both classic, simple models, as well as decorated with crystals, sequins and lace or tulle.\u00a0<\/b><span style=\"font-size: 10pt;\">In our online store you will find unique dresses at extremely affordable prices \u2013\u00a0 <strong style=\"font-size: 10pt;\">do not hesitate and choose the one that is perfect for you<\/strong>. If you can&#039;t decide which color, <strong style=\"font-size: 10pt;\">size<\/strong> is the best for you, <strong style=\"font-size: 10pt;\">contact us<\/strong> through <a style=\"font-size: 10pt;\" href=\"https:\/\/www.facebook.com\/madelinefashionbutik\" target=\"_blank\" rel=\"noopener\">Facebook<\/a> or <a style=\"font-size: 10pt;\" href=\"https:\/\/madelinefashion.pl\/en\/kontakt\/\">phone<\/a>. In the absence of a size on the site, please<strong style=\"font-size: 10pt;\"> contact<\/strong>.\u00a0<b style=\"font-size: 10pt;\"> Not sure which wedding dress to choose?<\/b>\u00a0<a style=\"font-size: 10pt; font-weight: bold;\" href=\"https:\/\/madelinefashion.pl\/en\/product-tag\/sukienka-biala\/?orderby=price-desc\">Check<\/a>which will be perfect for you!\u00a0\u00a0<\/span><\/p>\n<p>\u00a0<\/p>\n<p style=\"text-align: center;\"><span style=\"font-size: 10pt;\"><strong>\u00a0<\/strong><\/span><\/p>\n<h3 style=\"text-align: center;\">DRESS DIMENSIONS:<\/h3>\n<table width=\"556\">\n<tbody>\n<tr>\n<td><strong>SIZE<\/strong><\/td>\n<td><strong>Bust<\/strong><\/td>\n<td><strong>Waist<\/strong><\/td>\n<td><strong>Hips<\/strong><\/td>\n<\/tr>\n<tr>\n<td><strong>34<\/strong><\/td>\n<td>84-86<\/td>\n<td>64-68<\/td>\n<td>\u00a082-90<\/td>\n<\/tr>\n<tr>\n<td><strong>36<\/strong><\/td>\n<td>88-90<\/td>\n<td>68-72<\/td>\n<td>\u00a086-92<\/td>\n<\/tr>\n<tr>\n<td><strong>38<\/strong><\/td>\n<td>92-94<\/td>\n<td>72-76<\/td>\n<td>\u00a090-96<\/td>\n<\/tr>\n<tr>\n<td><strong>40<\/strong><\/td>\n<td>96-98<\/td>\n<td>76-80<\/td>\n<td>\u00a094-106<\/td>\n<\/tr>\n<\/tbody>\n<\/table>\n<p>\u00a0<\/p>\n<p style=\"text-align: center;\" align=\"center\"><span style=\"font-size: 10.0pt;\">total length approx. 95 cm (the dress can be shortened on your own)\u00a0<\/span><\/p>\n<p style=\"text-align: center;\"><span style=\"font-size: 10pt;\">The dress is also available in other colors - see our other products.<\/span><\/p>\n<p style=\"text-align: center;\"><span style=\"font-size: 10pt;\">Dimensions may slightly differ from the given +\/- 2cm.\u00a0<\/span><\/p>\n<p style=\"text-align: center;\"><span style=\"font-size: 10pt;\"><strong>\u00a0<\/strong>\u00a0<\/span><\/p>\n<table width=\"620\">\n<tbody>\n<tr>\n<td width=\"302\">Model name<\/td>\n<td width=\"302\">Melody Short Feather Dress<\/td>\n<\/tr>\n<tr>\n<td width=\"302\">Color<\/td>\n<td width=\"302\">Black<\/td>\n<\/tr>\n<tr>\n<td width=\"302\">Mark<\/td>\n<td width=\"302\">Pretty Women<\/td>\n<\/tr>\n<tr>\n<td width=\"302\">Sizes<\/td>\n<td width=\"302\">34 36 38 40<\/td>\n<\/tr>\n<tr>\n<td width=\"302\">Fashion<\/td>\n<td width=\"302\">Matching \/ fish<\/td>\n<\/tr>\n<tr>\n<td width=\"302\">Material<\/td>\n<td width=\"302\">Viscose, Polyester, Cotton<\/td>\n<\/tr>\n<tr>\n<td width=\"302\">Length<\/td>\n<td width=\"302\">Before the Knee<\/td>\n<\/tr>\n<\/tbody>\n<\/table>\n<p style=\"text-align: center;\"><span style=\"font-size: 10pt;\">\u00a0<\/span><\/p>\n<p>\u00a0<\/p>\n<p style=\"text-align: center;\"><span style=\"font-size: 10pt;\">In order to match <strong>perfect dresses<\/strong> we invite you to contact us by phone or contact us <a href=\"https:\/\/www.facebook.com\/madelinefashionbutik\" target=\"_blank\" rel=\"noopener\">Facebook<\/a> .<\/span><br \/>\n<span style=\"font-size: 10pt;\">Our team will help <strong>Choose the right one<\/strong> . <strong>We can make each dress at the request of the buyer\u00a0<\/strong><strong>measure carefully.\u00a0<\/strong><\/span><\/p>\n<div class=\"additional-details\" style=\"text-align: center;\">\n<p style=\"text-align: center;\"><span style=\"font-size: 10pt;\">\u00a0<\/span><\/p>\n<\/div>","protected":false},"excerpt":{"rendered":"<p>Suknia z Pi\u00f3rkami Melody Czarna Kr\u00f3tka Zjawiskowa sukienka wieczorowa z pi\u00f3rkami dopasowana z\u00a0 dekoltem w szpic. Wygl\u0105da bardzo zmys\u0142owo i oryginalnie. Aplikacja z przodu kreacji z cekinami tworz\u0105 unikatow\u0105 tekstur\u0119, nadaj\u0105c ca\u0142o\u015bci niepowtarzalno\u015b\u0107. Sukienka na rami\u0105czkach odkrywa zmys\u0142owo plecy. Cekinowe aplikacje starannie rozmieszczona na sukience tworz\u0105 niepowtarzalny efekt. Dodatkowo pi\u00f3ra szyte od talii nadaj\u0105 sukience<\/p>\n<div class=\"klb-readmore post-buttons\"><a class=\"button black outline size-sm\" href=\"https:\/\/madelinefashion.pl\/en\/product\/suknia-z-piorkami-melody-czarna-krotka\/\">Read More <i class=\"klbth-icon-right-arrow\"><\/i><\/a><\/div>","protected":false},"featured_media":549512,"template":"","meta":[],"product_brand":[],"product_cat":[124,395,569,562],"product_tag":[213,257,262],"class_list":{"0":"post-549505","1":"product","2":"type-product","3":"status-publish","4":"has-post-thumbnail","6":"product_cat-sukienki-okolicznosciowe","7":"product_cat-nowosci","8":"product_cat-sukienki-dopasowane","9":"product_cat-sukienki-z-piorkami","10":"product_tag-sukienka-czarna","11":"product_tag-madelinefashion","12":"product_tag-sukienki-krotkie","14":"first","15":"instock","16":"purchasable","17":"product-type-variable"},"_links":{"self":[{"href":"https:\/\/madelinefashion.pl\/en\/wp-json\/wp\/v2\/product\/549505","targetHints":{"allow":["GET"]}}],"collection":[{"href":"https:\/\/madelinefashion.pl\/en\/wp-json\/wp\/v2\/product"}],"about":[{"href":"https:\/\/madelinefashion.pl\/en\/wp-json\/wp\/v2\/types\/product"}],"wp:featuredmedia":[{"embeddable":true,"href":"https:\/\/madelinefashion.pl\/en\/wp-json\/wp\/v2\/media\/549512"}],"wp:attachment":[{"href":"https:\/\/madelinefashion.pl\/en\/wp-json\/wp\/v2\/media?parent=549505"}],"wp:term":[{"taxonomy":"product_brand","embeddable":true,"href":"https:\/\/madelinefashion.pl\/en\/wp-json\/wp\/v2\/product_brand?post=549505"},{"taxonomy":"product_cat","embeddable":true,"href":"https:\/\/madelinefashion.pl\/en\/wp-json\/wp\/v2\/product_cat?post=549505"},{"taxonomy":"product_tag","embeddable":true,"href":"https:\/\/madelinefashion.pl\/en\/wp-json\/wp\/v2\/product_tag?post=549505"}],"curies":[{"name":"wp","href":"https:\/\/api.w.org\/{rel}","templated":true}]}}