{"id":549729,"date":"2024-11-07T17:35:46","date_gmt":"2024-11-07T16:35:46","guid":{"rendered":"https:\/\/madelinefashion.pl\/?post_type=product&#038;p=549729"},"modified":"2026-04-02T13:40:04","modified_gmt":"2026-04-02T11:40:04","slug":"sukienka-z-rekawem-gloria-plus-size-butelkowa-zielen","status":"publish","type":"product","link":"https:\/\/madelinefashion.pl\/en\/product\/sukienka-z-rekawem-gloria-plus-size-butelkowa-zielen\/","title":{"rendered":"Gloria Plus Size Sleeve Dress Bottle Green"},"content":{"rendered":"<h3 style=\"text-align: center;\">Gloria Plus Size Sleeve Dress Bottle Green<\/h3>\n<p style=\"text-align: center;\"><span style=\"font-size: 10pt;\">\u00a0Beautiful long evening dress made of airy material with a slit exposing the leg. <\/span>A maxi dress with long, &quot;cracked&quot; sleeves. The back of the dress is straight and features a delicate elastic waistband. The dress is made of a delicate, flowing fabric. The hem is lined with a flowing lining. <span style=\"font-size: 10pt;\">\u00a0<strong>Madelinefashion dresses<\/strong><\/span><span style=\"font-size: 10pt;\"> is an excellent choice for a wedding, prom, New Year&#039;s Eve and other elegant special events. The V-neck Gloria dress showcases your bust beautifully If you can&#039;t decide which one <strong>size<\/strong> is the best for you, <strong>contact us<\/strong> through <a href=\"https:\/\/www.facebook.com\/madelinefashionbutik\" target=\"_blank\" rel=\"noopener\">Facebook<\/a> or <a href=\"https:\/\/madelinefashion.pl\/en\/kontakt\/\">phone<\/a>. If the size is not available on the website, please contact us.\u00a0<\/span><\/p>\n<h3 style=\"text-align: center;\">DRESS DIMENSIONS:<\/h3>\n<div class=\"additional-details\" style=\"text-align: center;\">\n<p style=\"text-align: center;\"><span style=\"font-size: 10pt;\">\u00a0<\/span><\/p>\n<table width=\"512\">\n<tbody>\n<tr>\n<td><strong>SIZE<\/strong><\/td>\n<td><strong>Bust<\/strong><\/td>\n<td><strong>Waist<\/strong><\/td>\n<td width=\"86\"><strong>Hips<\/strong><\/td>\n<\/tr>\n<tr>\n<td><strong>42<\/strong><\/td>\n<td>92-102<\/td>\n<td>80-88<\/td>\n<td width=\"86\">\u00a0any<\/td>\n<\/tr>\n<tr>\n<td><strong>44<\/strong><\/td>\n<td>96-106<\/td>\n<td>84-92<\/td>\n<td width=\"86\">\u00a0any<\/td>\n<\/tr>\n<tr>\n<td><strong>46<\/strong><\/td>\n<td>100-110<\/td>\n<td>88-98<\/td>\n<td width=\"86\">\u00a0any<\/td>\n<\/tr>\n<tr>\n<td><strong>48<\/strong><\/td>\n<td>108-118<\/td>\n<td>100-110<\/td>\n<td width=\"86\">\u00a0any<\/td>\n<\/tr>\n<\/tbody>\n<\/table>\n<p style=\"text-align: center;\"><span style=\"font-size: 10pt;\">total length approx. 160 cm <\/span><span style=\"font-size: 10.0pt;\">(the dress can be shortened on your own)\u00a0<\/span><\/p>\n<\/div>\n<p style=\"text-align: center;\"><span style=\"font-size: 10pt;\">The dress is also available in other colors - see our other products.<\/span><\/p>\n<p style=\"text-align: center;\"><span style=\"font-size: 10pt;\">Dimensions may slightly differ from the given +\/- 2cm.\u00a0<\/span><\/p>\n<p style=\"text-align: center;\"><span style=\"font-size: 10pt;\"><strong>\u00a0<\/strong>\u00a0<\/span><\/p>\n<table width=\"620\">\n<tbody>\n<tr>\n<td width=\"302\">Model name<\/td>\n<td width=\"302\">Gloria Plus Size Sleeve Dress<\/td>\n<\/tr>\n<tr>\n<td width=\"302\">Color<\/td>\n<td width=\"302\">Green<\/td>\n<\/tr>\n<tr>\n<td width=\"302\">Cleavage<\/td>\n<td width=\"302\">Style V<\/td>\n<\/tr>\n<tr>\n<td width=\"302\">Sizes<\/td>\n<td width=\"302\">42 44 46 48<\/td>\n<\/tr>\n<tr>\n<td width=\"302\">Sleeve<\/td>\n<td width=\"302\">Long<\/td>\n<\/tr>\n<tr>\n<td width=\"302\">Material<\/td>\n<td width=\"302\">Viscose, Polyester, Cotton<\/td>\n<\/tr>\n<tr>\n<td width=\"302\">Length<\/td>\n<td width=\"302\">To the ground<\/td>\n<\/tr>\n<\/tbody>\n<\/table>\n<p style=\"text-align: center;\"><span style=\"font-size: 10pt;\">\u00a0<\/span><\/p>\n<p style=\"text-align: center;\"><span style=\"font-size: 10pt;\">In order to match <strong>perfect dresses<\/strong> we invite you to contact us by phone or contact us <a href=\"https:\/\/www.facebook.com\/madelinefashionbutik\" target=\"_blank\" rel=\"noopener\">Facebook<\/a> .<\/span><br \/>\n<span style=\"font-size: 10pt;\">Our team will help <strong>Choose the right one<\/strong> . <strong>We can make each dress at the request of the buyer\u00a0<\/strong><strong>measure carefully.\u00a0<\/strong><\/span><\/p>\n<div class=\"additional-details\" style=\"text-align: center;\">\n<p style=\"text-align: center;\"><span style=\"font-size: 10pt;\">\u00a0<\/span><\/p>\n<\/div>","protected":false},"excerpt":{"rendered":"<p>Sukienka z R\u0119kawem Gloria Plus Size Butelkowa Ziele\u0144 \u00a0Pi\u0119kna d\u0142uga suknia wieczorowa ze zwiewnego materia\u0142u z rozci\u0119ciem eksponuj\u0105cym nog\u0119. Sukienka maxi z d\u0142ugim &#8221; p\u0119kni\u0119tym &#8221; r\u0119kawkiem. Ty\u0142 sukienki jest prosty w talii delikatna guma. Sukienka uszyta jest z delikatnej, zwiewnej tkaniny. D\u00f3\u0142 podszyty zwiewn\u0105 podszewk\u0105. \u00a0Sukienki Madelinefashion to doskona\u0142y wyb\u00f3r na wesele, studni\u00f3wk\u0119, sylwestra<\/p>\n<div class=\"klb-readmore post-buttons\"><a class=\"button black outline size-sm\" href=\"https:\/\/madelinefashion.pl\/en\/product\/sukienka-z-rekawem-gloria-plus-size-butelkowa-zielen\/\">Read More <i class=\"klbth-icon-right-arrow\"><\/i><\/a><\/div>","protected":false},"featured_media":549707,"template":"","meta":[],"product_brand":[],"product_cat":[124,395,564,568],"product_tag":[385,163,535],"class_list":{"0":"post-549729","1":"product","2":"type-product","3":"status-publish","4":"has-post-thumbnail","6":"product_cat-sukienki-okolicznosciowe","7":"product_cat-nowosci","8":"product_cat-sukienki-plus-size","9":"product_cat-sukienki-rozkloszowane-szyfonowe","10":"product_tag-plus-size","11":"product_tag-sukienki-dlugie","12":"product_tag-zielone-sukienki","14":"first","15":"instock","16":"purchasable","17":"product-type-variable"},"_links":{"self":[{"href":"https:\/\/madelinefashion.pl\/en\/wp-json\/wp\/v2\/product\/549729","targetHints":{"allow":["GET"]}}],"collection":[{"href":"https:\/\/madelinefashion.pl\/en\/wp-json\/wp\/v2\/product"}],"about":[{"href":"https:\/\/madelinefashion.pl\/en\/wp-json\/wp\/v2\/types\/product"}],"wp:featuredmedia":[{"embeddable":true,"href":"https:\/\/madelinefashion.pl\/en\/wp-json\/wp\/v2\/media\/549707"}],"wp:attachment":[{"href":"https:\/\/madelinefashion.pl\/en\/wp-json\/wp\/v2\/media?parent=549729"}],"wp:term":[{"taxonomy":"product_brand","embeddable":true,"href":"https:\/\/madelinefashion.pl\/en\/wp-json\/wp\/v2\/product_brand?post=549729"},{"taxonomy":"product_cat","embeddable":true,"href":"https:\/\/madelinefashion.pl\/en\/wp-json\/wp\/v2\/product_cat?post=549729"},{"taxonomy":"product_tag","embeddable":true,"href":"https:\/\/madelinefashion.pl\/en\/wp-json\/wp\/v2\/product_tag?post=549729"}],"curies":[{"name":"wp","href":"https:\/\/api.w.org\/{rel}","templated":true}]}}