{"id":551792,"date":"2024-12-02T19:55:16","date_gmt":"2024-12-02T18:55:16","guid":{"rendered":"https:\/\/madelinefashion.pl\/?post_type=product&#038;p=551792"},"modified":"2026-04-10T15:06:13","modified_gmt":"2026-04-10T13:06:13","slug":"sukienka-tiulowa-z-brokatem-na-ramiaczkach-emily-czarna","status":"publish","type":"product","link":"https:\/\/madelinefashion.pl\/en\/product\/sukienka-tiulowa-z-brokatem-na-ramiaczkach-emily-czarna\/","title":{"rendered":"Emily Black Tulle Dress with Glitter on Straps"},"content":{"rendered":"<hr \/>\n<h3 style=\"text-align: center;\">Emily Black Tulle Dress with Glitter on Straps<\/h3>\n<p style=\"text-align: center;\">Exclusive long <strong>evening dress with a tulle skirt, the whole covered with spectacular brocade.<\/strong>\u00a0<strong>It beautifully displays feminine shapes<\/strong>\u2013 The bottom of the dress is made entirely of tulle. The dress beautifully exposes the back \u2013 the neckline is V-shaped both at the front and back. The dress has sewn-in cups at the front, so you don&#039;t need to wear a bra. Made and sewn in Poland, the dress stands out. <strong>slit<\/strong> <strong>on the leg<\/strong>, which adds lightness and freedom of movement, creating an unforgettable look. Available in sizes 34, 36, and 38. The long design with straps adds elegance, while the contoured neckline sensually highlights the neck and shoulders. \u00a0\u00a0<strong>Madelinefashion dresses<\/strong> It&#039;s a perfect choice for a wedding, prom, New Year&#039;s Eve, and other elegant special occasions. <strong>Emily<\/strong> is the perfect proposition for<strong> prom, 18th birthday<\/strong>, prom or wedding. Emily with a V-neck <strong>beautifully exposes the bust<\/strong>\u00a0 If you can&#039;t decide which one <strong>size<\/strong> is the best for you, <strong>contact us<\/strong> through <a href=\"https:\/\/www.facebook.com\/madelinefashionbutik\" target=\"_blank\" rel=\"noopener\">Facebook<\/a> or <a href=\"https:\/\/madelinefashion.pl\/en\/kontakt\/\">phone<\/a>. If the size is not available on the website, please contact us.<\/p>\n<h3 style=\"text-align: center;\">DRESS DIMENSIONS:<\/h3>\n<div class=\"additional-details\" style=\"text-align: center;\">\n<table width=\"556\">\n<tbody>\n<tr>\n<td><strong>SIZE<\/strong><\/td>\n<td><strong>Bust<\/strong><\/td>\n<td><strong>Waist<\/strong><\/td>\n<td><strong>Hips<\/strong><\/td>\n<\/tr>\n<tr>\n<td><strong>34<\/strong><\/td>\n<td>84-86<\/td>\n<td>64<\/td>\n<td>\u00a0any<\/td>\n<\/tr>\n<tr>\n<td><strong>36<\/strong><\/td>\n<td>88-90<\/td>\n<td>68<\/td>\n<td>\u00a0any<\/td>\n<\/tr>\n<tr>\n<td><strong>38<\/strong><\/td>\n<td>\u00a092-94<\/td>\n<td>72<\/td>\n<td>\u00a0any<\/td>\n<\/tr>\n<\/tbody>\n<\/table>\n<\/div>\n<p style=\"text-align: center;\"><span style=\"font-size: 10pt;\">total length approx. 160 cm\u00a0<\/span><\/p>\n<p style=\"text-align: center;\"><span style=\"font-size: 10pt;\">The dress is also available in other colors - see our other products.<\/span><\/p>\n<p style=\"text-align: center;\"><span style=\"font-size: 10pt;\">Dimensions may slightly differ from the given +\/- 2cm.\u00a0<\/span><\/p>\n<p style=\"text-align: center;\"><span style=\"font-size: 10pt;\"><strong>\u00a0<\/strong>\u00a0<\/span><\/p>\n<table width=\"620\">\n<tbody>\n<tr>\n<td width=\"302\">Model name<\/td>\n<td width=\"302\">Emily Black Tulle Dress with Glitter on Straps<\/td>\n<\/tr>\n<tr>\n<td width=\"302\">Color<\/td>\n<td width=\"302\">Black<\/td>\n<\/tr>\n<tr>\n<td width=\"302\">Cleavage<\/td>\n<td width=\"302\">Style V<\/td>\n<\/tr>\n<tr>\n<td width=\"302\">Sizes<\/td>\n<td width=\"302\">34 36 38<\/td>\n<\/tr>\n<tr>\n<td width=\"302\">Sleeve<\/td>\n<td width=\"302\">With Thin Straps<\/td>\n<\/tr>\n<tr>\n<td width=\"302\">Material<\/td>\n<td width=\"302\">Viscose, Polyester, Cotton<\/td>\n<\/tr>\n<tr>\n<td width=\"302\">Length<\/td>\n<td width=\"302\">To the ground<\/td>\n<\/tr>\n<\/tbody>\n<\/table>\n<p style=\"text-align: center;\"><span style=\"font-size: 10pt;\">\u00a0<\/span><\/p>\n<p style=\"text-align: center;\"><span style=\"font-size: 10pt;\">In order to match <strong>perfect dresses<\/strong> we invite you to contact us by phone or contact us <a href=\"https:\/\/www.facebook.com\/madelinefashionbutik\" target=\"_blank\" rel=\"noopener\">Facebook<\/a> .<\/span><br \/>\n<span style=\"font-size: 10pt;\">Our team will help <strong>Choose the right one<\/strong> . <strong>We can make each dress at the request of the buyer\u00a0<\/strong><strong>measure carefully.\u00a0<\/strong><\/span><\/p>\n<div class=\"additional-details\" style=\"text-align: center;\">\n<p style=\"text-align: center;\"><span style=\"font-size: 10pt;\">\u00a0<\/span><\/p>\n<\/div>","protected":false},"excerpt":{"rendered":"<p>Sukienka Tiulowa Z Brokatem Na Rami\u0105czkach Emily Czarna Ekskluzywna d\u0142uga suknia wieczorowa z tiulowym do\u0142em, ca\u0142o\u015b\u0107 pokryta efektownym brokatem.\u00a0Pi\u0119knie eksponuje kobiece kszta\u0142ty\u2013 d\u00f3\u0142 sukienki wykonany w ca\u0142o\u015bci z tiulowego si\u0119 materia\u0142u.\u00a0\u00a0Sukienka pi\u0119knie eksponuje plecy\u00a0 \u2013 dekolt wyci\u0119ty w szpic zar\u00f3wno z przodu jak i ty\u0142u . Sukienka posiada z przodu wszyte miseczki, dzi\u0119ki czemu nie<\/p>\n<div class=\"klb-readmore post-buttons\"><a class=\"button black outline size-sm\" href=\"https:\/\/madelinefashion.pl\/en\/product\/sukienka-tiulowa-z-brokatem-na-ramiaczkach-emily-czarna\/\">Read More <i class=\"klbth-icon-right-arrow\"><\/i><\/a><\/div>","protected":false},"featured_media":583214,"template":"","meta":[],"product_brand":[],"product_cat":[124,80,395,560,692,561],"product_tag":[213,257,504,163],"class_list":{"0":"post-551792","1":"product","2":"type-product","3":"status-publish","4":"has-post-thumbnail","6":"product_cat-sukienki-okolicznosciowe","7":"product_cat-sukienki-i-kombinezony","8":"product_cat-nowosci","9":"product_cat-sukienki-brokatowe","10":"product_cat-sukienki-na-studniowke","11":"product_cat-sukienki-tiulowe","12":"product_tag-sukienka-czarna","13":"product_tag-madelinefashion","14":"product_tag-party-time","15":"product_tag-sukienki-dlugie","17":"first","18":"instock","19":"product-type-variable"},"_links":{"self":[{"href":"https:\/\/madelinefashion.pl\/en\/wp-json\/wp\/v2\/product\/551792","targetHints":{"allow":["GET"]}}],"collection":[{"href":"https:\/\/madelinefashion.pl\/en\/wp-json\/wp\/v2\/product"}],"about":[{"href":"https:\/\/madelinefashion.pl\/en\/wp-json\/wp\/v2\/types\/product"}],"wp:featuredmedia":[{"embeddable":true,"href":"https:\/\/madelinefashion.pl\/en\/wp-json\/wp\/v2\/media\/583214"}],"wp:attachment":[{"href":"https:\/\/madelinefashion.pl\/en\/wp-json\/wp\/v2\/media?parent=551792"}],"wp:term":[{"taxonomy":"product_brand","embeddable":true,"href":"https:\/\/madelinefashion.pl\/en\/wp-json\/wp\/v2\/product_brand?post=551792"},{"taxonomy":"product_cat","embeddable":true,"href":"https:\/\/madelinefashion.pl\/en\/wp-json\/wp\/v2\/product_cat?post=551792"},{"taxonomy":"product_tag","embeddable":true,"href":"https:\/\/madelinefashion.pl\/en\/wp-json\/wp\/v2\/product_tag?post=551792"}],"curies":[{"name":"wp","href":"https:\/\/api.w.org\/{rel}","templated":true}]}}