{"id":553440,"date":"2024-12-19T13:25:06","date_gmt":"2024-12-19T12:25:06","guid":{"rendered":"https:\/\/madelinefashion.pl\/?post_type=product&#038;p=553440"},"modified":"2026-04-27T15:51:47","modified_gmt":"2026-04-27T13:51:47","slug":"sukienka-cekinowa-z-trenem-pudrowy-roz-prato","status":"publish","type":"product","link":"https:\/\/madelinefashion.pl\/en\/product\/sukienka-cekinowa-z-trenem-pudrowy-roz-prato\/","title":{"rendered":"Sequin Dress with Train Powder Pink Prato"},"content":{"rendered":"<h3 style=\"text-align: center;\">Sequin Dress with Train Powder Pink Prato<\/h3>\n<p style=\"text-align: center;\">A beautiful long evening dress adorned with sequins. It beautifully highlights feminine curves. Check out our selection. <strong><a href=\"https:\/\/madelinefashion.pl\/en\/sukienki-i-kombinezony\/sukienki-okolicznosciowe\/\">evening dresses<\/a>\u00a0and select a model, <\/strong>in which you will be <strong>look like a star and stand out from the crowd. The maxi dress shimmers fabulously in the light of the lamps. <\/strong>It&#039;s impossible to ignore. The dress has sewn-in cups at the front, eliminating the need to wear a bra.\u00a0 <strong>Dress<\/strong>\u00a0available in sizes<strong>\u00a036, 38<\/strong> , <strong>40<\/strong>\u00a0 . Dresses <strong>madelinefashion<\/strong> It&#039;s a perfect choice for weddings, proms, New Year&#039;s Eve, and other elegant special occasions. Made of stretchy, sequin-embellished material, it adapts perfectly to the figure. It features delicate straps and a tapered waistline, beautifully accentuating the waist. The back beautifully highlights the back. This dress with its striking pattern is sure to attract attention \u2013 embellished with black feathers. <strong>The dress looks subtle thanks to the classic cut. <\/strong>\u00a0Available in our e-shop in several color variants, so do not hesitate and choose the one that is perfect for you. If you can&#039;t decide which color, <strong>size<\/strong> is the best for you, <strong>contact us<\/strong> through <a href=\"https:\/\/www.facebook.com\/madelinefashionbutik\" target=\"_blank\" rel=\"noopener\">Facebook<\/a> or <a href=\"https:\/\/madelinefashion.pl\/en\/kontakt\/\">phone<\/a>. If the size is not available on the website, please contact us.<\/p>\n<h3 style=\"text-align: center;\">DRESS DIMENSIONS:<\/h3>\n<table width=\"556\">\n<tbody>\n<tr>\n<td><strong>SIZE<\/strong><\/td>\n<td><strong>Bust<\/strong><\/td>\n<td><strong>Waist<\/strong><\/td>\n<td><strong>Hips<\/strong><\/td>\n<\/tr>\n<tr>\n<td><strong>36<\/strong><\/td>\n<td>88-90<\/td>\n<td>68-72<\/td>\n<td>\u00a086-92<\/td>\n<\/tr>\n<tr>\n<td><strong>38<\/strong><\/td>\n<td>92-94<\/td>\n<td>72-76<\/td>\n<td>\u00a090-96<\/td>\n<\/tr>\n<tr>\n<td><strong>40<\/strong><\/td>\n<td>96-98<\/td>\n<td>76-80<\/td>\n<td>\u00a094-106<\/td>\n<\/tr>\n<\/tbody>\n<\/table>\n<p>&nbsp;<\/p>\n<p style=\"text-align: center;\">\u00a0 total length approx. 157 cm<\/p>\n<p style=\"text-align: center;\">The dress is also available in other colors - see our other products.<\/p>\n<p style=\"text-align: center;\">Dimensions may slightly differ from the given +\/- 2cm.<\/p>\n<p style=\"text-align: center;\"><strong>\u00a0<\/strong><\/p>\n<p>&nbsp;<\/p>\n<table>\n<tbody>\n<tr>\n<td width=\"302\">Model name<\/td>\n<td width=\"302\">Sequin Dress with Train Powder Pink Prato<\/td>\n<\/tr>\n<tr>\n<td width=\"302\">Color<\/td>\n<td width=\"302\">Pink<\/td>\n<\/tr>\n<tr>\n<td width=\"302\">Mark<\/td>\n<td width=\"302\">Madelinefashion<\/td>\n<\/tr>\n<tr>\n<td width=\"302\">Sizes<\/td>\n<td width=\"302\">36 38 40<\/td>\n<\/tr>\n<tr>\n<td width=\"302\">Fashion<\/td>\n<td width=\"302\">Matched<\/td>\n<\/tr>\n<tr>\n<td width=\"302\">Material<\/td>\n<td width=\"302\">Viscose, Polyester, Cotton<\/td>\n<\/tr>\n<tr>\n<td width=\"302\">Length<\/td>\n<td width=\"302\">Maxi<\/td>\n<\/tr>\n<\/tbody>\n<\/table>\n<p>&nbsp;<\/p>\n<p style=\"text-align: center;\">In order to match\u00a0<strong>perfect dresses<\/strong>\u00a0we invite you to contact us by phone or via our facebook.<br \/>\nOur team will help\u00a0<strong>Choose the right one<\/strong>\u00a0.\u00a0<strong>We can make each dress at the request of the buyer\u00a0<\/strong><strong>measure carefully.\u00a0<\/strong><\/p>\n<div class=\"additional-details\">\n<p style=\"text-align: center;\">\n<\/div>","protected":false},"excerpt":{"rendered":"<p>Sukienka Cekinowa Z Trenem Pudrowy R\u00f3\u017c Prato Pi\u0119kna d\u0142uga suknia wieczorowa zdobiona cekinami . Pi\u0119knie eksponuje kobiece kszta\u0142ty. Zapoznaj si\u0119 z nasz\u0105 ofert\u0105 sukni wieczorowych\u00a0i wybierz model, w kt\u00f3rej b\u0119dziesz wygl\u0105da\u0107 jak gwiazda i wyr\u00f3\u017cnisz si\u0119 z t\u0142umu.\u00a0 Suknia maxi bajecznie mieni si\u0119 w \u015bwietle lamp. Nie mo\u017cna wobec niej przej\u015b\u0107 oboj\u0119tnie. Sukienka posiada z<\/p>\n<div class=\"klb-readmore post-buttons\"><a class=\"button black outline size-sm\" href=\"https:\/\/madelinefashion.pl\/en\/product\/sukienka-cekinowa-z-trenem-pudrowy-roz-prato\/\">Read More <i class=\"klbth-icon-right-arrow\"><\/i><\/a><\/div>","protected":false},"featured_media":575207,"template":"","meta":[],"product_brand":[],"product_cat":[124,395,558,569,563],"product_tag":[163,215],"class_list":{"0":"post-553440","1":"product","2":"type-product","3":"status-publish","4":"has-post-thumbnail","6":"product_cat-sukienki-okolicznosciowe","7":"product_cat-nowosci","8":"product_cat-sukienki-cekinowe","9":"product_cat-sukienki-dopasowane","10":"product_cat-sukienki-gorsetowe","11":"product_tag-sukienki-dlugie","12":"product_tag-sukienki-rozowe","14":"first","15":"instock","16":"sale","17":"purchasable","18":"product-type-variable"},"_links":{"self":[{"href":"https:\/\/madelinefashion.pl\/en\/wp-json\/wp\/v2\/product\/553440","targetHints":{"allow":["GET"]}}],"collection":[{"href":"https:\/\/madelinefashion.pl\/en\/wp-json\/wp\/v2\/product"}],"about":[{"href":"https:\/\/madelinefashion.pl\/en\/wp-json\/wp\/v2\/types\/product"}],"wp:featuredmedia":[{"embeddable":true,"href":"https:\/\/madelinefashion.pl\/en\/wp-json\/wp\/v2\/media\/575207"}],"wp:attachment":[{"href":"https:\/\/madelinefashion.pl\/en\/wp-json\/wp\/v2\/media?parent=553440"}],"wp:term":[{"taxonomy":"product_brand","embeddable":true,"href":"https:\/\/madelinefashion.pl\/en\/wp-json\/wp\/v2\/product_brand?post=553440"},{"taxonomy":"product_cat","embeddable":true,"href":"https:\/\/madelinefashion.pl\/en\/wp-json\/wp\/v2\/product_cat?post=553440"},{"taxonomy":"product_tag","embeddable":true,"href":"https:\/\/madelinefashion.pl\/en\/wp-json\/wp\/v2\/product_tag?post=553440"}],"curies":[{"name":"wp","href":"https:\/\/api.w.org\/{rel}","templated":true}]}}